{"id":7700,"date":"2025-07-03T17:04:49","date_gmt":"2025-07-03T20:04:49","guid":{"rendered":"https:\/\/livrariadocampus.com.br\/loja\/?post_type=product&#038;p=7700"},"modified":"2025-07-03T17:04:49","modified_gmt":"2025-07-03T20:04:49","slug":"medicina-intensiva-capa-dura-edicao-portugues-por-cid-marcos-davi-autor-amib-autor","status":"publish","type":"product","link":"https:\/\/livrariadocampus.com.br\/loja\/produto\/medicina-intensiva-capa-dura-edicao-portugues-por-cid-marcos-davi-autor-amib-autor\/","title":{"rendered":"Medicina Intensiva Capa dura \u2013Edi\u00e7\u00e3o Portugu\u00eas  por Cid Marcos Davi (Autor), AMIB (Autor)"},"content":{"rendered":"<p>Educar \u00e9 treinar, \u00e9 mudar e fixar conceitos. A ess\u00eancia da Medicina \u00e9 ajudar o paciente nos seus mais diversos aspectos, diminuindo a dor, na recupera\u00e7\u00e3o do paciente para uma vida \u00fatil, permitindo a sua reabilita\u00e7\u00e3o cl\u00ednica e funcional.<br \/>\n   Relatar um problema com este produto<\/p>\n","protected":false},"excerpt":{"rendered":"<p>Educar \u00e9 treinar, \u00e9 mudar e fixar conceitos. A ess\u00eancia da Medicina \u00e9 ajudar o paciente nos seus mais diversos aspectos, diminuindo a dor, na recupera\u00e7\u00e3o do paciente para uma vida \u00fatil, permitindo a sua reabilita\u00e7\u00e3o cl\u00ednica e funcional. Relatar um problema com este produto<\/p>\n","protected":false},"featured_media":7701,"template":"","meta":{"neve_meta_sidebar":"","neve_meta_container":"","neve_meta_enable_content_width":"off","neve_meta_content_width":100,"neve_meta_title_alignment":"","neve_meta_author_avatar":"","neve_post_elements_order":"","neve_meta_disable_header":"","neve_meta_disable_footer":"","neve_meta_disable_title":"","_joinchat":[]},"product_brand":[],"product_cat":[15],"product_tag":[],"class_list":{"0":"post-7700","1":"product","2":"type-product","3":"status-publish","4":"has-post-thumbnail","6":"product_cat-outros","8":"first","9":"instock","10":"sale","11":"shipping-taxable","12":"purchasable","13":"product-type-simple"},"jetpack_sharing_enabled":true,"_links":{"self":[{"href":"https:\/\/livrariadocampus.com.br\/loja\/wp-json\/wp\/v2\/product\/7700","targetHints":{"allow":["GET"]}}],"collection":[{"href":"https:\/\/livrariadocampus.com.br\/loja\/wp-json\/wp\/v2\/product"}],"about":[{"href":"https:\/\/livrariadocampus.com.br\/loja\/wp-json\/wp\/v2\/types\/product"}],"wp:featuredmedia":[{"embeddable":true,"href":"https:\/\/livrariadocampus.com.br\/loja\/wp-json\/wp\/v2\/media\/7701"}],"wp:attachment":[{"href":"https:\/\/livrariadocampus.com.br\/loja\/wp-json\/wp\/v2\/media?parent=7700"}],"wp:term":[{"taxonomy":"product_brand","embeddable":true,"href":"https:\/\/livrariadocampus.com.br\/loja\/wp-json\/wp\/v2\/product_brand?post=7700"},{"taxonomy":"product_cat","embeddable":true,"href":"https:\/\/livrariadocampus.com.br\/loja\/wp-json\/wp\/v2\/product_cat?post=7700"},{"taxonomy":"product_tag","embeddable":true,"href":"https:\/\/livrariadocampus.com.br\/loja\/wp-json\/wp\/v2\/product_tag?post=7700"}],"curies":[{"name":"wp","href":"https:\/\/api.w.org\/{rel}","templated":true}]}}