{"id":7696,"date":"2025-07-03T17:00:14","date_gmt":"2025-07-03T20:00:14","guid":{"rendered":"https:\/\/livrariadocampus.com.br\/loja\/?post_type=product&#038;p=7696"},"modified":"2025-07-03T17:00:14","modified_gmt":"2025-07-03T20:00:14","slug":"pratica-pediatrica-2a-edicao-capa-comum-edicao-portugues-por-sandra-grisi-autor","status":"publish","type":"product","link":"https:\/\/livrariadocampus.com.br\/loja\/produto\/pratica-pediatrica-2a-edicao-capa-comum-edicao-portugues-por-sandra-grisi-autor\/","title":{"rendered":"Pr\u00e1tica Pedi\u00e1trica &#8211; 2\u00aa Edi\u00e7\u00e3o Capa comum \u2013 Edi\u00e7\u00e3o Portugu\u00eas  por SANDRA GRISI (Autor)"},"content":{"rendered":"<p>O atendimento da crian\u00e7a politraumatizada \u00e9 complexo, urgente, multiprofissional e requer uma estrutura de atendimento sofisticada. Atendendo a estas necessidades, esta obra busca apresentar t\u00f3picos do trauma na crian\u00e7a. Desde os fatores que governam sua epidemiologia, os passos para a estabiliza\u00e7\u00e3o inicial, at\u00e9 a interven\u00e7\u00e3o de especialistas, a descri\u00e7\u00e3o dos procedimentos e a indica\u00e7\u00e3o e realiza\u00e7\u00e3o dos exames subsidi\u00e1rios, inclusive os de imagem, tamb\u00e9m descreve a interven\u00e7\u00e3o interdisciplinar, incluindo enfermagem, fisioterapia e psicologia e as etapas da reabilita\u00e7\u00e3o. Destaca, ainda, se\u00e7\u00f5es que se dedicam a um dos pontos mais importantes de todo o contexto &#8211; a preven\u00e7\u00e3o.<\/p>\n","protected":false},"excerpt":{"rendered":"<p>O atendimento da crian\u00e7a politraumatizada \u00e9 complexo, urgente, multiprofissional e requer uma estrutura de atendimento sofisticada. Atendendo a estas necessidades, esta obra busca apresentar t\u00f3picos do trauma na crian\u00e7a. Desde os fatores que governam sua epidemiologia, os passos para a estabiliza\u00e7\u00e3o inicial, at\u00e9 a interven\u00e7\u00e3o de especialistas, a descri\u00e7\u00e3o dos procedimentos e a indica\u00e7\u00e3o e&hellip;&nbsp;<a href=\"https:\/\/livrariadocampus.com.br\/loja\/produto\/pratica-pediatrica-2a-edicao-capa-comum-edicao-portugues-por-sandra-grisi-autor\/\" class=\"\" rel=\"bookmark\">Continue a ler &raquo;<span class=\"screen-reader-text\">Pr\u00e1tica Pedi\u00e1trica &#8211; 2\u00aa Edi\u00e7\u00e3o Capa comum \u2013 Edi\u00e7\u00e3o Portugu\u00eas  por SANDRA GRISI (Autor)<\/span><\/a><\/p>\n","protected":false},"featured_media":7697,"template":"","meta":{"neve_meta_sidebar":"","neve_meta_container":"","neve_meta_enable_content_width":"off","neve_meta_content_width":100,"neve_meta_title_alignment":"","neve_meta_author_avatar":"","neve_post_elements_order":"","neve_meta_disable_header":"","neve_meta_disable_footer":"","neve_meta_disable_title":"","_joinchat":[]},"product_brand":[],"product_cat":[15],"product_tag":[],"class_list":{"0":"post-7696","1":"product","2":"type-product","3":"status-publish","4":"has-post-thumbnail","6":"product_cat-outros","8":"first","9":"instock","10":"sale","11":"shipping-taxable","12":"purchasable","13":"product-type-simple"},"jetpack_sharing_enabled":true,"_links":{"self":[{"href":"https:\/\/livrariadocampus.com.br\/loja\/wp-json\/wp\/v2\/product\/7696","targetHints":{"allow":["GET"]}}],"collection":[{"href":"https:\/\/livrariadocampus.com.br\/loja\/wp-json\/wp\/v2\/product"}],"about":[{"href":"https:\/\/livrariadocampus.com.br\/loja\/wp-json\/wp\/v2\/types\/product"}],"wp:featuredmedia":[{"embeddable":true,"href":"https:\/\/livrariadocampus.com.br\/loja\/wp-json\/wp\/v2\/media\/7697"}],"wp:attachment":[{"href":"https:\/\/livrariadocampus.com.br\/loja\/wp-json\/wp\/v2\/media?parent=7696"}],"wp:term":[{"taxonomy":"product_brand","embeddable":true,"href":"https:\/\/livrariadocampus.com.br\/loja\/wp-json\/wp\/v2\/product_brand?post=7696"},{"taxonomy":"product_cat","embeddable":true,"href":"https:\/\/livrariadocampus.com.br\/loja\/wp-json\/wp\/v2\/product_cat?post=7696"},{"taxonomy":"product_tag","embeddable":true,"href":"https:\/\/livrariadocampus.com.br\/loja\/wp-json\/wp\/v2\/product_tag?post=7696"}],"curies":[{"name":"wp","href":"https:\/\/api.w.org\/{rel}","templated":true}]}}