{"id":7694,"date":"2025-07-03T16:58:03","date_gmt":"2025-07-03T19:58:03","guid":{"rendered":"https:\/\/livrariadocampus.com.br\/loja\/?post_type=product&#038;p=7694"},"modified":"2025-07-03T16:58:03","modified_gmt":"2025-07-03T19:58:03","slug":"ventilacion-pulmonar-mecanica-en-pediatria-capa-comum","status":"publish","type":"product","link":"https:\/\/livrariadocampus.com.br\/loja\/produto\/ventilacion-pulmonar-mecanica-en-pediatria-capa-comum\/","title":{"rendered":"Ventilaci\u00f3n Pulmonar Mec\u00e1nica en Pediatr\u00eda Capa comum"},"content":{"rendered":"<p>Edi\u00e7\u00e3o Espanhol  por Werther Brunow de Carvalho (Autor), Hassel Jimmy Jim\u00e9nez (Autor), Jorge S.Sasb\u00f3n (Autor)<br \/>\nImportante fonte de informa\u00e7\u00e3o para m\u00e9dicos voltados ao tratamento e assist\u00eancia m\u00e9dica em terapia intensiva pedi\u00e1trica. Destaque para os cap\u00edtulos que tratam sobre a entuba\u00e7\u00e3o e ventila\u00e7\u00e3o pulmonar em crian\u00e7as rec\u00e9m-nascidas e beb\u00eas e a fisioterapia respirat\u00f3ria em crian\u00e7as submetidas \u00e0 ventila\u00e7\u00e3o pulmonar mec\u00e2nica.<\/p>\n<p>   Relatar um problema com este produto<\/p>\n","protected":false},"excerpt":{"rendered":"<p>Edi\u00e7\u00e3o Espanhol por Werther Brunow de Carvalho (Autor), Hassel Jimmy Jim\u00e9nez (Autor), Jorge S.Sasb\u00f3n (Autor) Importante fonte de informa\u00e7\u00e3o para m\u00e9dicos voltados ao tratamento e assist\u00eancia m\u00e9dica em terapia intensiva pedi\u00e1trica. Destaque para os cap\u00edtulos que tratam sobre a entuba\u00e7\u00e3o e ventila\u00e7\u00e3o pulmonar em crian\u00e7as rec\u00e9m-nascidas e beb\u00eas e a fisioterapia respirat\u00f3ria em crian\u00e7as submetidas&hellip;&nbsp;<a href=\"https:\/\/livrariadocampus.com.br\/loja\/produto\/ventilacion-pulmonar-mecanica-en-pediatria-capa-comum\/\" class=\"\" rel=\"bookmark\">Continue a ler &raquo;<span class=\"screen-reader-text\">Ventilaci\u00f3n Pulmonar Mec\u00e1nica en Pediatr\u00eda Capa comum<\/span><\/a><\/p>\n","protected":false},"featured_media":7695,"template":"","meta":{"neve_meta_sidebar":"","neve_meta_container":"","neve_meta_enable_content_width":"off","neve_meta_content_width":100,"neve_meta_title_alignment":"","neve_meta_author_avatar":"","neve_post_elements_order":"","neve_meta_disable_header":"","neve_meta_disable_footer":"","neve_meta_disable_title":"","_joinchat":[]},"product_brand":[],"product_cat":[15],"product_tag":[],"class_list":{"0":"post-7694","1":"product","2":"type-product","3":"status-publish","4":"has-post-thumbnail","6":"product_cat-outros","8":"first","9":"instock","10":"sale","11":"shipping-taxable","12":"purchasable","13":"product-type-simple"},"jetpack_sharing_enabled":true,"_links":{"self":[{"href":"https:\/\/livrariadocampus.com.br\/loja\/wp-json\/wp\/v2\/product\/7694","targetHints":{"allow":["GET"]}}],"collection":[{"href":"https:\/\/livrariadocampus.com.br\/loja\/wp-json\/wp\/v2\/product"}],"about":[{"href":"https:\/\/livrariadocampus.com.br\/loja\/wp-json\/wp\/v2\/types\/product"}],"wp:featuredmedia":[{"embeddable":true,"href":"https:\/\/livrariadocampus.com.br\/loja\/wp-json\/wp\/v2\/media\/7695"}],"wp:attachment":[{"href":"https:\/\/livrariadocampus.com.br\/loja\/wp-json\/wp\/v2\/media?parent=7694"}],"wp:term":[{"taxonomy":"product_brand","embeddable":true,"href":"https:\/\/livrariadocampus.com.br\/loja\/wp-json\/wp\/v2\/product_brand?post=7694"},{"taxonomy":"product_cat","embeddable":true,"href":"https:\/\/livrariadocampus.com.br\/loja\/wp-json\/wp\/v2\/product_cat?post=7694"},{"taxonomy":"product_tag","embeddable":true,"href":"https:\/\/livrariadocampus.com.br\/loja\/wp-json\/wp\/v2\/product_tag?post=7694"}],"curies":[{"name":"wp","href":"https:\/\/api.w.org\/{rel}","templated":true}]}}