{"id":7692,"date":"2025-07-03T16:55:38","date_gmt":"2025-07-03T19:55:38","guid":{"rendered":"https:\/\/livrariadocampus.com.br\/loja\/?post_type=product&#038;p=7692"},"modified":"2025-07-03T16:55:38","modified_gmt":"2025-07-03T19:55:38","slug":"filhos-de-2-a-10-anos-de-idade-dos-pediatras-da-sociedade-brasileira-de-pediatria-para-os-pais-capa-dura","status":"publish","type":"product","link":"https:\/\/livrariadocampus.com.br\/loja\/produto\/filhos-de-2-a-10-anos-de-idade-dos-pediatras-da-sociedade-brasileira-de-pediatria-para-os-pais-capa-dura\/","title":{"rendered":"Filhos: De 2 a 10 anos de idade: Dos pediatras da Sociedade Brasileira de Pediatria para os pais Capa dura"},"content":{"rendered":"<p>Ap\u00f3s o sucesso de vendas de Filhos &#8211; da gravidez aos 2 anos de idade, a Sociedade Brasileira de Pediatria apresenta este segundo volume da s\u00e9rie Filhos. &#8211; Informa\u00e7\u00f5es fundamentais e atualizadas para voc\u00ea cuidar de seus filhos da melhor maneira, seguindo as orienta\u00e7\u00f5es dos pediatras da SBP &#8211; Din\u00e2mico e interativo &#8211; Linguagem objetiva e de f\u00e1cil compreens\u00e3o &#8211; Ideal para consultas no dia a dia &#8211; Alertas das situa\u00e7\u00f5es emergenciais &#8211; Orienta\u00e7\u00f5es sobre cuidados, alimenta\u00e7\u00e3o, seguran\u00e7a, educa\u00e7\u00e3o e brincadeiras &#8211; Guia para pais e cuidadores de crian\u00e7as com necessidades especiais &#8211; Dicas para a escolha de bab\u00e1s, creches e escolas &#8211; Calend\u00e1rio de vacinas para cada idade &#8211; Ilustrado delicadamente pela premiada artista pl\u00e1stica Suppa Este \u00e9 um livro que todos os pais precisam ter!<\/p>\n","protected":false},"excerpt":{"rendered":"<p>Ap\u00f3s o sucesso de vendas de Filhos &#8211; da gravidez aos 2 anos de idade, a Sociedade Brasileira de Pediatria apresenta este segundo volume da s\u00e9rie Filhos. &#8211; Informa\u00e7\u00f5es fundamentais e atualizadas para voc\u00ea cuidar de seus filhos da melhor maneira, seguindo as orienta\u00e7\u00f5es dos pediatras da SBP &#8211; Din\u00e2mico e interativo &#8211; Linguagem objetiva&hellip;&nbsp;<a href=\"https:\/\/livrariadocampus.com.br\/loja\/produto\/filhos-de-2-a-10-anos-de-idade-dos-pediatras-da-sociedade-brasileira-de-pediatria-para-os-pais-capa-dura\/\" class=\"\" rel=\"bookmark\">Continue a ler &raquo;<span class=\"screen-reader-text\">Filhos: De 2 a 10 anos de idade: Dos pediatras da Sociedade Brasileira de Pediatria para os pais Capa dura<\/span><\/a><\/p>\n","protected":false},"featured_media":7693,"template":"","meta":{"neve_meta_sidebar":"","neve_meta_container":"","neve_meta_enable_content_width":"off","neve_meta_content_width":100,"neve_meta_title_alignment":"","neve_meta_author_avatar":"","neve_post_elements_order":"","neve_meta_disable_header":"","neve_meta_disable_footer":"","neve_meta_disable_title":"","_joinchat":[]},"product_brand":[],"product_cat":[15],"product_tag":[],"class_list":{"0":"post-7692","1":"product","2":"type-product","3":"status-publish","4":"has-post-thumbnail","6":"product_cat-outros","8":"first","9":"instock","10":"sale","11":"shipping-taxable","12":"purchasable","13":"product-type-simple"},"jetpack_sharing_enabled":true,"_links":{"self":[{"href":"https:\/\/livrariadocampus.com.br\/loja\/wp-json\/wp\/v2\/product\/7692","targetHints":{"allow":["GET"]}}],"collection":[{"href":"https:\/\/livrariadocampus.com.br\/loja\/wp-json\/wp\/v2\/product"}],"about":[{"href":"https:\/\/livrariadocampus.com.br\/loja\/wp-json\/wp\/v2\/types\/product"}],"wp:featuredmedia":[{"embeddable":true,"href":"https:\/\/livrariadocampus.com.br\/loja\/wp-json\/wp\/v2\/media\/7693"}],"wp:attachment":[{"href":"https:\/\/livrariadocampus.com.br\/loja\/wp-json\/wp\/v2\/media?parent=7692"}],"wp:term":[{"taxonomy":"product_brand","embeddable":true,"href":"https:\/\/livrariadocampus.com.br\/loja\/wp-json\/wp\/v2\/product_brand?post=7692"},{"taxonomy":"product_cat","embeddable":true,"href":"https:\/\/livrariadocampus.com.br\/loja\/wp-json\/wp\/v2\/product_cat?post=7692"},{"taxonomy":"product_tag","embeddable":true,"href":"https:\/\/livrariadocampus.com.br\/loja\/wp-json\/wp\/v2\/product_tag?post=7692"}],"curies":[{"name":"wp","href":"https:\/\/api.w.org\/{rel}","templated":true}]}}