{"id":7690,"date":"2025-07-03T16:53:32","date_gmt":"2025-07-03T19:53:32","guid":{"rendered":"https:\/\/livrariadocampus.com.br\/loja\/?post_type=product&#038;p=7690"},"modified":"2025-07-03T16:53:32","modified_gmt":"2025-07-03T19:53:32","slug":"doencas-geneticas-em-pediatria-capa-dura-edicao-portugues-por-carakushansky-autor","status":"publish","type":"product","link":"https:\/\/livrariadocampus.com.br\/loja\/produto\/doencas-geneticas-em-pediatria-capa-dura-edicao-portugues-por-carakushansky-autor\/","title":{"rendered":"Doen\u00e7as Gen\u00e9ticas em Pediatria Capa dura \u2013 Edi\u00e7\u00e3o Portugu\u00eas  por Carakushansky (Autor)"},"content":{"rendered":"<p>&#8220;Ningu\u00e9m pode duvidar que estamos vivenciando momentos surpreendentes de descobertas revolucion\u00e1rias na \u00e1rea de Gen\u00e9tica M\u00e9dica gra\u00e7as \u00e0 conquista da tecnologia do DNA recombinante e \u00e0 consolida\u00e7\u00e3o da Gen\u00e9tica M\u00e9dica Molecular. A partir do rec\u00e9m-terminado &#8216;rascunho&#8217; do mapeamento do Genoma Humano, e quando o seq\u00fcenciamento de todos os genes tiver sido finalmente terminado, certamente ocorrer\u00e3o grandes progressos na compreens\u00e3o e na possibilidade de tratamento dos dist\u00farbios humanos heredit\u00e1rios. Os progressos nessa \u00e1rea est\u00e3o ocorrendo com uma velocidade t\u00e3o grande que, al\u00e9m da dificuldade em acompanh\u00e1-los, existe o inconveniente de os livros sofrerem uma desatualiza\u00e7\u00e3o em um prazo relativamente curto. Este livro, apesar do seu t\u00edtulo, n\u00e3o se destina exclusivamente aos pediatras ou geneticistas cl\u00ednicos. Achamos que alunos da gradua\u00e7\u00e3o e, sobretudo, da p\u00f3s-gradua\u00e7\u00e3o da \u00e1rea biom\u00e9dica, assim como profissionais das diversas \u00e1reas da sa\u00fade, tamb\u00e9m poder\u00e3o beneficiar-se das informa\u00e7\u00f5es atualizadas aqui contidas.&#8221;(O Autor)<br \/>\n   Relatar um problema com este produto<\/p>\n","protected":false},"excerpt":{"rendered":"<p>&#8220;Ningu\u00e9m pode duvidar que estamos vivenciando momentos surpreendentes de descobertas revolucion\u00e1rias na \u00e1rea de Gen\u00e9tica M\u00e9dica gra\u00e7as \u00e0 conquista da tecnologia do DNA recombinante e \u00e0 consolida\u00e7\u00e3o da Gen\u00e9tica M\u00e9dica Molecular. A partir do rec\u00e9m-terminado &#8216;rascunho&#8217; do mapeamento do Genoma Humano, e quando o seq\u00fcenciamento de todos os genes tiver sido finalmente terminado, certamente ocorrer\u00e3o&hellip;&nbsp;<a href=\"https:\/\/livrariadocampus.com.br\/loja\/produto\/doencas-geneticas-em-pediatria-capa-dura-edicao-portugues-por-carakushansky-autor\/\" class=\"\" rel=\"bookmark\">Continue a ler &raquo;<span class=\"screen-reader-text\">Doen\u00e7as Gen\u00e9ticas em Pediatria Capa dura \u2013 Edi\u00e7\u00e3o Portugu\u00eas  por Carakushansky (Autor)<\/span><\/a><\/p>\n","protected":false},"featured_media":7691,"template":"","meta":{"neve_meta_sidebar":"","neve_meta_container":"","neve_meta_enable_content_width":"off","neve_meta_content_width":100,"neve_meta_title_alignment":"","neve_meta_author_avatar":"","neve_post_elements_order":"","neve_meta_disable_header":"","neve_meta_disable_footer":"","neve_meta_disable_title":"","_joinchat":[]},"product_brand":[],"product_cat":[15],"product_tag":[],"class_list":{"0":"post-7690","1":"product","2":"type-product","3":"status-publish","4":"has-post-thumbnail","6":"product_cat-outros","8":"first","9":"instock","10":"sale","11":"shipping-taxable","12":"purchasable","13":"product-type-simple"},"jetpack_sharing_enabled":true,"_links":{"self":[{"href":"https:\/\/livrariadocampus.com.br\/loja\/wp-json\/wp\/v2\/product\/7690","targetHints":{"allow":["GET"]}}],"collection":[{"href":"https:\/\/livrariadocampus.com.br\/loja\/wp-json\/wp\/v2\/product"}],"about":[{"href":"https:\/\/livrariadocampus.com.br\/loja\/wp-json\/wp\/v2\/types\/product"}],"wp:featuredmedia":[{"embeddable":true,"href":"https:\/\/livrariadocampus.com.br\/loja\/wp-json\/wp\/v2\/media\/7691"}],"wp:attachment":[{"href":"https:\/\/livrariadocampus.com.br\/loja\/wp-json\/wp\/v2\/media?parent=7690"}],"wp:term":[{"taxonomy":"product_brand","embeddable":true,"href":"https:\/\/livrariadocampus.com.br\/loja\/wp-json\/wp\/v2\/product_brand?post=7690"},{"taxonomy":"product_cat","embeddable":true,"href":"https:\/\/livrariadocampus.com.br\/loja\/wp-json\/wp\/v2\/product_cat?post=7690"},{"taxonomy":"product_tag","embeddable":true,"href":"https:\/\/livrariadocampus.com.br\/loja\/wp-json\/wp\/v2\/product_tag?post=7690"}],"curies":[{"name":"wp","href":"https:\/\/api.w.org\/{rel}","templated":true}]}}