{"id":7686,"date":"2025-07-03T16:49:11","date_gmt":"2025-07-03T19:49:11","guid":{"rendered":"https:\/\/livrariadocampus.com.br\/loja\/?post_type=product&#038;p=7686"},"modified":"2025-07-03T16:49:11","modified_gmt":"2025-07-03T19:49:11","slug":"bularium-clinica-medica-capa-comum-edicao-portugues-por-varios-autores-autor","status":"publish","type":"product","link":"https:\/\/livrariadocampus.com.br\/loja\/produto\/bularium-clinica-medica-capa-comum-edicao-portugues-por-varios-autores-autor\/","title":{"rendered":"Bularium Cl\u00ednica M\u00e9dica Capa comum \u2013  Edi\u00e7\u00e3o Portugu\u00eas  por V\u00e1rios Autores (Autor)"},"content":{"rendered":"<p>O site Bularium foi lan\u00e7ado em 20 como uma potente ferramenta de busca e consulta de informa\u00e7\u00e3o para prescri\u00e7\u00e3o de milhares de medicamentos e rapidamente alcan\u00e7ou grande n\u00famero de acessos no Brasil, tornando-se um dos maiores portais de informa\u00e7\u00e3o para prescri\u00e7\u00e3o na Am\u00e9rica Latina e o maior do Brasil. O Bularium agora tem sua vers\u00e3o on-line estendida para a impressa. A partir de agora, \u00e9 poss\u00edvel ter uma base de consulta das cerca de tr\u00eas mil bulas presentes no site neste manual de refer\u00eancia r\u00e1pida para Cl\u00ednica M\u00e9dica, de forma mais compacta e em ordem alfab\u00e9tica, j\u00e1 que as bulas com conte\u00fado na \u00edntegra est\u00e3o dispon\u00edveis no portal. O objetivo dessa segmenta\u00e7\u00e3o \u00e9 facilitar o acesso m\u00e9dico \u00e0s informa\u00e7\u00f5es de prescri\u00e7\u00e3o para os medicamentos mais utilizados em sua pr\u00e1tica cl\u00ednica di\u00e1ria, al\u00e9m de expandir a possibilidade de busca para os locais onde o especialista estiver.<\/p>\n","protected":false},"excerpt":{"rendered":"<p>O site Bularium foi lan\u00e7ado em 20 como uma potente ferramenta de busca e consulta de informa\u00e7\u00e3o para prescri\u00e7\u00e3o de milhares de medicamentos e rapidamente alcan\u00e7ou grande n\u00famero de acessos no Brasil, tornando-se um dos maiores portais de informa\u00e7\u00e3o para prescri\u00e7\u00e3o na Am\u00e9rica Latina e o maior do Brasil. O Bularium agora tem sua vers\u00e3o&hellip;&nbsp;<a href=\"https:\/\/livrariadocampus.com.br\/loja\/produto\/bularium-clinica-medica-capa-comum-edicao-portugues-por-varios-autores-autor\/\" class=\"\" rel=\"bookmark\">Continue a ler &raquo;<span class=\"screen-reader-text\">Bularium Cl\u00ednica M\u00e9dica Capa comum \u2013  Edi\u00e7\u00e3o Portugu\u00eas  por V\u00e1rios Autores (Autor)<\/span><\/a><\/p>\n","protected":false},"featured_media":7687,"template":"","meta":{"neve_meta_sidebar":"","neve_meta_container":"","neve_meta_enable_content_width":"off","neve_meta_content_width":100,"neve_meta_title_alignment":"","neve_meta_author_avatar":"","neve_post_elements_order":"","neve_meta_disable_header":"","neve_meta_disable_footer":"","neve_meta_disable_title":"","_joinchat":[]},"product_brand":[],"product_cat":[15],"product_tag":[],"class_list":{"0":"post-7686","1":"product","2":"type-product","3":"status-publish","4":"has-post-thumbnail","6":"product_cat-outros","8":"first","9":"instock","10":"sale","11":"shipping-taxable","12":"purchasable","13":"product-type-simple"},"jetpack_sharing_enabled":true,"_links":{"self":[{"href":"https:\/\/livrariadocampus.com.br\/loja\/wp-json\/wp\/v2\/product\/7686","targetHints":{"allow":["GET"]}}],"collection":[{"href":"https:\/\/livrariadocampus.com.br\/loja\/wp-json\/wp\/v2\/product"}],"about":[{"href":"https:\/\/livrariadocampus.com.br\/loja\/wp-json\/wp\/v2\/types\/product"}],"wp:featuredmedia":[{"embeddable":true,"href":"https:\/\/livrariadocampus.com.br\/loja\/wp-json\/wp\/v2\/media\/7687"}],"wp:attachment":[{"href":"https:\/\/livrariadocampus.com.br\/loja\/wp-json\/wp\/v2\/media?parent=7686"}],"wp:term":[{"taxonomy":"product_brand","embeddable":true,"href":"https:\/\/livrariadocampus.com.br\/loja\/wp-json\/wp\/v2\/product_brand?post=7686"},{"taxonomy":"product_cat","embeddable":true,"href":"https:\/\/livrariadocampus.com.br\/loja\/wp-json\/wp\/v2\/product_cat?post=7686"},{"taxonomy":"product_tag","embeddable":true,"href":"https:\/\/livrariadocampus.com.br\/loja\/wp-json\/wp\/v2\/product_tag?post=7686"}],"curies":[{"name":"wp","href":"https:\/\/api.w.org\/{rel}","templated":true}]}}