{"id":7673,"date":"2025-07-03T16:18:01","date_gmt":"2025-07-03T19:18:01","guid":{"rendered":"https:\/\/livrariadocampus.com.br\/loja\/?post_type=product&#038;p=7673"},"modified":"2025-07-03T16:18:01","modified_gmt":"2025-07-03T19:18:01","slug":"goldman-cecil-medicine-2-volumes-capa-dura-2015-edicao-ingles-por-andrew-j-schafer-autor-lee-goldman-autor","status":"publish","type":"product","link":"https:\/\/livrariadocampus.com.br\/loja\/produto\/goldman-cecil-medicine-2-volumes-capa-dura-2015-edicao-ingles-por-andrew-j-schafer-autor-lee-goldman-autor\/","title":{"rendered":"Goldman-Cecil Medicine &#8211; 2 Volumes Capa dura \u2013  2015 Edi\u00e7\u00e3o Ingl\u00eas  por Andrew J. Schafer (Autor), Lee Goldman (Autor)"},"content":{"rendered":"<p>Since 1927, &#8220;Goldman-Cecil Medicine&#8221; has been the world&#8217;s most influential internal medicine resource. In the ground-breaking 25th edition, your original purchase ensures you will be up-to-date without the need for a subscription. Through the new, more powerful Expert Consult eBook platform, this &#8220;living text&#8221; provides continuous updates that will integrate the latest research, guidelines, and treatments into each chapter, ensuring that the content is as current as the day this edition was first published. &#8221; Goldman-Cecil Medicine&#8221; offers definitive, unbiased guidance on the evaluation and management of every medical condition, presented by a veritable &#8220;Who&#8217;s Who&#8221; of modern medicine. A practical, straightforward style; templated organization; evidence-based references; and robust interactive content combine to make this dynamic resource quite simply the fastest and best place to find all of the authoritative, state-of-the-art clinical answers you need.<\/p>\n","protected":false},"excerpt":{"rendered":"<p>Since 1927, &#8220;Goldman-Cecil Medicine&#8221; has been the world&#8217;s most influential internal medicine resource. In the ground-breaking 25th edition, your original purchase ensures you will be up-to-date without the need for a subscription. Through the new, more powerful Expert Consult eBook platform, this &#8220;living text&#8221; provides continuous updates that will integrate the latest research, guidelines, and&hellip;&nbsp;<a href=\"https:\/\/livrariadocampus.com.br\/loja\/produto\/goldman-cecil-medicine-2-volumes-capa-dura-2015-edicao-ingles-por-andrew-j-schafer-autor-lee-goldman-autor\/\" class=\"\" rel=\"bookmark\">Continue a ler &raquo;<span class=\"screen-reader-text\">Goldman-Cecil Medicine &#8211; 2 Volumes Capa dura \u2013  2015 Edi\u00e7\u00e3o Ingl\u00eas  por Andrew J. Schafer (Autor), Lee Goldman (Autor)<\/span><\/a><\/p>\n","protected":false},"featured_media":7674,"template":"","meta":{"neve_meta_sidebar":"","neve_meta_container":"","neve_meta_enable_content_width":"off","neve_meta_content_width":100,"neve_meta_title_alignment":"","neve_meta_author_avatar":"","neve_post_elements_order":"","neve_meta_disable_header":"","neve_meta_disable_footer":"","neve_meta_disable_title":"","_joinchat":[]},"product_brand":[],"product_cat":[104],"product_tag":[],"class_list":{"0":"post-7673","1":"product","2":"type-product","3":"status-publish","4":"has-post-thumbnail","6":"product_cat-clinica-medica-semiologia","8":"first","9":"instock","10":"sale","11":"shipping-taxable","12":"purchasable","13":"product-type-simple"},"jetpack_sharing_enabled":true,"_links":{"self":[{"href":"https:\/\/livrariadocampus.com.br\/loja\/wp-json\/wp\/v2\/product\/7673","targetHints":{"allow":["GET"]}}],"collection":[{"href":"https:\/\/livrariadocampus.com.br\/loja\/wp-json\/wp\/v2\/product"}],"about":[{"href":"https:\/\/livrariadocampus.com.br\/loja\/wp-json\/wp\/v2\/types\/product"}],"wp:featuredmedia":[{"embeddable":true,"href":"https:\/\/livrariadocampus.com.br\/loja\/wp-json\/wp\/v2\/media\/7674"}],"wp:attachment":[{"href":"https:\/\/livrariadocampus.com.br\/loja\/wp-json\/wp\/v2\/media?parent=7673"}],"wp:term":[{"taxonomy":"product_brand","embeddable":true,"href":"https:\/\/livrariadocampus.com.br\/loja\/wp-json\/wp\/v2\/product_brand?post=7673"},{"taxonomy":"product_cat","embeddable":true,"href":"https:\/\/livrariadocampus.com.br\/loja\/wp-json\/wp\/v2\/product_cat?post=7673"},{"taxonomy":"product_tag","embeddable":true,"href":"https:\/\/livrariadocampus.com.br\/loja\/wp-json\/wp\/v2\/product_tag?post=7673"}],"curies":[{"name":"wp","href":"https:\/\/api.w.org\/{rel}","templated":true}]}}