{"id":7666,"date":"2025-07-03T16:07:04","date_gmt":"2025-07-03T19:07:04","guid":{"rendered":"https:\/\/livrariadocampus.com.br\/loja\/?post_type=product&#038;p=7666"},"modified":"2025-07-03T16:07:04","modified_gmt":"2025-07-03T19:07:04","slug":"tratado-de-pediatria-sbp-capa-comum-edicao-portugues-por-fabio-ancona-lopez-ilustrador-dioclecio-campos-junior-ilustrador","status":"publish","type":"product","link":"https:\/\/livrariadocampus.com.br\/loja\/produto\/tratado-de-pediatria-sbp-capa-comum-edicao-portugues-por-fabio-ancona-lopez-ilustrador-dioclecio-campos-junior-ilustrador\/","title":{"rendered":"Tratado de pediatria SBP Capa comum \u2013 Edi\u00e7\u00e3o Portugu\u00eas  por Fabio Ancona Lopez (Ilustrador), Diocl\u00e9cio Campos J\u00fanior (Ilustrador)"},"content":{"rendered":"<p>A Sociedade Brasileira de Pediatria coloca \u00e0 disposi\u00e7\u00e3o dos pediatras brasileiros a \u00fanica obra feita especificamente para eles, que aborda desde a origem da pediatria, a legisla\u00e7\u00e3o e o mercado de trabalho at\u00e9 as patologias mais prevalentes no pa\u00eds.Com certeza, estudantes de medicina, residentes e pediatras de todos os pontos do pa\u00eds reconhecer\u00e3o que este \u00e9 um material de consulta obrigat\u00f3ria para o desenvolvimento de suas atividades. Acompanha o livro um CD-ROM contendo todas as fotografias coloridas dos cap\u00edtulos.A representa\u00e7\u00e3o da OPAS no Brasil reconhece a seriedade do trabalho realizado pelos departamentos cient\u00edficos da SBP consubstanciado nesta obra que h\u00e1 de prestar relevante servi\u00e7o \u00e0 causa do aprimoramento profissional dos pediatras.Dr. Hor\u00e1rio Toro &#8211; Representante da Organiza\u00e7\u00e3o Pan-americana da Sa\u00fade (OPAS) e da Organiza\u00e7\u00e3o Mundial da Sa\u00fade (OMS) no Brasil.<\/p>\n","protected":false},"excerpt":{"rendered":"<p>A Sociedade Brasileira de Pediatria coloca \u00e0 disposi\u00e7\u00e3o dos pediatras brasileiros a \u00fanica obra feita especificamente para eles, que aborda desde a origem da pediatria, a legisla\u00e7\u00e3o e o mercado de trabalho at\u00e9 as patologias mais prevalentes no pa\u00eds.Com certeza, estudantes de medicina, residentes e pediatras de todos os pontos do pa\u00eds reconhecer\u00e3o que este&hellip;&nbsp;<a href=\"https:\/\/livrariadocampus.com.br\/loja\/produto\/tratado-de-pediatria-sbp-capa-comum-edicao-portugues-por-fabio-ancona-lopez-ilustrador-dioclecio-campos-junior-ilustrador\/\" class=\"\" rel=\"bookmark\">Continue a ler &raquo;<span class=\"screen-reader-text\">Tratado de pediatria SBP Capa comum \u2013 Edi\u00e7\u00e3o Portugu\u00eas  por Fabio Ancona Lopez (Ilustrador), Diocl\u00e9cio Campos J\u00fanior (Ilustrador)<\/span><\/a><\/p>\n","protected":false},"featured_media":7667,"template":"","meta":{"neve_meta_sidebar":"","neve_meta_container":"","neve_meta_enable_content_width":"off","neve_meta_content_width":100,"neve_meta_title_alignment":"","neve_meta_author_avatar":"","neve_post_elements_order":"","neve_meta_disable_header":"","neve_meta_disable_footer":"","neve_meta_disable_title":"","_joinchat":[]},"product_brand":[],"product_cat":[56],"product_tag":[],"class_list":{"0":"post-7666","1":"product","2":"type-product","3":"status-publish","4":"has-post-thumbnail","6":"product_cat-pediatria","8":"first","9":"instock","10":"sale","11":"shipping-taxable","12":"purchasable","13":"product-type-simple"},"jetpack_sharing_enabled":true,"_links":{"self":[{"href":"https:\/\/livrariadocampus.com.br\/loja\/wp-json\/wp\/v2\/product\/7666","targetHints":{"allow":["GET"]}}],"collection":[{"href":"https:\/\/livrariadocampus.com.br\/loja\/wp-json\/wp\/v2\/product"}],"about":[{"href":"https:\/\/livrariadocampus.com.br\/loja\/wp-json\/wp\/v2\/types\/product"}],"wp:featuredmedia":[{"embeddable":true,"href":"https:\/\/livrariadocampus.com.br\/loja\/wp-json\/wp\/v2\/media\/7667"}],"wp:attachment":[{"href":"https:\/\/livrariadocampus.com.br\/loja\/wp-json\/wp\/v2\/media?parent=7666"}],"wp:term":[{"taxonomy":"product_brand","embeddable":true,"href":"https:\/\/livrariadocampus.com.br\/loja\/wp-json\/wp\/v2\/product_brand?post=7666"},{"taxonomy":"product_cat","embeddable":true,"href":"https:\/\/livrariadocampus.com.br\/loja\/wp-json\/wp\/v2\/product_cat?post=7666"},{"taxonomy":"product_tag","embeddable":true,"href":"https:\/\/livrariadocampus.com.br\/loja\/wp-json\/wp\/v2\/product_tag?post=7666"}],"curies":[{"name":"wp","href":"https:\/\/api.w.org\/{rel}","templated":true}]}}