{"id":7664,"date":"2025-07-03T16:04:18","date_gmt":"2025-07-03T19:04:18","guid":{"rendered":"https:\/\/livrariadocampus.com.br\/loja\/?post_type=product&#038;p=7664"},"modified":"2025-07-03T16:04:18","modified_gmt":"2025-07-03T19:04:18","slug":"tratado-de-pediatria-capa-comum-2021-edicao-portugues-por-sociedade-brasileira-de-pediatria-autor","status":"publish","type":"product","link":"https:\/\/livrariadocampus.com.br\/loja\/produto\/tratado-de-pediatria-capa-comum-2021-edicao-portugues-por-sociedade-brasileira-de-pediatria-autor\/","title":{"rendered":"Tratado de Pediatria Capa comum \u2013  2021 Edi\u00e7\u00e3o Portugu\u00eas  por Sociedade Brasileira de Pediatria (Autor)"},"content":{"rendered":"<p>A SBP vem ampliando suas a\u00e7\u00f5es em v\u00e1rias vertentes, sobretudo na \u00e1rea de atualiza\u00e7\u00e3o cient\u00edfica de qualidade para os pediatras brasileiros. Uma dessas iniciativas \u00e9 representada pela quinta edi\u00e7\u00e3o do Tratado de Pediatria, que foi completamente revisada e atualizada nos \u00faltimos meses com cuidado para ser entregue \u00e0queles que se incumbem de assistir \u00e0s crian\u00e7as e aos adolescentes.<\/p>\n","protected":false},"excerpt":{"rendered":"<p>A SBP vem ampliando suas a\u00e7\u00f5es em v\u00e1rias vertentes, sobretudo na \u00e1rea de atualiza\u00e7\u00e3o cient\u00edfica de qualidade para os pediatras brasileiros. Uma dessas iniciativas \u00e9 representada pela quinta edi\u00e7\u00e3o do Tratado de Pediatria, que foi completamente revisada e atualizada nos \u00faltimos meses com cuidado para ser entregue \u00e0queles que se incumbem de assistir \u00e0s crian\u00e7as&hellip;&nbsp;<a href=\"https:\/\/livrariadocampus.com.br\/loja\/produto\/tratado-de-pediatria-capa-comum-2021-edicao-portugues-por-sociedade-brasileira-de-pediatria-autor\/\" class=\"\" rel=\"bookmark\">Continue a ler &raquo;<span class=\"screen-reader-text\">Tratado de Pediatria Capa comum \u2013  2021 Edi\u00e7\u00e3o Portugu\u00eas  por Sociedade Brasileira de Pediatria (Autor)<\/span><\/a><\/p>\n","protected":false},"featured_media":7665,"template":"","meta":{"neve_meta_sidebar":"","neve_meta_container":"","neve_meta_enable_content_width":"off","neve_meta_content_width":100,"neve_meta_title_alignment":"","neve_meta_author_avatar":"","neve_post_elements_order":"","neve_meta_disable_header":"","neve_meta_disable_footer":"","neve_meta_disable_title":"","_joinchat":[]},"product_brand":[],"product_cat":[56],"product_tag":[],"class_list":{"0":"post-7664","1":"product","2":"type-product","3":"status-publish","4":"has-post-thumbnail","6":"product_cat-pediatria","8":"first","9":"instock","10":"sale","11":"shipping-taxable","12":"purchasable","13":"product-type-simple"},"jetpack_sharing_enabled":true,"_links":{"self":[{"href":"https:\/\/livrariadocampus.com.br\/loja\/wp-json\/wp\/v2\/product\/7664","targetHints":{"allow":["GET"]}}],"collection":[{"href":"https:\/\/livrariadocampus.com.br\/loja\/wp-json\/wp\/v2\/product"}],"about":[{"href":"https:\/\/livrariadocampus.com.br\/loja\/wp-json\/wp\/v2\/types\/product"}],"wp:featuredmedia":[{"embeddable":true,"href":"https:\/\/livrariadocampus.com.br\/loja\/wp-json\/wp\/v2\/media\/7665"}],"wp:attachment":[{"href":"https:\/\/livrariadocampus.com.br\/loja\/wp-json\/wp\/v2\/media?parent=7664"}],"wp:term":[{"taxonomy":"product_brand","embeddable":true,"href":"https:\/\/livrariadocampus.com.br\/loja\/wp-json\/wp\/v2\/product_brand?post=7664"},{"taxonomy":"product_cat","embeddable":true,"href":"https:\/\/livrariadocampus.com.br\/loja\/wp-json\/wp\/v2\/product_cat?post=7664"},{"taxonomy":"product_tag","embeddable":true,"href":"https:\/\/livrariadocampus.com.br\/loja\/wp-json\/wp\/v2\/product_tag?post=7664"}],"curies":[{"name":"wp","href":"https:\/\/api.w.org\/{rel}","templated":true}]}}