{"id":7656,"date":"2025-07-03T15:45:20","date_gmt":"2025-07-03T18:45:20","guid":{"rendered":"https:\/\/livrariadocampus.com.br\/loja\/?post_type=product&#038;p=7656"},"modified":"2025-07-03T15:45:20","modified_gmt":"2025-07-03T18:45:20","slug":"manual-de-medicina-de-emergencia-capa-dura-edicao-portugues-por-helio-penna-guimaraes-autor-luiz-alexandre-alegretti-borges-autor","status":"publish","type":"product","link":"https:\/\/livrariadocampus.com.br\/loja\/produto\/manual-de-medicina-de-emergencia-capa-dura-edicao-portugues-por-helio-penna-guimaraes-autor-luiz-alexandre-alegretti-borges-autor\/","title":{"rendered":"Manual de Medicina de Emerg\u00eancia Capa dura \u2013  Edi\u00e7\u00e3o Portugu\u00eas  por H\u00e9lio Penna Guimar\u00e3es (Autor), Luiz Alexandre Alegretti Borges (Autor),"},"content":{"rendered":"<p>\u00c9 Lan\u00e7ado o livro que tem apoio da associa\u00e7\u00e3o Brasileira de Medicina de Emerg\u00eancia- ABRAMEDE E do Instituto Paulista de Treinamento e Ensino &#8211; &#8216;IPATRE&#8217;. Destina-se ao titulo de especializa\u00e7\u00e3o em medicina de emerg\u00eancia &#8211; a mais nova especialidade medica do pa\u00eds<\/p>\n<p>   Relatar um problema com este produto<\/p>\n","protected":false},"excerpt":{"rendered":"<p>\u00c9 Lan\u00e7ado o livro que tem apoio da associa\u00e7\u00e3o Brasileira de Medicina de Emerg\u00eancia- ABRAMEDE E do Instituto Paulista de Treinamento e Ensino &#8211; &#8216;IPATRE&#8217;. Destina-se ao titulo de especializa\u00e7\u00e3o em medicina de emerg\u00eancia &#8211; a mais nova especialidade medica do pa\u00eds Relatar um problema com este produto<\/p>\n","protected":false},"featured_media":7657,"template":"","meta":{"neve_meta_sidebar":"","neve_meta_container":"","neve_meta_enable_content_width":"off","neve_meta_content_width":100,"neve_meta_title_alignment":"","neve_meta_author_avatar":"","neve_post_elements_order":"","neve_meta_disable_header":"","neve_meta_disable_footer":"","neve_meta_disable_title":"","_joinchat":[]},"product_brand":[],"product_cat":[54],"product_tag":[],"class_list":{"0":"post-7656","1":"product","2":"type-product","3":"status-publish","4":"has-post-thumbnail","6":"product_cat-emergencias-e-pronto-socorro","8":"first","9":"instock","10":"sale","11":"shipping-taxable","12":"purchasable","13":"product-type-simple"},"jetpack_sharing_enabled":true,"_links":{"self":[{"href":"https:\/\/livrariadocampus.com.br\/loja\/wp-json\/wp\/v2\/product\/7656","targetHints":{"allow":["GET"]}}],"collection":[{"href":"https:\/\/livrariadocampus.com.br\/loja\/wp-json\/wp\/v2\/product"}],"about":[{"href":"https:\/\/livrariadocampus.com.br\/loja\/wp-json\/wp\/v2\/types\/product"}],"wp:featuredmedia":[{"embeddable":true,"href":"https:\/\/livrariadocampus.com.br\/loja\/wp-json\/wp\/v2\/media\/7657"}],"wp:attachment":[{"href":"https:\/\/livrariadocampus.com.br\/loja\/wp-json\/wp\/v2\/media?parent=7656"}],"wp:term":[{"taxonomy":"product_brand","embeddable":true,"href":"https:\/\/livrariadocampus.com.br\/loja\/wp-json\/wp\/v2\/product_brand?post=7656"},{"taxonomy":"product_cat","embeddable":true,"href":"https:\/\/livrariadocampus.com.br\/loja\/wp-json\/wp\/v2\/product_cat?post=7656"},{"taxonomy":"product_tag","embeddable":true,"href":"https:\/\/livrariadocampus.com.br\/loja\/wp-json\/wp\/v2\/product_tag?post=7656"}],"curies":[{"name":"wp","href":"https:\/\/api.w.org\/{rel}","templated":true}]}}