{"id":7650,"date":"2025-07-03T15:30:54","date_gmt":"2025-07-03T18:30:54","guid":{"rendered":"https:\/\/livrariadocampus.com.br\/loja\/?post_type=product&#038;p=7650"},"modified":"2025-07-03T15:30:54","modified_gmt":"2025-07-03T18:30:54","slug":"afeccoes-gastrointestinais-da-crianca-e-do-adolescente-capa-dura-edicao-portugues-por-lorete-maria-da-silva-kotze-autor-dorina-barbieri-autor","status":"publish","type":"product","link":"https:\/\/livrariadocampus.com.br\/loja\/produto\/afeccoes-gastrointestinais-da-crianca-e-do-adolescente-capa-dura-edicao-portugues-por-lorete-maria-da-silva-kotze-autor-dorina-barbieri-autor\/","title":{"rendered":"Afec\u00e7\u00f5es Gastrointestinais da Crian\u00e7a e do Adolescente Capa dura \u2013  Edi\u00e7\u00e3o Portugu\u00eas  por Lorete Maria da Silva Kotze (Autor), Dorina Barbieri (Autor)"},"content":{"rendered":"<p>Com os avan\u00e7os da pesquisa biom\u00e9dica relacionados com a morfologia, bioqu\u00edmica, biologia molecular, sorologia, etc., t\u00eam sido poss\u00edveis o melhor entendimento de enfermidades conhecidas e a identifica\u00e7\u00e3o de novas doen\u00e7as. A Gastroenterologia Pedi\u00e1trica tem se beneficiado bastante destes conhecimentos para o bem-estar completo dos pacientes. Esta obra coloca o que de mais novo e importante h\u00e1 de cada assunto para a sua aplica\u00e7\u00e3o na pr\u00e1tica di\u00e1ria, tanto para estudantes como para colegas interessados.<br \/>\n   Relatar um problema com este produto<\/p>\n","protected":false},"excerpt":{"rendered":"<p>Com os avan\u00e7os da pesquisa biom\u00e9dica relacionados com a morfologia, bioqu\u00edmica, biologia molecular, sorologia, etc., t\u00eam sido poss\u00edveis o melhor entendimento de enfermidades conhecidas e a identifica\u00e7\u00e3o de novas doen\u00e7as. A Gastroenterologia Pedi\u00e1trica tem se beneficiado bastante destes conhecimentos para o bem-estar completo dos pacientes. Esta obra coloca o que de mais novo e importante&hellip;&nbsp;<a href=\"https:\/\/livrariadocampus.com.br\/loja\/produto\/afeccoes-gastrointestinais-da-crianca-e-do-adolescente-capa-dura-edicao-portugues-por-lorete-maria-da-silva-kotze-autor-dorina-barbieri-autor\/\" class=\"\" rel=\"bookmark\">Continue a ler &raquo;<span class=\"screen-reader-text\">Afec\u00e7\u00f5es Gastrointestinais da Crian\u00e7a e do Adolescente Capa dura \u2013  Edi\u00e7\u00e3o Portugu\u00eas  por Lorete Maria da Silva Kotze (Autor), Dorina Barbieri (Autor)<\/span><\/a><\/p>\n","protected":false},"featured_media":7651,"template":"","meta":{"neve_meta_sidebar":"","neve_meta_container":"","neve_meta_enable_content_width":"off","neve_meta_content_width":100,"neve_meta_title_alignment":"","neve_meta_author_avatar":"","neve_post_elements_order":"","neve_meta_disable_header":"","neve_meta_disable_footer":"","neve_meta_disable_title":"","_joinchat":[]},"product_brand":[],"product_cat":[56],"product_tag":[],"class_list":{"0":"post-7650","1":"product","2":"type-product","3":"status-publish","4":"has-post-thumbnail","6":"product_cat-pediatria","8":"first","9":"instock","10":"sale","11":"shipping-taxable","12":"purchasable","13":"product-type-simple"},"jetpack_sharing_enabled":true,"_links":{"self":[{"href":"https:\/\/livrariadocampus.com.br\/loja\/wp-json\/wp\/v2\/product\/7650","targetHints":{"allow":["GET"]}}],"collection":[{"href":"https:\/\/livrariadocampus.com.br\/loja\/wp-json\/wp\/v2\/product"}],"about":[{"href":"https:\/\/livrariadocampus.com.br\/loja\/wp-json\/wp\/v2\/types\/product"}],"wp:featuredmedia":[{"embeddable":true,"href":"https:\/\/livrariadocampus.com.br\/loja\/wp-json\/wp\/v2\/media\/7651"}],"wp:attachment":[{"href":"https:\/\/livrariadocampus.com.br\/loja\/wp-json\/wp\/v2\/media?parent=7650"}],"wp:term":[{"taxonomy":"product_brand","embeddable":true,"href":"https:\/\/livrariadocampus.com.br\/loja\/wp-json\/wp\/v2\/product_brand?post=7650"},{"taxonomy":"product_cat","embeddable":true,"href":"https:\/\/livrariadocampus.com.br\/loja\/wp-json\/wp\/v2\/product_cat?post=7650"},{"taxonomy":"product_tag","embeddable":true,"href":"https:\/\/livrariadocampus.com.br\/loja\/wp-json\/wp\/v2\/product_tag?post=7650"}],"curies":[{"name":"wp","href":"https:\/\/api.w.org\/{rel}","templated":true}]}}