{"id":7644,"date":"2025-07-03T15:18:42","date_gmt":"2025-07-03T18:18:42","guid":{"rendered":"https:\/\/livrariadocampus.com.br\/loja\/?post_type=product&#038;p=7644"},"modified":"2025-07-03T15:18:42","modified_gmt":"2025-07-03T18:18:42","slug":"interpretacao-do-ecg-serie-praxis-edicao-portugues-por-linda-s-baas-autor","status":"publish","type":"product","link":"https:\/\/livrariadocampus.com.br\/loja\/produto\/interpretacao-do-ecg-serie-praxis-edicao-portugues-por-linda-s-baas-autor\/","title":{"rendered":"Interpreta\u00e7\u00e3o Do ECG &#8211; S\u00e9rie Pr\u00e1xis  Edi\u00e7\u00e3o Portugu\u00eas  por Linda S Baas (Autor)"},"content":{"rendered":"<p>ECG na medida certa para a enfermagem!A cada dia que passa, a pr\u00e1tica cotidiana da assist\u00eancia \u00e0 sa\u00fade recebe mais suporte e mais influ\u00eancia de recursos tecnol\u00f3gicos avan\u00e7ados. Isso exige de estudantes e de profissionais um aprendizado constante.Quem deseja aplicar as melhores pr\u00e1ticas de assist\u00eancia \u00e0 sa\u00fade sabe que, para agregar valor \u00e0s habilidades adquiridas durante a forma\u00e7\u00e3o acad\u00eamica \u00e9 necess\u00e1rio aprofundar-se nos conhecimentos t\u00e9cnico-cient\u00edficos, buscando aprimorar-se constantemente, sobretudo quanto aos m\u00e9todos diagn\u00f3sticos ? dos quais um dos mais importantes \u00e9 a eletrocardiografia.<\/p>\n","protected":false},"excerpt":{"rendered":"<p>ECG na medida certa para a enfermagem!A cada dia que passa, a pr\u00e1tica cotidiana da assist\u00eancia \u00e0 sa\u00fade recebe mais suporte e mais influ\u00eancia de recursos tecnol\u00f3gicos avan\u00e7ados. Isso exige de estudantes e de profissionais um aprendizado constante.Quem deseja aplicar as melhores pr\u00e1ticas de assist\u00eancia \u00e0 sa\u00fade sabe que, para agregar valor \u00e0s habilidades adquiridas&hellip;&nbsp;<a href=\"https:\/\/livrariadocampus.com.br\/loja\/produto\/interpretacao-do-ecg-serie-praxis-edicao-portugues-por-linda-s-baas-autor\/\" class=\"\" rel=\"bookmark\">Continue a ler &raquo;<span class=\"screen-reader-text\">Interpreta\u00e7\u00e3o Do ECG &#8211; S\u00e9rie Pr\u00e1xis  Edi\u00e7\u00e3o Portugu\u00eas  por Linda S Baas (Autor)<\/span><\/a><\/p>\n","protected":false},"featured_media":7645,"template":"","meta":{"neve_meta_sidebar":"","neve_meta_container":"","neve_meta_enable_content_width":"off","neve_meta_content_width":100,"neve_meta_title_alignment":"","neve_meta_author_avatar":"","neve_post_elements_order":"","neve_meta_disable_header":"","neve_meta_disable_footer":"","neve_meta_disable_title":"","_joinchat":[]},"product_brand":[],"product_cat":[15],"product_tag":[],"class_list":{"0":"post-7644","1":"product","2":"type-product","3":"status-publish","4":"has-post-thumbnail","6":"product_cat-outros","8":"first","9":"instock","10":"sale","11":"shipping-taxable","12":"purchasable","13":"product-type-simple"},"jetpack_sharing_enabled":true,"_links":{"self":[{"href":"https:\/\/livrariadocampus.com.br\/loja\/wp-json\/wp\/v2\/product\/7644","targetHints":{"allow":["GET"]}}],"collection":[{"href":"https:\/\/livrariadocampus.com.br\/loja\/wp-json\/wp\/v2\/product"}],"about":[{"href":"https:\/\/livrariadocampus.com.br\/loja\/wp-json\/wp\/v2\/types\/product"}],"wp:featuredmedia":[{"embeddable":true,"href":"https:\/\/livrariadocampus.com.br\/loja\/wp-json\/wp\/v2\/media\/7645"}],"wp:attachment":[{"href":"https:\/\/livrariadocampus.com.br\/loja\/wp-json\/wp\/v2\/media?parent=7644"}],"wp:term":[{"taxonomy":"product_brand","embeddable":true,"href":"https:\/\/livrariadocampus.com.br\/loja\/wp-json\/wp\/v2\/product_brand?post=7644"},{"taxonomy":"product_cat","embeddable":true,"href":"https:\/\/livrariadocampus.com.br\/loja\/wp-json\/wp\/v2\/product_cat?post=7644"},{"taxonomy":"product_tag","embeddable":true,"href":"https:\/\/livrariadocampus.com.br\/loja\/wp-json\/wp\/v2\/product_tag?post=7644"}],"curies":[{"name":"wp","href":"https:\/\/api.w.org\/{rel}","templated":true}]}}