{"id":7642,"date":"2025-07-03T15:16:14","date_gmt":"2025-07-03T18:16:14","guid":{"rendered":"https:\/\/livrariadocampus.com.br\/loja\/?post_type=product&#038;p=7642"},"modified":"2025-07-03T15:16:14","modified_gmt":"2025-07-03T18:16:14","slug":"disturbio-de-voz-relacionado-ao-trabalho-praticas-fonoaudiologicas","status":"publish","type":"product","link":"https:\/\/livrariadocampus.com.br\/loja\/produto\/disturbio-de-voz-relacionado-ao-trabalho-praticas-fonoaudiologicas\/","title":{"rendered":"Dist\u00farbio de Voz Relacionado ao Trabalho &#8211; Pr\u00e1ticas Fonoaudiol\u00f3gicas"},"content":{"rendered":"<p>Este livro, por contemplar experi\u00eancias diversas de mais de 100 autores de diferentes forma\u00e7\u00f5es \u2013 fonoaudi\u00f3logos, m\u00e9dicos otorrinolaringologistas e do trabalho, professores de canto e regentes, t\u00e9cnicos de inform\u00e1tica, enfermeiros, nutricionistas, psic\u00f3logos, soci\u00f3logos e jornalistas \u2013, apresenta a\u00e7\u00f5es exitosas e desafios na atua\u00e7\u00e3o em promo\u00e7\u00e3o da sa\u00fade, preven\u00e7\u00e3o, tratamento e per\u00edcia de professores, trabalhadores em telesservi\u00e7os, atores, jornalistas, cantores e pastores. A leitura de cada um dos 36 cap\u00edtulos certamente conduzir\u00e1 \u00e0 reflex\u00e3o e \u00e0 proposta de novas possibilidades de atua\u00e7\u00e3o no tratamento de profissionais com dist\u00farbio de voz relacionado ao trabalho.<\/p>\n","protected":false},"excerpt":{"rendered":"<p>Este livro, por contemplar experi\u00eancias diversas de mais de 100 autores de diferentes forma\u00e7\u00f5es \u2013 fonoaudi\u00f3logos, m\u00e9dicos otorrinolaringologistas e do trabalho, professores de canto e regentes, t\u00e9cnicos de inform\u00e1tica, enfermeiros, nutricionistas, psic\u00f3logos, soci\u00f3logos e jornalistas \u2013, apresenta a\u00e7\u00f5es exitosas e desafios na atua\u00e7\u00e3o em promo\u00e7\u00e3o da sa\u00fade, preven\u00e7\u00e3o, tratamento e per\u00edcia de professores, trabalhadores em&hellip;&nbsp;<a href=\"https:\/\/livrariadocampus.com.br\/loja\/produto\/disturbio-de-voz-relacionado-ao-trabalho-praticas-fonoaudiologicas\/\" class=\"\" rel=\"bookmark\">Continue a ler &raquo;<span class=\"screen-reader-text\">Dist\u00farbio de Voz Relacionado ao Trabalho &#8211; Pr\u00e1ticas Fonoaudiol\u00f3gicas<\/span><\/a><\/p>\n","protected":false},"featured_media":7643,"template":"","meta":{"neve_meta_sidebar":"","neve_meta_container":"","neve_meta_enable_content_width":"off","neve_meta_content_width":100,"neve_meta_title_alignment":"","neve_meta_author_avatar":"","neve_post_elements_order":"","neve_meta_disable_header":"","neve_meta_disable_footer":"","neve_meta_disable_title":"","_joinchat":[]},"product_brand":[],"product_cat":[15],"product_tag":[],"class_list":{"0":"post-7642","1":"product","2":"type-product","3":"status-publish","4":"has-post-thumbnail","6":"product_cat-outros","8":"first","9":"instock","10":"sale","11":"sold-individually","12":"shipping-taxable","13":"purchasable","14":"product-type-simple"},"jetpack_sharing_enabled":true,"_links":{"self":[{"href":"https:\/\/livrariadocampus.com.br\/loja\/wp-json\/wp\/v2\/product\/7642","targetHints":{"allow":["GET"]}}],"collection":[{"href":"https:\/\/livrariadocampus.com.br\/loja\/wp-json\/wp\/v2\/product"}],"about":[{"href":"https:\/\/livrariadocampus.com.br\/loja\/wp-json\/wp\/v2\/types\/product"}],"wp:featuredmedia":[{"embeddable":true,"href":"https:\/\/livrariadocampus.com.br\/loja\/wp-json\/wp\/v2\/media\/7643"}],"wp:attachment":[{"href":"https:\/\/livrariadocampus.com.br\/loja\/wp-json\/wp\/v2\/media?parent=7642"}],"wp:term":[{"taxonomy":"product_brand","embeddable":true,"href":"https:\/\/livrariadocampus.com.br\/loja\/wp-json\/wp\/v2\/product_brand?post=7642"},{"taxonomy":"product_cat","embeddable":true,"href":"https:\/\/livrariadocampus.com.br\/loja\/wp-json\/wp\/v2\/product_cat?post=7642"},{"taxonomy":"product_tag","embeddable":true,"href":"https:\/\/livrariadocampus.com.br\/loja\/wp-json\/wp\/v2\/product_tag?post=7642"}],"curies":[{"name":"wp","href":"https:\/\/api.w.org\/{rel}","templated":true}]}}