{"id":7638,"date":"2025-07-02T16:57:06","date_gmt":"2025-07-02T19:57:06","guid":{"rendered":"https:\/\/livrariadocampus.com.br\/loja\/?post_type=product&#038;p=7638"},"modified":"2025-07-02T16:57:06","modified_gmt":"2025-07-02T19:57:06","slug":"um-atlas-de-diagnostico-diferencial-por-imagens-capa-comum","status":"publish","type":"product","link":"https:\/\/livrariadocampus.com.br\/loja\/produto\/um-atlas-de-diagnostico-diferencial-por-imagens-capa-comum\/","title":{"rendered":"Um Atlas de Diagnostico Diferencial por Imagens Capa comum"},"content":{"rendered":"<p>Oferece diagn\u00f3sticos diferenciais para um amplo espectro de padr\u00f5es radiol\u00f3gicos n\u00e3o apenas em radiografia convencional mas tamb\u00e9m em ultra-sonografia e tomografia computadorizada. Os conjuntos de ilustra\u00e7\u00f5es indicam as frequentes diferen\u00e7as sutis percebidas entre dist\u00farbios capazes de produzir um padr\u00e3o geral similar. As listas de diagn\u00f3sticos diferenciais foram atualizadas bem como acrescentadas novas ilustra\u00e7\u00f5es. Inclui se\u00e7\u00f5es com diagn\u00f3stico diferencial de padr\u00f5es observados \u00e0 mamografia ultra-sonografia fetal e ecocardiografia.<br \/>\n   Relatar um problema com este produto<\/p>\n","protected":false},"excerpt":{"rendered":"<p>Oferece diagn\u00f3sticos diferenciais para um amplo espectro de padr\u00f5es radiol\u00f3gicos n\u00e3o apenas em radiografia convencional mas tamb\u00e9m em ultra-sonografia e tomografia computadorizada. Os conjuntos de ilustra\u00e7\u00f5es indicam as frequentes diferen\u00e7as sutis percebidas entre dist\u00farbios capazes de produzir um padr\u00e3o geral similar. As listas de diagn\u00f3sticos diferenciais foram atualizadas bem como acrescentadas novas ilustra\u00e7\u00f5es. Inclui se\u00e7\u00f5es&hellip;&nbsp;<a href=\"https:\/\/livrariadocampus.com.br\/loja\/produto\/um-atlas-de-diagnostico-diferencial-por-imagens-capa-comum\/\" class=\"\" rel=\"bookmark\">Continue a ler &raquo;<span class=\"screen-reader-text\">Um Atlas de Diagnostico Diferencial por Imagens Capa comum<\/span><\/a><\/p>\n","protected":false},"featured_media":7639,"template":"","meta":{"neve_meta_sidebar":"","neve_meta_container":"","neve_meta_enable_content_width":"off","neve_meta_content_width":100,"neve_meta_title_alignment":"","neve_meta_author_avatar":"","neve_post_elements_order":"","neve_meta_disable_header":"","neve_meta_disable_footer":"","neve_meta_disable_title":"","_joinchat":[]},"product_brand":[],"product_cat":[206],"product_tag":[],"class_list":{"0":"post-7638","1":"product","2":"type-product","3":"status-publish","4":"has-post-thumbnail","6":"product_cat-radiologia","8":"first","9":"instock","10":"sale","11":"sold-individually","12":"shipping-taxable","13":"purchasable","14":"product-type-simple"},"jetpack_sharing_enabled":true,"_links":{"self":[{"href":"https:\/\/livrariadocampus.com.br\/loja\/wp-json\/wp\/v2\/product\/7638","targetHints":{"allow":["GET"]}}],"collection":[{"href":"https:\/\/livrariadocampus.com.br\/loja\/wp-json\/wp\/v2\/product"}],"about":[{"href":"https:\/\/livrariadocampus.com.br\/loja\/wp-json\/wp\/v2\/types\/product"}],"wp:featuredmedia":[{"embeddable":true,"href":"https:\/\/livrariadocampus.com.br\/loja\/wp-json\/wp\/v2\/media\/7639"}],"wp:attachment":[{"href":"https:\/\/livrariadocampus.com.br\/loja\/wp-json\/wp\/v2\/media?parent=7638"}],"wp:term":[{"taxonomy":"product_brand","embeddable":true,"href":"https:\/\/livrariadocampus.com.br\/loja\/wp-json\/wp\/v2\/product_brand?post=7638"},{"taxonomy":"product_cat","embeddable":true,"href":"https:\/\/livrariadocampus.com.br\/loja\/wp-json\/wp\/v2\/product_cat?post=7638"},{"taxonomy":"product_tag","embeddable":true,"href":"https:\/\/livrariadocampus.com.br\/loja\/wp-json\/wp\/v2\/product_tag?post=7638"}],"curies":[{"name":"wp","href":"https:\/\/api.w.org\/{rel}","templated":true}]}}