{"id":7636,"date":"2025-07-02T16:52:45","date_gmt":"2025-07-02T19:52:45","guid":{"rendered":"https:\/\/livrariadocampus.com.br\/loja\/?post_type=product&#038;p=7636"},"modified":"2025-07-02T16:52:45","modified_gmt":"2025-07-02T19:52:45","slug":"cardiologia-atualizacao-e-reciclagem-capa-dura","status":"publish","type":"product","link":"https:\/\/livrariadocampus.com.br\/loja\/produto\/cardiologia-atualizacao-e-reciclagem-capa-dura\/","title":{"rendered":"Cardiologia: Atualiza\u00e7\u00e3o e Reciclagem Capa dura \u2013"},"content":{"rendered":"<p>O livro que complementa o curso nacional de reciclagem da SOCESP Indispens\u00e1vel para obten\u00e7\u00e3o do t\u00edtulo de especialista em cardiologia.<\/p>\n<p>Publico leitor: cardiologistas, cl\u00ednicos \u2013 voltados para atualiza\u00e7\u00e3o e reciclagem de seus conhecimentos, residentes em cardiologia e cl\u00ednica m\u00e9dica, candidatos ao t\u00edtulo de especialista em cardiologia.<\/p>\n<p>   Relatar um problema com este produto<\/p>\n","protected":false},"excerpt":{"rendered":"<p>O livro que complementa o curso nacional de reciclagem da SOCESP Indispens\u00e1vel para obten\u00e7\u00e3o do t\u00edtulo de especialista em cardiologia. Publico leitor: cardiologistas, cl\u00ednicos \u2013 voltados para atualiza\u00e7\u00e3o e reciclagem de seus conhecimentos, residentes em cardiologia e cl\u00ednica m\u00e9dica, candidatos ao t\u00edtulo de especialista em cardiologia. Relatar um problema com este produto<\/p>\n","protected":false},"featured_media":7637,"template":"","meta":{"neve_meta_sidebar":"","neve_meta_container":"","neve_meta_enable_content_width":"off","neve_meta_content_width":100,"neve_meta_title_alignment":"","neve_meta_author_avatar":"","neve_post_elements_order":"","neve_meta_disable_header":"","neve_meta_disable_footer":"","neve_meta_disable_title":"","_joinchat":[]},"product_brand":[],"product_cat":[65],"product_tag":[],"class_list":{"0":"post-7636","1":"product","2":"type-product","3":"status-publish","4":"has-post-thumbnail","6":"product_cat-cardiologia","8":"first","9":"instock","10":"sale","11":"shipping-taxable","12":"purchasable","13":"product-type-simple"},"jetpack_sharing_enabled":true,"_links":{"self":[{"href":"https:\/\/livrariadocampus.com.br\/loja\/wp-json\/wp\/v2\/product\/7636","targetHints":{"allow":["GET"]}}],"collection":[{"href":"https:\/\/livrariadocampus.com.br\/loja\/wp-json\/wp\/v2\/product"}],"about":[{"href":"https:\/\/livrariadocampus.com.br\/loja\/wp-json\/wp\/v2\/types\/product"}],"wp:featuredmedia":[{"embeddable":true,"href":"https:\/\/livrariadocampus.com.br\/loja\/wp-json\/wp\/v2\/media\/7637"}],"wp:attachment":[{"href":"https:\/\/livrariadocampus.com.br\/loja\/wp-json\/wp\/v2\/media?parent=7636"}],"wp:term":[{"taxonomy":"product_brand","embeddable":true,"href":"https:\/\/livrariadocampus.com.br\/loja\/wp-json\/wp\/v2\/product_brand?post=7636"},{"taxonomy":"product_cat","embeddable":true,"href":"https:\/\/livrariadocampus.com.br\/loja\/wp-json\/wp\/v2\/product_cat?post=7636"},{"taxonomy":"product_tag","embeddable":true,"href":"https:\/\/livrariadocampus.com.br\/loja\/wp-json\/wp\/v2\/product_tag?post=7636"}],"curies":[{"name":"wp","href":"https:\/\/api.w.org\/{rel}","templated":true}]}}