{"id":7632,"date":"2025-07-02T16:15:27","date_gmt":"2025-07-02T19:15:27","guid":{"rendered":"https:\/\/livrariadocampus.com.br\/loja\/?post_type=product&#038;p=7632"},"modified":"2025-07-02T16:15:27","modified_gmt":"2025-07-02T19:15:27","slug":"ecocardiografia-de-estresse-e-contraste-capa-dura-7-abril-2015","status":"publish","type":"product","link":"https:\/\/livrariadocampus.com.br\/loja\/produto\/ecocardiografia-de-estresse-e-contraste-capa-dura-7-abril-2015\/","title":{"rendered":"Ecocardiografia de Estresse e Contraste Capa dura \u2013 7 abril 2015"},"content":{"rendered":"<p>A segunda edi\u00e7\u00e3o da primeira obra brasileira sobre Ecocardiografia de Estresse e Contraste aborda e atualiza os diversos t\u00f3picos do tema em seus amplos horizontes, de forma detalhada concisa e did\u00e1tica. Combina extensa revis\u00e3o bibliogr\u00e1fica \u00e0 experi\u00eancia pessoal de profissionais com grande express\u00e3o na cardiologia e na ecocardiografia, tornando-se imprescind\u00edvel tanto para m\u00e9dicos da \u00e1rea quanto para estudantes e residentes. Tem como objetivo tornar o aprendizado ainda mais eficiente e interativo, apresentando tamb\u00e9m um DVD de casos cl\u00ednicos e clipes de casos t\u00edpicos e dif\u00edceis das situa\u00e7\u00f5es encontradas no cotidiano do profissional que pratica o m\u00e9todo no laborat\u00f3rio de ecocardiografia.<br \/>\n   Relatar um problema com este produ<\/p>\n","protected":false},"excerpt":{"rendered":"<p>A segunda edi\u00e7\u00e3o da primeira obra brasileira sobre Ecocardiografia de Estresse e Contraste aborda e atualiza os diversos t\u00f3picos do tema em seus amplos horizontes, de forma detalhada concisa e did\u00e1tica. Combina extensa revis\u00e3o bibliogr\u00e1fica \u00e0 experi\u00eancia pessoal de profissionais com grande express\u00e3o na cardiologia e na ecocardiografia, tornando-se imprescind\u00edvel tanto para m\u00e9dicos da \u00e1rea&hellip;&nbsp;<a href=\"https:\/\/livrariadocampus.com.br\/loja\/produto\/ecocardiografia-de-estresse-e-contraste-capa-dura-7-abril-2015\/\" class=\"\" rel=\"bookmark\">Continue a ler &raquo;<span class=\"screen-reader-text\">Ecocardiografia de Estresse e Contraste Capa dura \u2013 7 abril 2015<\/span><\/a><\/p>\n","protected":false},"featured_media":7633,"template":"","meta":{"neve_meta_sidebar":"","neve_meta_container":"","neve_meta_enable_content_width":"off","neve_meta_content_width":100,"neve_meta_title_alignment":"","neve_meta_author_avatar":"","neve_post_elements_order":"","neve_meta_disable_header":"","neve_meta_disable_footer":"","neve_meta_disable_title":"","_joinchat":[]},"product_brand":[],"product_cat":[65],"product_tag":[],"class_list":{"0":"post-7632","1":"product","2":"type-product","3":"status-publish","4":"has-post-thumbnail","6":"product_cat-cardiologia","8":"first","9":"instock","10":"sale","11":"sold-individually","12":"shipping-taxable","13":"purchasable","14":"product-type-simple"},"jetpack_sharing_enabled":true,"_links":{"self":[{"href":"https:\/\/livrariadocampus.com.br\/loja\/wp-json\/wp\/v2\/product\/7632","targetHints":{"allow":["GET"]}}],"collection":[{"href":"https:\/\/livrariadocampus.com.br\/loja\/wp-json\/wp\/v2\/product"}],"about":[{"href":"https:\/\/livrariadocampus.com.br\/loja\/wp-json\/wp\/v2\/types\/product"}],"wp:featuredmedia":[{"embeddable":true,"href":"https:\/\/livrariadocampus.com.br\/loja\/wp-json\/wp\/v2\/media\/7633"}],"wp:attachment":[{"href":"https:\/\/livrariadocampus.com.br\/loja\/wp-json\/wp\/v2\/media?parent=7632"}],"wp:term":[{"taxonomy":"product_brand","embeddable":true,"href":"https:\/\/livrariadocampus.com.br\/loja\/wp-json\/wp\/v2\/product_brand?post=7632"},{"taxonomy":"product_cat","embeddable":true,"href":"https:\/\/livrariadocampus.com.br\/loja\/wp-json\/wp\/v2\/product_cat?post=7632"},{"taxonomy":"product_tag","embeddable":true,"href":"https:\/\/livrariadocampus.com.br\/loja\/wp-json\/wp\/v2\/product_tag?post=7632"}],"curies":[{"name":"wp","href":"https:\/\/api.w.org\/{rel}","templated":true}]}}