{"id":7630,"date":"2025-07-02T16:02:29","date_gmt":"2025-07-02T19:02:29","guid":{"rendered":"https:\/\/livrariadocampus.com.br\/loja\/?post_type=product&#038;p=7630"},"modified":"2025-07-02T16:02:29","modified_gmt":"2025-07-02T19:02:29","slug":"farmacologia-cardiovascular","status":"publish","type":"product","link":"https:\/\/livrariadocampus.com.br\/loja\/produto\/farmacologia-cardiovascular\/","title":{"rendered":"Farmacologia Cardiovascular"},"content":{"rendered":"<p>Uma abordagem dos mais recentes avan\u00e7os em farmacologia cardiovascular, acompanhada da observa\u00e7\u00e3o de temas habitualmente n\u00e3o discutidos, s\u00e3o os pontos fortes do livro Farmacologia Cardiovascular, organizado pelo renomado cardiologista Ant\u00f4nio Alves de Couto.<br \/>\nCompleta e ilustrada, a obra visa ajudar os profissionais a medicar seus pacientes da maneira mais conveniente, alterando a morbimortalidade das doen\u00e7as.<br \/>\nOs 38 cap\u00edtulos abordam temas como as bases cl\u00ednicas da farmacologia, terapia g\u00eanica, digit\u00e1licos, diur\u00e9ticos, betabloqueadores, anti-hipertensivos, intera\u00e7\u00f5es medicamentosas, entre outros, al\u00e9m de se\u00e7\u00f5es de perguntas e respostas que auxiliam a melhor compreender as doen\u00e7as e as terap\u00eauticas<br \/>\n   Relatar um problema com este produto<\/p>\n","protected":false},"excerpt":{"rendered":"<p>Uma abordagem dos mais recentes avan\u00e7os em farmacologia cardiovascular, acompanhada da observa\u00e7\u00e3o de temas habitualmente n\u00e3o discutidos, s\u00e3o os pontos fortes do livro Farmacologia Cardiovascular, organizado pelo renomado cardiologista Ant\u00f4nio Alves de Couto. Completa e ilustrada, a obra visa ajudar os profissionais a medicar seus pacientes da maneira mais conveniente, alterando a morbimortalidade das doen\u00e7as.&hellip;&nbsp;<a href=\"https:\/\/livrariadocampus.com.br\/loja\/produto\/farmacologia-cardiovascular\/\" class=\"\" rel=\"bookmark\">Continue a ler &raquo;<span class=\"screen-reader-text\">Farmacologia Cardiovascular<\/span><\/a><\/p>\n","protected":false},"featured_media":7631,"template":"","meta":{"neve_meta_sidebar":"","neve_meta_container":"","neve_meta_enable_content_width":"off","neve_meta_content_width":100,"neve_meta_title_alignment":"","neve_meta_author_avatar":"","neve_post_elements_order":"","neve_meta_disable_header":"","neve_meta_disable_footer":"","neve_meta_disable_title":"","_joinchat":[]},"product_brand":[],"product_cat":[65],"product_tag":[],"class_list":{"0":"post-7630","1":"product","2":"type-product","3":"status-publish","4":"has-post-thumbnail","6":"product_cat-cardiologia","8":"first","9":"instock","10":"sale","11":"sold-individually","12":"shipping-taxable","13":"purchasable","14":"product-type-simple"},"jetpack_sharing_enabled":true,"_links":{"self":[{"href":"https:\/\/livrariadocampus.com.br\/loja\/wp-json\/wp\/v2\/product\/7630","targetHints":{"allow":["GET"]}}],"collection":[{"href":"https:\/\/livrariadocampus.com.br\/loja\/wp-json\/wp\/v2\/product"}],"about":[{"href":"https:\/\/livrariadocampus.com.br\/loja\/wp-json\/wp\/v2\/types\/product"}],"wp:featuredmedia":[{"embeddable":true,"href":"https:\/\/livrariadocampus.com.br\/loja\/wp-json\/wp\/v2\/media\/7631"}],"wp:attachment":[{"href":"https:\/\/livrariadocampus.com.br\/loja\/wp-json\/wp\/v2\/media?parent=7630"}],"wp:term":[{"taxonomy":"product_brand","embeddable":true,"href":"https:\/\/livrariadocampus.com.br\/loja\/wp-json\/wp\/v2\/product_brand?post=7630"},{"taxonomy":"product_cat","embeddable":true,"href":"https:\/\/livrariadocampus.com.br\/loja\/wp-json\/wp\/v2\/product_cat?post=7630"},{"taxonomy":"product_tag","embeddable":true,"href":"https:\/\/livrariadocampus.com.br\/loja\/wp-json\/wp\/v2\/product_tag?post=7630"}],"curies":[{"name":"wp","href":"https:\/\/api.w.org\/{rel}","templated":true}]}}