{"id":7626,"date":"2025-07-02T15:53:51","date_gmt":"2025-07-02T18:53:51","guid":{"rendered":"https:\/\/livrariadocampus.com.br\/loja\/?post_type=product&#038;p=7626"},"modified":"2025-07-02T15:53:51","modified_gmt":"2025-07-02T18:53:51","slug":"cirurgia-da-insuficiencia-cardiaca-grave-capa-comu","status":"publish","type":"product","link":"https:\/\/livrariadocampus.com.br\/loja\/produto\/cirurgia-da-insuficiencia-cardiaca-grave-capa-comu\/","title":{"rendered":"Cirurgia da Insufici\u00eancia Card\u00edaca Grave Capa comu"},"content":{"rendered":"<p>A insufici\u00eancia card\u00edaca grave sempre foi uma s\u00e9ria preocupa\u00e7\u00e3o para cardiologistas e cirurgi\u00f5es card\u00edacos. Tal a dificuldade de seu manuseio que seu estudo via-se limitado aos aspectos hemodin\u00e2micos e funcionais, sem qualquer perspectiva de a\u00e7\u00f5es pr\u00e1ticas e terapeuticamente eficazes Cirurgia da Insufici\u00eancia Card\u00edaca Grave procura discutir a experi\u00eancia mundial e particularmente do Instituto de Investiga\u00e7\u00e3o em Ci\u00eancias B\u00e1sicas da conhecida Universidade Favaloro de Buenos Aires, sobre t\u00e3o cr\u00edtico tema. Seus autores, todos de not\u00e1vel conhecimento em suas \u00e1reas de atividade, integram centros e institui\u00e7\u00f5es m\u00e9dicas de refer\u00eancia, tais como: o Instituto do Cora\u00e7\u00e3o, INCOR, da Universidade de S\u00e3o Paulo, a Universidade do Arizona, a Cl\u00ednica Universit\u00e1ria de Navarra e a Universidade Favaloro. \u00c9 livro atual, cuja contribui\u00e7\u00e3o abalizada de seus autores o tornar\u00e1 de leitura e consulta indispens\u00e1veis para todo cardiologista e cirurgi\u00e3o card\u00edaco interessado no aprimoramento de seus estudos e na qualidade de seu atendimento profissional.<\/p>\n","protected":false},"excerpt":{"rendered":"<p>A insufici\u00eancia card\u00edaca grave sempre foi uma s\u00e9ria preocupa\u00e7\u00e3o para cardiologistas e cirurgi\u00f5es card\u00edacos. Tal a dificuldade de seu manuseio que seu estudo via-se limitado aos aspectos hemodin\u00e2micos e funcionais, sem qualquer perspectiva de a\u00e7\u00f5es pr\u00e1ticas e terapeuticamente eficazes Cirurgia da Insufici\u00eancia Card\u00edaca Grave procura discutir a experi\u00eancia mundial e particularmente do Instituto de Investiga\u00e7\u00e3o&hellip;&nbsp;<a href=\"https:\/\/livrariadocampus.com.br\/loja\/produto\/cirurgia-da-insuficiencia-cardiaca-grave-capa-comu\/\" class=\"\" rel=\"bookmark\">Continue a ler &raquo;<span class=\"screen-reader-text\">Cirurgia da Insufici\u00eancia Card\u00edaca Grave Capa comu<\/span><\/a><\/p>\n","protected":false},"featured_media":7627,"template":"","meta":{"neve_meta_sidebar":"","neve_meta_container":"","neve_meta_enable_content_width":"off","neve_meta_content_width":100,"neve_meta_title_alignment":"","neve_meta_author_avatar":"","neve_post_elements_order":"","neve_meta_disable_header":"","neve_meta_disable_footer":"","neve_meta_disable_title":"","_joinchat":[]},"product_brand":[],"product_cat":[65],"product_tag":[],"class_list":{"0":"post-7626","1":"product","2":"type-product","3":"status-publish","4":"has-post-thumbnail","6":"product_cat-cardiologia","8":"first","9":"instock","10":"sale","11":"sold-individually","12":"shipping-taxable","13":"purchasable","14":"product-type-simple"},"jetpack_sharing_enabled":true,"_links":{"self":[{"href":"https:\/\/livrariadocampus.com.br\/loja\/wp-json\/wp\/v2\/product\/7626","targetHints":{"allow":["GET"]}}],"collection":[{"href":"https:\/\/livrariadocampus.com.br\/loja\/wp-json\/wp\/v2\/product"}],"about":[{"href":"https:\/\/livrariadocampus.com.br\/loja\/wp-json\/wp\/v2\/types\/product"}],"wp:featuredmedia":[{"embeddable":true,"href":"https:\/\/livrariadocampus.com.br\/loja\/wp-json\/wp\/v2\/media\/7627"}],"wp:attachment":[{"href":"https:\/\/livrariadocampus.com.br\/loja\/wp-json\/wp\/v2\/media?parent=7626"}],"wp:term":[{"taxonomy":"product_brand","embeddable":true,"href":"https:\/\/livrariadocampus.com.br\/loja\/wp-json\/wp\/v2\/product_brand?post=7626"},{"taxonomy":"product_cat","embeddable":true,"href":"https:\/\/livrariadocampus.com.br\/loja\/wp-json\/wp\/v2\/product_cat?post=7626"},{"taxonomy":"product_tag","embeddable":true,"href":"https:\/\/livrariadocampus.com.br\/loja\/wp-json\/wp\/v2\/product_tag?post=7626"}],"curies":[{"name":"wp","href":"https:\/\/api.w.org\/{rel}","templated":true}]}}