{"id":7622,"date":"2025-07-02T15:32:54","date_gmt":"2025-07-02T18:32:54","guid":{"rendered":"https:\/\/livrariadocampus.com.br\/loja\/?post_type=product&#038;p=7622"},"modified":"2025-07-02T15:32:54","modified_gmt":"2025-07-02T18:32:54","slug":"the-washington-manual-serie-consultas-cardiologia","status":"publish","type":"product","link":"https:\/\/livrariadocampus.com.br\/loja\/produto\/the-washington-manual-serie-consultas-cardiologia\/","title":{"rendered":"The Washington Manual S\u00e9rie Consultas. Cardiologia"},"content":{"rendered":"<p>A forma como o material \u00e9 apresentado coloca este texto entre os melhores manuais para o internista cl\u00ednico para o residente em cardiologia para o estudante de medicina j\u00fanior ou s\u00eanior no servi\u00e7o de cardiologia ou para os estudantes interessados em cardiologia do 1.\u00ba e do 2.\u00ba anos de medicina. O conte\u00fado deste livro foi discutido e editado por um fellow em cardiologia escrito por residentes interessados e revisado por cardiologistas assistentes. A exposi\u00e7\u00e3o do material encerra um objetivo singular: transmitir conceitos de fisiopatologia diagn\u00f3stico e tratamento de forma pragm\u00e1tica.<\/p>\n<p>   Relatar um problema com este produto<\/p>\n","protected":false},"excerpt":{"rendered":"<p>A forma como o material \u00e9 apresentado coloca este texto entre os melhores manuais para o internista cl\u00ednico para o residente em cardiologia para o estudante de medicina j\u00fanior ou s\u00eanior no servi\u00e7o de cardiologia ou para os estudantes interessados em cardiologia do 1.\u00ba e do 2.\u00ba anos de medicina. O conte\u00fado deste livro foi&hellip;&nbsp;<a href=\"https:\/\/livrariadocampus.com.br\/loja\/produto\/the-washington-manual-serie-consultas-cardiologia\/\" class=\"\" rel=\"bookmark\">Continue a ler &raquo;<span class=\"screen-reader-text\">The Washington Manual S\u00e9rie Consultas. Cardiologia<\/span><\/a><\/p>\n","protected":false},"featured_media":7623,"template":"","meta":{"neve_meta_sidebar":"","neve_meta_container":"","neve_meta_enable_content_width":"off","neve_meta_content_width":100,"neve_meta_title_alignment":"","neve_meta_author_avatar":"","neve_post_elements_order":"","neve_meta_disable_header":"","neve_meta_disable_footer":"","neve_meta_disable_title":"","_joinchat":[]},"product_brand":[],"product_cat":[65],"product_tag":[],"class_list":{"0":"post-7622","1":"product","2":"type-product","3":"status-publish","4":"has-post-thumbnail","6":"product_cat-cardiologia","8":"first","9":"instock","10":"sale","11":"shipping-taxable","12":"purchasable","13":"product-type-simple"},"jetpack_sharing_enabled":true,"_links":{"self":[{"href":"https:\/\/livrariadocampus.com.br\/loja\/wp-json\/wp\/v2\/product\/7622","targetHints":{"allow":["GET"]}}],"collection":[{"href":"https:\/\/livrariadocampus.com.br\/loja\/wp-json\/wp\/v2\/product"}],"about":[{"href":"https:\/\/livrariadocampus.com.br\/loja\/wp-json\/wp\/v2\/types\/product"}],"wp:featuredmedia":[{"embeddable":true,"href":"https:\/\/livrariadocampus.com.br\/loja\/wp-json\/wp\/v2\/media\/7623"}],"wp:attachment":[{"href":"https:\/\/livrariadocampus.com.br\/loja\/wp-json\/wp\/v2\/media?parent=7622"}],"wp:term":[{"taxonomy":"product_brand","embeddable":true,"href":"https:\/\/livrariadocampus.com.br\/loja\/wp-json\/wp\/v2\/product_brand?post=7622"},{"taxonomy":"product_cat","embeddable":true,"href":"https:\/\/livrariadocampus.com.br\/loja\/wp-json\/wp\/v2\/product_cat?post=7622"},{"taxonomy":"product_tag","embeddable":true,"href":"https:\/\/livrariadocampus.com.br\/loja\/wp-json\/wp\/v2\/product_tag?post=7622"}],"curies":[{"name":"wp","href":"https:\/\/api.w.org\/{rel}","templated":true}]}}