{"id":7620,"date":"2025-07-02T15:29:21","date_gmt":"2025-07-02T18:29:21","guid":{"rendered":"https:\/\/livrariadocampus.com.br\/loja\/?post_type=product&#038;p=7620"},"modified":"2025-07-02T15:29:21","modified_gmt":"2025-07-02T18:29:21","slug":"cardiopatias-avaliacao-e-intervencao-em-enfermagem-capa-comum","status":"publish","type":"product","link":"https:\/\/livrariadocampus.com.br\/loja\/produto\/cardiopatias-avaliacao-e-intervencao-em-enfermagem-capa-comum\/","title":{"rendered":"Cardiopatias. Avalia\u00e7\u00e3o e Interven\u00e7\u00e3o em Enfermagem Capa comum \u2013"},"content":{"rendered":"","protected":false},"excerpt":{"rendered":"","protected":false},"featured_media":7621,"template":"","meta":{"neve_meta_sidebar":"","neve_meta_container":"","neve_meta_enable_content_width":"off","neve_meta_content_width":100,"neve_meta_title_alignment":"","neve_meta_author_avatar":"","neve_post_elements_order":"","neve_meta_disable_header":"","neve_meta_disable_footer":"","neve_meta_disable_title":"","_joinchat":[]},"product_brand":[],"product_cat":[68],"product_tag":[],"class_list":{"0":"post-7620","1":"product","2":"type-product","3":"status-publish","4":"has-post-thumbnail","6":"product_cat-enfermagem","8":"first","9":"instock","10":"sale","11":"sold-individually","12":"shipping-taxable","13":"purchasable","14":"product-type-simple"},"jetpack_sharing_enabled":true,"_links":{"self":[{"href":"https:\/\/livrariadocampus.com.br\/loja\/wp-json\/wp\/v2\/product\/7620","targetHints":{"allow":["GET"]}}],"collection":[{"href":"https:\/\/livrariadocampus.com.br\/loja\/wp-json\/wp\/v2\/product"}],"about":[{"href":"https:\/\/livrariadocampus.com.br\/loja\/wp-json\/wp\/v2\/types\/product"}],"wp:featuredmedia":[{"embeddable":true,"href":"https:\/\/livrariadocampus.com.br\/loja\/wp-json\/wp\/v2\/media\/7621"}],"wp:attachment":[{"href":"https:\/\/livrariadocampus.com.br\/loja\/wp-json\/wp\/v2\/media?parent=7620"}],"wp:term":[{"taxonomy":"product_brand","embeddable":true,"href":"https:\/\/livrariadocampus.com.br\/loja\/wp-json\/wp\/v2\/product_brand?post=7620"},{"taxonomy":"product_cat","embeddable":true,"href":"https:\/\/livrariadocampus.com.br\/loja\/wp-json\/wp\/v2\/product_cat?post=7620"},{"taxonomy":"product_tag","embeddable":true,"href":"https:\/\/livrariadocampus.com.br\/loja\/wp-json\/wp\/v2\/product_tag?post=7620"}],"curies":[{"name":"wp","href":"https:\/\/api.w.org\/{rel}","templated":true}]}}