{"id":7611,"date":"2025-05-05T12:53:05","date_gmt":"2025-05-05T15:53:05","guid":{"rendered":"https:\/\/livrariadocampus.com.br\/loja\/?post_type=product&#038;p=7611"},"modified":"2025-05-05T12:53:06","modified_gmt":"2025-05-05T15:53:06","slug":"paciente-grave-pediatrico-2025-por-jose-roberto-fioretto-coeditor-paulo-ramos-david-joao-coeditor","status":"publish","type":"product","link":"https:\/\/livrariadocampus.com.br\/loja\/produto\/paciente-grave-pediatrico-2025-por-jose-roberto-fioretto-coeditor-paulo-ramos-david-joao-coeditor\/","title":{"rendered":"Paciente grave pedi\u00e1trico  2025 por Jos\u00e9 Roberto Fioretto (Coeditor), Paulo Ramos David Jo\u00e3o (Coeditor)"},"content":{"rendered":"<p>O cuidado de pacientes pedi\u00e1tricos graves representa um dos maiores desafios no campo da medicina. Quando uma crian\u00e7a \u00e9 acometida por uma condi\u00e7\u00e3o cr\u00edtica, as incertezas, o sofrimento e a complexidade do tratamento exigem que os profissionais de sa\u00fade n\u00e3o apenas possuam um vasto conhecimento t\u00e9cnico, mas tamb\u00e9m uma profunda empatia e habilidades de comunica\u00e7\u00e3o refinadas. O manejo desses pacientes \u00e9, portanto, um verdadeiro teste de compet\u00eancia, resili\u00eancia e humanidade.<br \/>\nEste livro foi concebido para fornecer uma vis\u00e3o abrangente sobre o cuidado de crian\u00e7as em estado grave, abordando desde os primeiros momentos de atendimento at\u00e9 a recupera\u00e7\u00e3o, ou, em alguns casos, a gest\u00e3o do fim de vida. A obra re\u00fane contribui\u00e7\u00f5es de m\u00e9dicos, enfermeiros, psic\u00f3logos, fisioterapeutas e outros profissionais de sa\u00fade, destacando as melhores pr\u00e1ticas cl\u00ednicas, os desafios \u00e9ticos e as necessidades emocionais tanto das crian\u00e7as quanto de suas fam\u00edlias.<\/p>\n","protected":false},"excerpt":{"rendered":"<p>O cuidado de pacientes pedi\u00e1tricos graves representa um dos maiores desafios no campo da medicina. Quando uma crian\u00e7a \u00e9 acometida por uma condi\u00e7\u00e3o cr\u00edtica, as incertezas, o sofrimento e a complexidade do tratamento exigem que os profissionais de sa\u00fade n\u00e3o apenas possuam um vasto conhecimento t\u00e9cnico, mas tamb\u00e9m uma profunda empatia e habilidades de comunica\u00e7\u00e3o&hellip;&nbsp;<a href=\"https:\/\/livrariadocampus.com.br\/loja\/produto\/paciente-grave-pediatrico-2025-por-jose-roberto-fioretto-coeditor-paulo-ramos-david-joao-coeditor\/\" class=\"\" rel=\"bookmark\">Continue a ler &raquo;<span class=\"screen-reader-text\">Paciente grave pedi\u00e1trico  2025 por Jos\u00e9 Roberto Fioretto (Coeditor), Paulo Ramos David Jo\u00e3o (Coeditor)<\/span><\/a><\/p>\n","protected":false},"featured_media":7612,"template":"","meta":{"neve_meta_sidebar":"","neve_meta_container":"","neve_meta_enable_content_width":"off","neve_meta_content_width":100,"neve_meta_title_alignment":"","neve_meta_author_avatar":"","neve_post_elements_order":"","neve_meta_disable_header":"","neve_meta_disable_footer":"","neve_meta_disable_title":"","_joinchat":[]},"product_brand":[],"product_cat":[76],"product_tag":[],"class_list":{"0":"post-7611","1":"product","2":"type-product","3":"status-publish","4":"has-post-thumbnail","6":"product_cat-pediatria-neonatologia-pediatria-neonatologia","8":"first","9":"instock","10":"virtual","11":"sold-individually","12":"purchasable","13":"product-type-simple"},"jetpack_sharing_enabled":true,"_links":{"self":[{"href":"https:\/\/livrariadocampus.com.br\/loja\/wp-json\/wp\/v2\/product\/7611","targetHints":{"allow":["GET"]}}],"collection":[{"href":"https:\/\/livrariadocampus.com.br\/loja\/wp-json\/wp\/v2\/product"}],"about":[{"href":"https:\/\/livrariadocampus.com.br\/loja\/wp-json\/wp\/v2\/types\/product"}],"wp:featuredmedia":[{"embeddable":true,"href":"https:\/\/livrariadocampus.com.br\/loja\/wp-json\/wp\/v2\/media\/7612"}],"wp:attachment":[{"href":"https:\/\/livrariadocampus.com.br\/loja\/wp-json\/wp\/v2\/media?parent=7611"}],"wp:term":[{"taxonomy":"product_brand","embeddable":true,"href":"https:\/\/livrariadocampus.com.br\/loja\/wp-json\/wp\/v2\/product_brand?post=7611"},{"taxonomy":"product_cat","embeddable":true,"href":"https:\/\/livrariadocampus.com.br\/loja\/wp-json\/wp\/v2\/product_cat?post=7611"},{"taxonomy":"product_tag","embeddable":true,"href":"https:\/\/livrariadocampus.com.br\/loja\/wp-json\/wp\/v2\/product_tag?post=7611"}],"curies":[{"name":"wp","href":"https:\/\/api.w.org\/{rel}","templated":true}]}}