{"id":7609,"date":"2025-03-31T17:40:29","date_gmt":"2025-03-31T20:40:29","guid":{"rendered":"https:\/\/livrariadocampus.com.br\/loja\/?post_type=product&#038;p=7609"},"modified":"2025-06-27T16:59:01","modified_gmt":"2025-06-27T19:59:01","slug":"braunwald-tratado-de-doencas-cardiovasculares-2-volumes-112022-editora-gen","status":"publish","type":"product","link":"https:\/\/livrariadocampus.com.br\/loja\/produto\/braunwald-tratado-de-doencas-cardiovasculares-2-volumes-112022-editora-gen\/","title":{"rendered":"Braunwald Tratado de Doen\u00e7as Cardiovasculares &#8211; 2 Volumes : 11|2022  Editora: GEN"},"content":{"rendered":"<p>Considerado por gera\u00e7\u00f5es de cardiologistas como o guia mais confi\u00e1vel da \u00e1rea. Braunwald Tratado de Doen\u00e7as Cardiovasculares \u00e9 a principal fonte de informa\u00e7\u00f5es sobre ci\u00eancia m\u00e9dica, pesquisa cl\u00ednica e translacional e medicina baseada em evid\u00eancias.<\/p>\n","protected":false},"excerpt":{"rendered":"<p>Considerado por gera\u00e7\u00f5es de cardiologistas como o guia mais confi\u00e1vel da \u00e1rea. Braunwald Tratado de Doen\u00e7as Cardiovasculares \u00e9 a principal fonte de informa\u00e7\u00f5es sobre ci\u00eancia m\u00e9dica, pesquisa cl\u00ednica e translacional e medicina baseada em evid\u00eancias.<\/p>\n","protected":false},"featured_media":7610,"template":"","meta":{"neve_meta_sidebar":"","neve_meta_container":"","neve_meta_enable_content_width":"off","neve_meta_content_width":100,"neve_meta_title_alignment":"","neve_meta_author_avatar":"","neve_post_elements_order":"","neve_meta_disable_header":"","neve_meta_disable_footer":"","neve_meta_disable_title":"","_joinchat":[]},"product_brand":[],"product_cat":[65],"product_tag":[],"class_list":{"0":"post-7609","1":"product","2":"type-product","3":"status-publish","4":"has-post-thumbnail","6":"product_cat-cardiologia","8":"first","9":"instock","10":"sale","11":"sold-individually","12":"shipping-taxable","13":"purchasable","14":"product-type-simple"},"jetpack_sharing_enabled":true,"_links":{"self":[{"href":"https:\/\/livrariadocampus.com.br\/loja\/wp-json\/wp\/v2\/product\/7609","targetHints":{"allow":["GET"]}}],"collection":[{"href":"https:\/\/livrariadocampus.com.br\/loja\/wp-json\/wp\/v2\/product"}],"about":[{"href":"https:\/\/livrariadocampus.com.br\/loja\/wp-json\/wp\/v2\/types\/product"}],"wp:featuredmedia":[{"embeddable":true,"href":"https:\/\/livrariadocampus.com.br\/loja\/wp-json\/wp\/v2\/media\/7610"}],"wp:attachment":[{"href":"https:\/\/livrariadocampus.com.br\/loja\/wp-json\/wp\/v2\/media?parent=7609"}],"wp:term":[{"taxonomy":"product_brand","embeddable":true,"href":"https:\/\/livrariadocampus.com.br\/loja\/wp-json\/wp\/v2\/product_brand?post=7609"},{"taxonomy":"product_cat","embeddable":true,"href":"https:\/\/livrariadocampus.com.br\/loja\/wp-json\/wp\/v2\/product_cat?post=7609"},{"taxonomy":"product_tag","embeddable":true,"href":"https:\/\/livrariadocampus.com.br\/loja\/wp-json\/wp\/v2\/product_tag?post=7609"}],"curies":[{"name":"wp","href":"https:\/\/api.w.org\/{rel}","templated":true}]}}