{"id":7599,"date":"2025-03-05T15:58:31","date_gmt":"2025-03-05T18:58:31","guid":{"rendered":"https:\/\/livrariadocampus.com.br\/loja\/?post_type=product&#038;p=7599"},"modified":"2025-03-05T15:59:19","modified_gmt":"2025-03-05T18:59:19","slug":"guyton-hall-tratado-de-fisiologia-medica-capa-dura-2021-edicao-portugues-por-john-e-hall-autor","status":"publish","type":"product","link":"https:\/\/livrariadocampus.com.br\/loja\/produto\/guyton-hall-tratado-de-fisiologia-medica-capa-dura-2021-edicao-portugues-por-john-e-hall-autor\/","title":{"rendered":"Guyton &amp; Hall &#8211; Tratado de Fisiologia M\u00e9dica Capa dura \u2013  2021 Edi\u00e7\u00e3o Portugu\u00eas  por John E. HALL (Autor)"},"content":{"rendered":"<p>Conhecido e respeitado por seu estilo de apresenta\u00e7\u00e3o \u00fanico e pelo foco no conte\u00fado mais relevante para estudantes da \u00e1rea da Sa\u00fade e m\u00e9dicos e profissionais que desejem revisar os princ\u00edpios b\u00e1sicos necess\u00e1rios para a compreens\u00e3o da fisiopatologia das doen\u00e7as humanas, Guyton &amp; Hall | Tratado de Fisiologia M\u00e9dica chega \u00e0 sua 14a edi\u00e7\u00e3o, atualizado e revisado, com a inclus\u00e3o de novos princ\u00edpios de fisiologia. Seu texto did\u00e1tico, aliado aos recursos pedag\u00f3gicos e ao projeto gr\u00e1fico \u00edmpar, que garantem o m\u00e1ximo de aprendizado e reten\u00e7\u00e3o de conceitos complexos, torna este best-seller o favorito dos estudantes em todo o mundo.Principais caracter\u00edsticas:Perspectiva clinicamente orientada, unindo fisiologia b\u00e1sica com fisiopatologia\u00canfase nos princ\u00edpios importantes que nortear\u00e3o a tomada de decis\u00e3o cl\u00ednicaMais de 1.200 ilustra\u00e7\u00f5es e diagramas em cores \u2013 todos cuidadosamente elaborados para facilitar a compreens\u00e3o da fisiologiaCobertura cl\u00ednica expandida, incluindo obesidade, dist\u00farbios metab\u00f3licos e cardiovasculares, doen\u00e7a de Alzheimer e outras doen\u00e7as degenerativasMaterial suplementar online: v\u00eddeos de processos fisiol\u00f3gicos e sons card\u00edacos.<\/p>\n","protected":false},"excerpt":{"rendered":"<p>Conhecido e respeitado por seu estilo de apresenta\u00e7\u00e3o \u00fanico e pelo foco no conte\u00fado mais relevante para estudantes da \u00e1rea da Sa\u00fade e m\u00e9dicos e profissionais que desejem revisar os princ\u00edpios b\u00e1sicos necess\u00e1rios para a compreens\u00e3o da fisiopatologia das doen\u00e7as humanas, Guyton &amp; Hall | Tratado de Fisiologia M\u00e9dica chega \u00e0 sua 14a edi\u00e7\u00e3o, atualizado&hellip;&nbsp;<a href=\"https:\/\/livrariadocampus.com.br\/loja\/produto\/guyton-hall-tratado-de-fisiologia-medica-capa-dura-2021-edicao-portugues-por-john-e-hall-autor\/\" class=\"\" rel=\"bookmark\">Continue a ler &raquo;<span class=\"screen-reader-text\">Guyton &amp; Hall &#8211; Tratado de Fisiologia M\u00e9dica Capa dura \u2013  2021 Edi\u00e7\u00e3o Portugu\u00eas  por John E. HALL (Autor)<\/span><\/a><\/p>\n","protected":false},"featured_media":7600,"template":"","meta":{"neve_meta_sidebar":"","neve_meta_container":"","neve_meta_enable_content_width":"off","neve_meta_content_width":100,"neve_meta_title_alignment":"","neve_meta_author_avatar":"","neve_post_elements_order":"","neve_meta_disable_header":"","neve_meta_disable_footer":"","neve_meta_disable_title":"","_joinchat":[]},"product_brand":[],"product_cat":[97],"product_tag":[],"class_list":{"0":"post-7599","1":"product","2":"type-product","3":"status-publish","4":"has-post-thumbnail","6":"product_cat-fisiologia","8":"first","9":"instock","10":"sale","11":"sold-individually","12":"shipping-taxable","13":"purchasable","14":"product-type-simple"},"jetpack_sharing_enabled":true,"_links":{"self":[{"href":"https:\/\/livrariadocampus.com.br\/loja\/wp-json\/wp\/v2\/product\/7599","targetHints":{"allow":["GET"]}}],"collection":[{"href":"https:\/\/livrariadocampus.com.br\/loja\/wp-json\/wp\/v2\/product"}],"about":[{"href":"https:\/\/livrariadocampus.com.br\/loja\/wp-json\/wp\/v2\/types\/product"}],"wp:featuredmedia":[{"embeddable":true,"href":"https:\/\/livrariadocampus.com.br\/loja\/wp-json\/wp\/v2\/media\/7600"}],"wp:attachment":[{"href":"https:\/\/livrariadocampus.com.br\/loja\/wp-json\/wp\/v2\/media?parent=7599"}],"wp:term":[{"taxonomy":"product_brand","embeddable":true,"href":"https:\/\/livrariadocampus.com.br\/loja\/wp-json\/wp\/v2\/product_brand?post=7599"},{"taxonomy":"product_cat","embeddable":true,"href":"https:\/\/livrariadocampus.com.br\/loja\/wp-json\/wp\/v2\/product_cat?post=7599"},{"taxonomy":"product_tag","embeddable":true,"href":"https:\/\/livrariadocampus.com.br\/loja\/wp-json\/wp\/v2\/product_tag?post=7599"}],"curies":[{"name":"wp","href":"https:\/\/api.w.org\/{rel}","templated":true}]}}