{"id":7597,"date":"2025-03-05T15:53:11","date_gmt":"2025-03-05T18:53:11","guid":{"rendered":"https:\/\/livrariadocampus.com.br\/loja\/?post_type=product&#038;p=7597"},"modified":"2025-03-05T15:53:11","modified_gmt":"2025-03-05T18:53:11","slug":"histologia-basica-texto-e-atlas-2023-por-luiz-carlos-uchoa-junqueira-autor-jose-carneiro-autor","status":"publish","type":"product","link":"https:\/\/livrariadocampus.com.br\/loja\/produto\/histologia-basica-texto-e-atlas-2023-por-luiz-carlos-uchoa-junqueira-autor-jose-carneiro-autor\/","title":{"rendered":"Histologia B\u00e1sica &#8211; Texto e Atlas  2023 por Luiz Carlos Uchoa Junqueira (Autor), Jos\u00e9 Carneiro (Autor)"},"content":{"rendered":"<p>O cl\u00e1ssico mundial de histologia ficou ainda melhor! A 14a edi\u00e7\u00e3o de Junqueira e Carneiro Histologia B\u00e1sica | Texto e Atlas, atualizada e aprimorada, conta com dezenas de novas fotomicrografias sobre as diversas caracter\u00edsticas das c\u00e9lulas, dos tecidos e dos \u00f3rg\u00e3os do corpo, al\u00e9m de apresentar cortes com colora\u00e7\u00f5es especiais.<\/p>\n<p>O texto \u00e9 escrito em linguagem clara, para possibilitar a compreens\u00e3o exata dos conceitos, sem perder o rigor cient\u00edfico.<\/p>\n<p>Al\u00e9m disso, seu novo projeto gr\u00e1fico apresenta recursos que agilizam o estudo, como as imagens esquem\u00e1ticas e os boxes que disponibilizam textos complementares sobre os t\u00f3picos de maior relev\u00e2ncia.<\/p>\n","protected":false},"excerpt":{"rendered":"<p>O cl\u00e1ssico mundial de histologia ficou ainda melhor! A 14a edi\u00e7\u00e3o de Junqueira e Carneiro Histologia B\u00e1sica | Texto e Atlas, atualizada e aprimorada, conta com dezenas de novas fotomicrografias sobre as diversas caracter\u00edsticas das c\u00e9lulas, dos tecidos e dos \u00f3rg\u00e3os do corpo, al\u00e9m de apresentar cortes com colora\u00e7\u00f5es especiais. O texto \u00e9 escrito em&hellip;&nbsp;<a href=\"https:\/\/livrariadocampus.com.br\/loja\/produto\/histologia-basica-texto-e-atlas-2023-por-luiz-carlos-uchoa-junqueira-autor-jose-carneiro-autor\/\" class=\"\" rel=\"bookmark\">Continue a ler &raquo;<span class=\"screen-reader-text\">Histologia B\u00e1sica &#8211; Texto e Atlas  2023 por Luiz Carlos Uchoa Junqueira (Autor), Jos\u00e9 Carneiro (Autor)<\/span><\/a><\/p>\n","protected":false},"featured_media":7598,"template":"","meta":{"neve_meta_sidebar":"","neve_meta_container":"","neve_meta_enable_content_width":"off","neve_meta_content_width":100,"neve_meta_title_alignment":"","neve_meta_author_avatar":"","neve_post_elements_order":"","neve_meta_disable_header":"","neve_meta_disable_footer":"","neve_meta_disable_title":"","_joinchat":[]},"product_brand":[],"product_cat":[251],"product_tag":[],"class_list":{"0":"post-7597","1":"product","2":"type-product","3":"status-publish","4":"has-post-thumbnail","6":"product_cat-histologia-molecular","8":"first","9":"instock","10":"sale","11":"sold-individually","12":"shipping-taxable","13":"purchasable","14":"product-type-simple"},"jetpack_sharing_enabled":true,"_links":{"self":[{"href":"https:\/\/livrariadocampus.com.br\/loja\/wp-json\/wp\/v2\/product\/7597","targetHints":{"allow":["GET"]}}],"collection":[{"href":"https:\/\/livrariadocampus.com.br\/loja\/wp-json\/wp\/v2\/product"}],"about":[{"href":"https:\/\/livrariadocampus.com.br\/loja\/wp-json\/wp\/v2\/types\/product"}],"wp:featuredmedia":[{"embeddable":true,"href":"https:\/\/livrariadocampus.com.br\/loja\/wp-json\/wp\/v2\/media\/7598"}],"wp:attachment":[{"href":"https:\/\/livrariadocampus.com.br\/loja\/wp-json\/wp\/v2\/media?parent=7597"}],"wp:term":[{"taxonomy":"product_brand","embeddable":true,"href":"https:\/\/livrariadocampus.com.br\/loja\/wp-json\/wp\/v2\/product_brand?post=7597"},{"taxonomy":"product_cat","embeddable":true,"href":"https:\/\/livrariadocampus.com.br\/loja\/wp-json\/wp\/v2\/product_cat?post=7597"},{"taxonomy":"product_tag","embeddable":true,"href":"https:\/\/livrariadocampus.com.br\/loja\/wp-json\/wp\/v2\/product_tag?post=7597"}],"curies":[{"name":"wp","href":"https:\/\/api.w.org\/{rel}","templated":true}]}}