{"id":7594,"date":"2025-03-05T15:46:37","date_gmt":"2025-03-05T18:46:37","guid":{"rendered":"https:\/\/livrariadocampus.com.br\/loja\/?post_type=product&#038;p=7594"},"modified":"2025-03-05T15:46:37","modified_gmt":"2025-03-05T18:46:37","slug":"atlas-de-anatomia-humana-3-volumes-capa-dura-2018-edicao-portugues-por-sobotta-autor","status":"publish","type":"product","link":"https:\/\/livrariadocampus.com.br\/loja\/produto\/atlas-de-anatomia-humana-3-volumes-capa-dura-2018-edicao-portugues-por-sobotta-autor\/","title":{"rendered":"Atlas de Anatomia Humana &#8211; 3 Volumes Capa dura \u2013  2018 Edi\u00e7\u00e3o Portugu\u00eas  por SOBOTTA (Autor)"},"content":{"rendered":"<p>Mais do que um atlas, uma ferramenta completa de aprendizagem! A nova edi\u00e7\u00e3o de Sobotta | Atlas de Anatomia Humana chega \u00e0 sua 24\u00aa edi\u00e7\u00e3o como a maior refer\u00eancia no aprendizado da anatomia humana. Al\u00e9m das j\u00e1 consagradas imagens em alt\u00edssima qualidade, o conte\u00fado desta nova edi\u00e7\u00e3o apresenta um estudo de caso por cap\u00edtulo, o que aproxima o aluno da pr\u00e1tica cl\u00ednica desde o primeiro per\u00edodo! Esta edi\u00e7\u00e3o vem com uma proposta inovadora, pautada em uma trilha de aprendizagem bem definida, que ir\u00e1 proporcionar o aproveitamento total dos estudos. Por meio desse recurso, o estudante ser\u00e1 capaz de saber que tipo de quest\u00f5es deve esperar nas avalia\u00e7\u00f5es, quais s\u00e3o os t\u00f3picos mais relevantes para as provas e o quanto esses t\u00f3picos s\u00e3o significativos na pr\u00e1tica cl\u00ednica. Trata-se da f\u00f3rmula perfeita para o estudo da Anatomia: apresenta a vis\u00e3o geral do conte\u00fado, identifica os detalhes das pe\u00e7as anat\u00f4micas e explica de modo din\u00e2mico as correla\u00e7\u00f5es cl\u00ednicas, que s\u00e3o extremamente importantes. Al\u00e9m de tudo isso, ao adquirir esta obra, voc\u00ea ganha acesso, por seis meses, \u00e0 Sala de Aula de Anatomia, um ambiente online, estruturado de forma did\u00e1tica e funcional, para que o usu\u00e1rio possa rever e praticar, em qualquer hora e de qualquer lugar, os conceitos discutidos em sala! Este conte\u00fado disp\u00f5e de: \u2022 Mais de 1.000 quest\u00f5es interativas \u2022 24 videoaulas separadas, organizadas pelos sistemas do corpo humano \u2022 Exerc\u00edcios interativos de arrastar e soltar, para fixa\u00e7\u00e3o dos conceitos \u2022 Anatomia SMART Voc\u00ea ganha tamb\u00e9m uma trilha de aprendizagem personalizada de anatomia, com plano de aula desenvolvido especialmente para o seu perfil<\/p>\n","protected":false},"excerpt":{"rendered":"<p>Mais do que um atlas, uma ferramenta completa de aprendizagem! A nova edi\u00e7\u00e3o de Sobotta | Atlas de Anatomia Humana chega \u00e0 sua 24\u00aa edi\u00e7\u00e3o como a maior refer\u00eancia no aprendizado da anatomia humana. Al\u00e9m das j\u00e1 consagradas imagens em alt\u00edssima qualidade, o conte\u00fado desta nova edi\u00e7\u00e3o apresenta um estudo de caso por cap\u00edtulo, o&hellip;&nbsp;<a href=\"https:\/\/livrariadocampus.com.br\/loja\/produto\/atlas-de-anatomia-humana-3-volumes-capa-dura-2018-edicao-portugues-por-sobotta-autor\/\" class=\"\" rel=\"bookmark\">Continue a ler &raquo;<span class=\"screen-reader-text\">Atlas de Anatomia Humana &#8211; 3 Volumes Capa dura \u2013  2018 Edi\u00e7\u00e3o Portugu\u00eas  por SOBOTTA (Autor)<\/span><\/a><\/p>\n","protected":false},"featured_media":7595,"template":"","meta":{"neve_meta_sidebar":"","neve_meta_container":"","neve_meta_enable_content_width":"off","neve_meta_content_width":100,"neve_meta_title_alignment":"","neve_meta_author_avatar":"","neve_post_elements_order":"","neve_meta_disable_header":"","neve_meta_disable_footer":"","neve_meta_disable_title":"","_joinchat":[]},"product_brand":[],"product_cat":[126],"product_tag":[],"class_list":{"0":"post-7594","1":"product","2":"type-product","3":"status-publish","4":"has-post-thumbnail","6":"product_cat-anatomia-embriologia-histologi","8":"first","9":"instock","10":"sale","11":"sold-individually","12":"shipping-taxable","13":"purchasable","14":"product-type-simple"},"jetpack_sharing_enabled":true,"_links":{"self":[{"href":"https:\/\/livrariadocampus.com.br\/loja\/wp-json\/wp\/v2\/product\/7594","targetHints":{"allow":["GET"]}}],"collection":[{"href":"https:\/\/livrariadocampus.com.br\/loja\/wp-json\/wp\/v2\/product"}],"about":[{"href":"https:\/\/livrariadocampus.com.br\/loja\/wp-json\/wp\/v2\/types\/product"}],"wp:featuredmedia":[{"embeddable":true,"href":"https:\/\/livrariadocampus.com.br\/loja\/wp-json\/wp\/v2\/media\/7595"}],"wp:attachment":[{"href":"https:\/\/livrariadocampus.com.br\/loja\/wp-json\/wp\/v2\/media?parent=7594"}],"wp:term":[{"taxonomy":"product_brand","embeddable":true,"href":"https:\/\/livrariadocampus.com.br\/loja\/wp-json\/wp\/v2\/product_brand?post=7594"},{"taxonomy":"product_cat","embeddable":true,"href":"https:\/\/livrariadocampus.com.br\/loja\/wp-json\/wp\/v2\/product_cat?post=7594"},{"taxonomy":"product_tag","embeddable":true,"href":"https:\/\/livrariadocampus.com.br\/loja\/wp-json\/wp\/v2\/product_tag?post=7594"}],"curies":[{"name":"wp","href":"https:\/\/api.w.org\/{rel}","templated":true}]}}