{"id":7587,"date":"2025-02-20T15:04:06","date_gmt":"2025-02-20T18:04:06","guid":{"rendered":"https:\/\/livrariadocampus.com.br\/loja\/?post_type=product&#038;p=7587"},"modified":"2025-02-20T15:04:06","modified_gmt":"2025-02-20T18:04:06","slug":"fisioterapia-neurofuncional-teoria-pratica-e-servicos-de-saude-capa-dura-2025-por-marcia-radanovic-autor-sheila-de-melo-borges-autor","status":"publish","type":"product","link":"https:\/\/livrariadocampus.com.br\/loja\/produto\/fisioterapia-neurofuncional-teoria-pratica-e-servicos-de-saude-capa-dura-2025-por-marcia-radanovic-autor-sheila-de-melo-borges-autor\/","title":{"rendered":"Fisioterapia Neurofuncional &#8211; Teoria Pr\u00e1tica e Servi\u00e7os de Sa\u00fade Capa dura \u2013 2025 por M\u00e1rcia Radanovic (Autor), Sheila de Melo Borges (Autor)"},"content":{"rendered":"<p>Fisioterapia Neurofuncional &#8211; Teoria, Pr\u00e1tica e Servi\u00e7os de Sa\u00fade tem como Editoras a Dra. M\u00e1rcia Radanovic, Doutora em Neurologia pela Faculdade de Medicina da Universidade de S\u00e3o Paulo (FMUSP), e a Dra. Sheila de Melo Borges, Fisioterapeuta e Doutora em Ci\u00eancias da Sa\u00fade pela Faculdade de Medicina da Universidade de S\u00e3o Paulo (FMUSP).<br \/>\nA obra tem como proposta os seguintes princ\u00edpios did\u00e1ticos:<br \/>\nFomentar os conhecimentos te\u00f3ricos e pr\u00e1ticos em Fisioterapia Neurofuncional<br \/>\nIntegrar as especialidades Neurologia e Fisioterapia, propiciando vis\u00e3o abrangente e multifacet\u00e1ria<br \/>\nLimitar ao m\u00e1ximo, ou, qui\u00e7\u00e1, reverter as sequelas ou disfun\u00e7\u00f5es: ortop\u00e9dicas, esfincterianas, respirat\u00f3rias, comportamentais e outras<br \/>\nfocar na abordagem estritamente funcional<\/p>\n<p>O livro apresenta as seguintes Se\u00e7\u00f5es:<\/p>\n<p>Bases conceituais em fisioterapia neurol\u00f3gica<br \/>\nFisioterapia nos transtornos neurol\u00f3gicos da inf\u00e2ncia<br \/>\nFisioterapia nos transtornos neurol\u00f3gicos do adulto e do idoso<br \/>\nInterven\u00e7\u00f5es fisioterap\u00eauticas complementares aplicadas \u00e0 Neurologia<br \/>\nTerapias complementares aplicadas no tratamento fisioterap\u00eautico em pacientes neurol\u00f3gicos<br \/>\nA assist\u00eancia fisioterap\u00eautica neurol\u00f3gica nos diferentes n\u00edveis de aten\u00e7\u00e3o \u00e0 sa\u00fade<\/p>\n<p>Fisioterapia Neurofuncional &#8211; Teoria, Pr\u00e1tica e Servi\u00e7os de Sa\u00fade apresenta 2 Editoras, 51 Colaboradores, 6 Se\u00e7\u00f5es, 23 Cap\u00edtulos, 510 P\u00e1ginas.<\/p>\n<p>O livro tem como p\u00fablico-alvo Neurologistas, Fisioterapeutas, Terapeutas Ocupacionais e Estudantes de Gradua\u00e7\u00e3o em Neurologia e Fisioterapia.<\/p>\n","protected":false},"excerpt":{"rendered":"<p>Fisioterapia Neurofuncional &#8211; Teoria, Pr\u00e1tica e Servi\u00e7os de Sa\u00fade tem como Editoras a Dra. M\u00e1rcia Radanovic, Doutora em Neurologia pela Faculdade de Medicina da Universidade de S\u00e3o Paulo (FMUSP), e a Dra. Sheila de Melo Borges, Fisioterapeuta e Doutora em Ci\u00eancias da Sa\u00fade pela Faculdade de Medicina da Universidade de S\u00e3o Paulo (FMUSP). A obra&hellip;&nbsp;<a href=\"https:\/\/livrariadocampus.com.br\/loja\/produto\/fisioterapia-neurofuncional-teoria-pratica-e-servicos-de-saude-capa-dura-2025-por-marcia-radanovic-autor-sheila-de-melo-borges-autor\/\" class=\"\" rel=\"bookmark\">Continue a ler &raquo;<span class=\"screen-reader-text\">Fisioterapia Neurofuncional &#8211; Teoria Pr\u00e1tica e Servi\u00e7os de Sa\u00fade Capa dura \u2013 2025 por M\u00e1rcia Radanovic (Autor), Sheila de Melo Borges (Autor)<\/span><\/a><\/p>\n","protected":false},"featured_media":7588,"template":"","meta":{"neve_meta_sidebar":"","neve_meta_container":"","neve_meta_enable_content_width":"off","neve_meta_content_width":100,"neve_meta_title_alignment":"","neve_meta_author_avatar":"","neve_post_elements_order":"","neve_meta_disable_header":"","neve_meta_disable_footer":"","neve_meta_disable_title":"","_joinchat":[]},"product_brand":[],"product_cat":[181],"product_tag":[],"class_list":{"0":"post-7587","1":"product","2":"type-product","3":"status-publish","4":"has-post-thumbnail","6":"product_cat-fisioterapia-e-reabilitacao","8":"first","9":"instock","10":"sale","11":"shipping-taxable","12":"purchasable","13":"product-type-simple"},"jetpack_sharing_enabled":true,"_links":{"self":[{"href":"https:\/\/livrariadocampus.com.br\/loja\/wp-json\/wp\/v2\/product\/7587","targetHints":{"allow":["GET"]}}],"collection":[{"href":"https:\/\/livrariadocampus.com.br\/loja\/wp-json\/wp\/v2\/product"}],"about":[{"href":"https:\/\/livrariadocampus.com.br\/loja\/wp-json\/wp\/v2\/types\/product"}],"wp:featuredmedia":[{"embeddable":true,"href":"https:\/\/livrariadocampus.com.br\/loja\/wp-json\/wp\/v2\/media\/7588"}],"wp:attachment":[{"href":"https:\/\/livrariadocampus.com.br\/loja\/wp-json\/wp\/v2\/media?parent=7587"}],"wp:term":[{"taxonomy":"product_brand","embeddable":true,"href":"https:\/\/livrariadocampus.com.br\/loja\/wp-json\/wp\/v2\/product_brand?post=7587"},{"taxonomy":"product_cat","embeddable":true,"href":"https:\/\/livrariadocampus.com.br\/loja\/wp-json\/wp\/v2\/product_cat?post=7587"},{"taxonomy":"product_tag","embeddable":true,"href":"https:\/\/livrariadocampus.com.br\/loja\/wp-json\/wp\/v2\/product_tag?post=7587"}],"curies":[{"name":"wp","href":"https:\/\/api.w.org\/{rel}","templated":true}]}}