{"id":7585,"date":"2025-02-20T15:00:40","date_gmt":"2025-02-20T18:00:40","guid":{"rendered":"https:\/\/livrariadocampus.com.br\/loja\/?post_type=product&#038;p=7585"},"modified":"2025-02-20T15:00:40","modified_gmt":"2025-02-20T18:00:40","slug":"assistencia-de-enfermagem-em-infectologia-2024-por-marcia-de-souza-moraes-autor","status":"publish","type":"product","link":"https:\/\/livrariadocampus.com.br\/loja\/produto\/assistencia-de-enfermagem-em-infectologia-2024-por-marcia-de-souza-moraes-autor\/","title":{"rendered":"ASSISTENCIA DE ENFERMAGEM EM INFECTOLOGIA  2024 por MARCIA DE SOUZA MORAES (Autor)"},"content":{"rendered":"<p>Assist\u00eancia de Enfermagem em Infectologia \u00e9 livro que alcan\u00e7a sua 3\u00aa Edi\u00e7\u00e3o; integralmente revisado, atualizado e ampliado. Tudo de acordo com as melhores evid\u00eancias m\u00e9dicas e de enfermagem. Cap\u00edtulo especial aborda as doen\u00e7as causadas pelo &#8220;SARS-COV-2&#8221;. Sua equipe autoral \u00e9 formada por renomados profissionais m\u00e9dicos e enfermeiros, que mito contribu\u00edram para esta edi\u00e7\u00e3o, boa parte ligada ao Instituto de Infectologia &#8220;Em\u00edlio Ribas&#8221; e \u00e0s Secretarias de Estado da Sa\u00fade e do Mun\u00edcipio de S\u00e3o Paulo. O livro nesta 3\u00aa Edi\u00e7\u00e3o se amplia, abrangendo o maior n\u00famero de doen\u00e7as infecciosas. A um s\u00f3 tempo integra conceitos te\u00f3ricos \u00e0 pr\u00e1tica e a procedimentos de maior import\u00e2ncia. T\u00e9cnicas \u00e0 beira ldo leito. As doen\u00e7as s\u00e3o generosamente descritas e ilustradas. A did\u00e1tica \u00e9 excelente. A exposi\u00e7\u00e3o e as narrativas seguem linha inteligente, objetiva e concisa. Assist\u00eancia de Enfermagem em Infectologia &#8211; 3\u00aa Edi\u00e7\u00e3o apresenta 1 Editora, 44 Colaboradores, 49 Cap\u00edtulos, 580 p\u00e1ginas. Seu p\u00fablico-alvo \u00e9 formado p\u00f3r Enfermeiros e T\u00e9cnicos de Enfermagem de todas as \u00e1reas de atua\u00e7\u00e3o profissional, em especial na Infectologia<\/p>\n","protected":false},"excerpt":{"rendered":"<p>Assist\u00eancia de Enfermagem em Infectologia \u00e9 livro que alcan\u00e7a sua 3\u00aa Edi\u00e7\u00e3o; integralmente revisado, atualizado e ampliado. Tudo de acordo com as melhores evid\u00eancias m\u00e9dicas e de enfermagem. Cap\u00edtulo especial aborda as doen\u00e7as causadas pelo &#8220;SARS-COV-2&#8221;. Sua equipe autoral \u00e9 formada por renomados profissionais m\u00e9dicos e enfermeiros, que mito contribu\u00edram para esta edi\u00e7\u00e3o, boa parte&hellip;&nbsp;<a href=\"https:\/\/livrariadocampus.com.br\/loja\/produto\/assistencia-de-enfermagem-em-infectologia-2024-por-marcia-de-souza-moraes-autor\/\" class=\"\" rel=\"bookmark\">Continue a ler &raquo;<span class=\"screen-reader-text\">ASSISTENCIA DE ENFERMAGEM EM INFECTOLOGIA  2024 por MARCIA DE SOUZA MORAES (Autor)<\/span><\/a><\/p>\n","protected":false},"featured_media":7586,"template":"","meta":{"neve_meta_sidebar":"","neve_meta_container":"","neve_meta_enable_content_width":"off","neve_meta_content_width":100,"neve_meta_title_alignment":"","neve_meta_author_avatar":"","neve_post_elements_order":"","neve_meta_disable_header":"","neve_meta_disable_footer":"","neve_meta_disable_title":"","_joinchat":[]},"product_brand":[],"product_cat":[68],"product_tag":[],"class_list":{"0":"post-7585","1":"product","2":"type-product","3":"status-publish","4":"has-post-thumbnail","6":"product_cat-enfermagem","8":"first","9":"instock","10":"sale","11":"sold-individually","12":"shipping-taxable","13":"purchasable","14":"product-type-simple"},"jetpack_sharing_enabled":true,"_links":{"self":[{"href":"https:\/\/livrariadocampus.com.br\/loja\/wp-json\/wp\/v2\/product\/7585","targetHints":{"allow":["GET"]}}],"collection":[{"href":"https:\/\/livrariadocampus.com.br\/loja\/wp-json\/wp\/v2\/product"}],"about":[{"href":"https:\/\/livrariadocampus.com.br\/loja\/wp-json\/wp\/v2\/types\/product"}],"wp:featuredmedia":[{"embeddable":true,"href":"https:\/\/livrariadocampus.com.br\/loja\/wp-json\/wp\/v2\/media\/7586"}],"wp:attachment":[{"href":"https:\/\/livrariadocampus.com.br\/loja\/wp-json\/wp\/v2\/media?parent=7585"}],"wp:term":[{"taxonomy":"product_brand","embeddable":true,"href":"https:\/\/livrariadocampus.com.br\/loja\/wp-json\/wp\/v2\/product_brand?post=7585"},{"taxonomy":"product_cat","embeddable":true,"href":"https:\/\/livrariadocampus.com.br\/loja\/wp-json\/wp\/v2\/product_cat?post=7585"},{"taxonomy":"product_tag","embeddable":true,"href":"https:\/\/livrariadocampus.com.br\/loja\/wp-json\/wp\/v2\/product_tag?post=7585"}],"curies":[{"name":"wp","href":"https:\/\/api.w.org\/{rel}","templated":true}]}}