{"id":7583,"date":"2025-02-20T14:50:58","date_gmt":"2025-02-20T17:50:58","guid":{"rendered":"https:\/\/livrariadocampus.com.br\/loja\/?post_type=product&#038;p=7583"},"modified":"2025-02-20T14:50:58","modified_gmt":"2025-02-20T17:50:58","slug":"doencas-na-gestacao-pratica-diagnostica-e-terapeutica","status":"publish","type":"product","link":"https:\/\/livrariadocampus.com.br\/loja\/produto\/doencas-na-gestacao-pratica-diagnostica-e-terapeutica\/","title":{"rendered":"DOEN\u00c7AS NA GESTA\u00c7\u00c3O &#8211; PR\u00c1TICA DIAGN\u00d3STICA E TERAP\u00caUTICA"},"content":{"rendered":"<p>DOEN\u00c7AS NA GESTA\u00c7\u00c3O \u2013 PR\u00c1TICA DIAGN\u00d3STICA E TERAP\u00caUTICA tem como Editor e Coordenador Editorial o renomado Professor Sebasti\u00e3o Piato, que \u00e9 autor de numerosas obras de Ginecologia e Obstetr\u00edcia e formou diversas gera\u00e7\u00f5es de profissionais nessas \u00e1reas, beneficiados pela excel\u00eancia de sua did\u00e1tica e pela profundidade de seus conhecimentos.<br \/>\nA obra exp\u00f5e as importantes pr\u00e1ticas necess\u00e1rias para a melhor assist\u00eancia a mulheres durante a gravidez. Destaca-se a sistematiza\u00e7\u00e3o dos conte\u00fados e a forma do seu estilo liter\u00e1rio m\u00e9dico-cient\u00edfico: texto discursivo; forma linear, l\u00f3gica, causal e inteligente; concis\u00e3o e objetividade; precis\u00e3o de conceitos e voc\u00e1bulos.<br \/>\nNessas caracter\u00edsticas se encontram a sensibilidade do autor, adquirida em sala de aula \u2013 este \u00e9 o Professor Piato.<br \/>\nSua vis\u00e3o \u00e9 multidisciplinar: integra simultaneamente intercorr\u00eancias da Medicina Interna e da Cl\u00ednica Cir\u00fargica a importantes doen\u00e7as ginecol\u00f3gicas. Aborda ainda outros temas pontuais, como indica\u00e7\u00f5es e contraindica\u00e7\u00f5es de medicamentos, usualmente prescritos na gesta\u00e7\u00e3o, inclusive quimioter\u00e1picos, interrup\u00e7\u00e3o legal da gesta\u00e7\u00e3o, uso de drogas, transtornos mentais.<br \/>\nO livro \u00e9 dividido pelas seguintes partes:<br \/>\nParte 1 \u2013 Doen\u00e7as Ginecol\u00f3gicas<br \/>\nParte 2 \u2013 Doen\u00e7as M\u00e9dicas<br \/>\nParte 3 \u2013 Doen\u00e7as Cir\u00fargicas<br \/>\nParte 4 \u2013 Temas correlatos<br \/>\nDOEN\u00c7AS NA GESTA\u00c7\u00c3O \u2013 PR\u00c1TICA DIAGN\u00d3STICA E TERAP\u00caUTICA apresenta 1 Editor e Coordenador Editorial, 61 colaboradores, 4 partes, 42 cap\u00edtulos, 314 p\u00e1ginas.<br \/>\nA obra destina-se a Ginecologistas, Obstetras e Residentes em Ginecologia e Obstetr\u00edcia.<\/p>\n","protected":false},"excerpt":{"rendered":"<p>DOEN\u00c7AS NA GESTA\u00c7\u00c3O \u2013 PR\u00c1TICA DIAGN\u00d3STICA E TERAP\u00caUTICA tem como Editor e Coordenador Editorial o renomado Professor Sebasti\u00e3o Piato, que \u00e9 autor de numerosas obras de Ginecologia e Obstetr\u00edcia e formou diversas gera\u00e7\u00f5es de profissionais nessas \u00e1reas, beneficiados pela excel\u00eancia de sua did\u00e1tica e pela profundidade de seus conhecimentos. A obra exp\u00f5e as importantes pr\u00e1ticas&hellip;&nbsp;<a href=\"https:\/\/livrariadocampus.com.br\/loja\/produto\/doencas-na-gestacao-pratica-diagnostica-e-terapeutica\/\" class=\"\" rel=\"bookmark\">Continue a ler &raquo;<span class=\"screen-reader-text\">DOEN\u00c7AS NA GESTA\u00c7\u00c3O &#8211; PR\u00c1TICA DIAGN\u00d3STICA E TERAP\u00caUTICA<\/span><\/a><\/p>\n","protected":false},"featured_media":7584,"template":"","meta":{"neve_meta_sidebar":"","neve_meta_container":"","neve_meta_enable_content_width":"off","neve_meta_content_width":100,"neve_meta_title_alignment":"","neve_meta_author_avatar":"","neve_post_elements_order":"","neve_meta_disable_header":"","neve_meta_disable_footer":"","neve_meta_disable_title":"","_joinchat":[]},"product_brand":[],"product_cat":[145],"product_tag":[],"class_list":{"0":"post-7583","1":"product","2":"type-product","3":"status-publish","4":"has-post-thumbnail","6":"product_cat-ginecologia-obstetricia-mastol","8":"first","9":"instock","10":"sale","11":"sold-individually","12":"shipping-taxable","13":"purchasable","14":"product-type-simple"},"jetpack_sharing_enabled":true,"_links":{"self":[{"href":"https:\/\/livrariadocampus.com.br\/loja\/wp-json\/wp\/v2\/product\/7583","targetHints":{"allow":["GET"]}}],"collection":[{"href":"https:\/\/livrariadocampus.com.br\/loja\/wp-json\/wp\/v2\/product"}],"about":[{"href":"https:\/\/livrariadocampus.com.br\/loja\/wp-json\/wp\/v2\/types\/product"}],"wp:featuredmedia":[{"embeddable":true,"href":"https:\/\/livrariadocampus.com.br\/loja\/wp-json\/wp\/v2\/media\/7584"}],"wp:attachment":[{"href":"https:\/\/livrariadocampus.com.br\/loja\/wp-json\/wp\/v2\/media?parent=7583"}],"wp:term":[{"taxonomy":"product_brand","embeddable":true,"href":"https:\/\/livrariadocampus.com.br\/loja\/wp-json\/wp\/v2\/product_brand?post=7583"},{"taxonomy":"product_cat","embeddable":true,"href":"https:\/\/livrariadocampus.com.br\/loja\/wp-json\/wp\/v2\/product_cat?post=7583"},{"taxonomy":"product_tag","embeddable":true,"href":"https:\/\/livrariadocampus.com.br\/loja\/wp-json\/wp\/v2\/product_tag?post=7583"}],"curies":[{"name":"wp","href":"https:\/\/api.w.org\/{rel}","templated":true}]}}