{"id":7577,"date":"2025-02-20T14:24:55","date_gmt":"2025-02-20T17:24:55","guid":{"rendered":"https:\/\/livrariadocampus.com.br\/loja\/?post_type=product&#038;p=7577"},"modified":"2025-02-20T14:24:55","modified_gmt":"2025-02-20T17:24:55","slug":"anatomia-humana-basica-fattini-carlo-americo-3-edicao-2025","status":"publish","type":"product","link":"https:\/\/livrariadocampus.com.br\/loja\/produto\/anatomia-humana-basica-fattini-carlo-americo-3-edicao-2025\/","title":{"rendered":"Anatomia Humana Basica Fattini, Carlo Americo 3 edi\u00e7\u00e3o 2025"},"content":{"rendered":"<p>ANATOMIA HUMANA B\u00c1SICA \u00e9 livro que alcan\u00e7a a sua 3\u00aa edi\u00e7\u00e3o, integralmente revisto, ampliado e atualizado. Apresenta a terminologia anat\u00f4mica oficial, figuras retra\u00e7adas e refeitas. Muitas modificadas para 4 cores. Policromia. \u00c9 obra introdut\u00f3ria Anatomia Humana. Seu p\u00fablico leitor \u00e9 formado por estudantes de gradua\u00e7\u00e3o das Ci\u00eancias da Sa\u00fade. Sua did\u00e1tica criativa chama a aten\u00e7\u00e3o: livro-texto com diferenciada t\u00e9cnica de ensino \u2013 o estudante \u00e9 quem toma a iniciativa, motiva a si mesmo para trabalhar seu autoaprendizado. Sua proposta did\u00e1tica acompanha as seguintes caracter\u00edsticas: 1. Texto te\u00f3rico-conceitual. 2. Roteiro para as aulas pr\u00e1ticas \u2013 descri\u00e7\u00e3o rigorosa e detalhada dos acidentes anat\u00f4micos. Orienta o estudante como observar a pe\u00e7a anat\u00f4mica, como identificar seus acidentes, como estabelecer rela\u00e7\u00f5es de continuidade e de topografia, como conhecer sua fun\u00e7\u00e3o. 3. Objetivos espec\u00edficos \u2013 referem-se aos temas de cada cap\u00edtulo. \u00c9 o n\u00facleo da proposta did\u00e1tica. 4. Supress\u00e3o da aula te\u00f3rica do tipo magistral \u2013 d\u00e1-se \u00eanfase \u00e0 aula pr\u00e1tica. 5. Pr\u00e9via reuni\u00e3o \u00e0 aula pr\u00e1tica, para discutir os temas a serem estudados. Sup\u00f5e-se que os alunos j\u00e1 dominam os conhecimentos te\u00f3ricos. Serve tamb\u00e9m para a revis\u00e3o do aprendizado. 6. Teste de autoavalia\u00e7\u00e3o \u2013 faz-se o cruzamento com os objetivos espec\u00edficos. Ao respond\u00ea-los, o aluno estabelece o progresso alcan\u00e7ado e o n\u00edvel de conhecimento. ANATOMIA HUMANA B\u00c1SICA \u2013 3\u00aa Edi\u00e7\u00e3o apresenta 2 Editores, 16 Cap\u00edtulos, 304 P\u00e1ginas, 500 Ilustra\u00e7\u00f5es c<\/p>\n","protected":false},"excerpt":{"rendered":"<p>ANATOMIA HUMANA B\u00c1SICA \u00e9 livro que alcan\u00e7a a sua 3\u00aa edi\u00e7\u00e3o, integralmente revisto, ampliado e atualizado. Apresenta a terminologia anat\u00f4mica oficial, figuras retra\u00e7adas e refeitas. Muitas modificadas para 4 cores. Policromia. \u00c9 obra introdut\u00f3ria Anatomia Humana. Seu p\u00fablico leitor \u00e9 formado por estudantes de gradua\u00e7\u00e3o das Ci\u00eancias da Sa\u00fade. Sua did\u00e1tica criativa chama a aten\u00e7\u00e3o:&hellip;&nbsp;<a href=\"https:\/\/livrariadocampus.com.br\/loja\/produto\/anatomia-humana-basica-fattini-carlo-americo-3-edicao-2025\/\" class=\"\" rel=\"bookmark\">Continue a ler &raquo;<span class=\"screen-reader-text\">Anatomia Humana Basica Fattini, Carlo Americo 3 edi\u00e7\u00e3o 2025<\/span><\/a><\/p>\n","protected":false},"featured_media":7579,"template":"","meta":{"neve_meta_sidebar":"full-width","neve_meta_container":"","neve_meta_enable_content_width":"off","neve_meta_content_width":100,"neve_meta_title_alignment":"","neve_meta_author_avatar":"","neve_post_elements_order":"","neve_meta_disable_header":"","neve_meta_disable_footer":"","neve_meta_disable_title":"","_joinchat":[]},"product_brand":[],"product_cat":[15],"product_tag":[],"class_list":{"0":"post-7577","1":"product","2":"type-product","3":"status-publish","4":"has-post-thumbnail","6":"product_cat-outros","8":"first","9":"instock","10":"sale","11":"sold-individually","12":"shipping-taxable","13":"purchasable","14":"product-type-simple"},"jetpack_sharing_enabled":true,"_links":{"self":[{"href":"https:\/\/livrariadocampus.com.br\/loja\/wp-json\/wp\/v2\/product\/7577","targetHints":{"allow":["GET"]}}],"collection":[{"href":"https:\/\/livrariadocampus.com.br\/loja\/wp-json\/wp\/v2\/product"}],"about":[{"href":"https:\/\/livrariadocampus.com.br\/loja\/wp-json\/wp\/v2\/types\/product"}],"wp:featuredmedia":[{"embeddable":true,"href":"https:\/\/livrariadocampus.com.br\/loja\/wp-json\/wp\/v2\/media\/7579"}],"wp:attachment":[{"href":"https:\/\/livrariadocampus.com.br\/loja\/wp-json\/wp\/v2\/media?parent=7577"}],"wp:term":[{"taxonomy":"product_brand","embeddable":true,"href":"https:\/\/livrariadocampus.com.br\/loja\/wp-json\/wp\/v2\/product_brand?post=7577"},{"taxonomy":"product_cat","embeddable":true,"href":"https:\/\/livrariadocampus.com.br\/loja\/wp-json\/wp\/v2\/product_cat?post=7577"},{"taxonomy":"product_tag","embeddable":true,"href":"https:\/\/livrariadocampus.com.br\/loja\/wp-json\/wp\/v2\/product_tag?post=7577"}],"curies":[{"name":"wp","href":"https:\/\/api.w.org\/{rel}","templated":true}]}}