{"id":7574,"date":"2025-02-07T14:48:54","date_gmt":"2025-02-07T17:48:54","guid":{"rendered":"https:\/\/livrariadocampus.com.br\/loja\/?post_type=product&#038;p=7574"},"modified":"2025-02-07T14:48:54","modified_gmt":"2025-02-07T17:48:54","slug":"semiologia-veterinaria-a-arte-do-diagnostico-edicao-52025","status":"publish","type":"product","link":"https:\/\/livrariadocampus.com.br\/loja\/produto\/semiologia-veterinaria-a-arte-do-diagnostico-edicao-52025\/","title":{"rendered":"Semiologia Veterinaria-a Arte do Diagnostico   Edi\u00e7\u00e3o: 5|2025"},"content":{"rendered":"<p>Esta quinta edi\u00e7\u00e3o, revisada e atualizada, mant\u00e9m o objetivo primordial de estimular a habilidade, a investiga\u00e7\u00e3o meticulosa, o racioc\u00ednio cl\u00ednico com base em evid\u00eancias e o diagn\u00f3stico preciso em animais<\/p>\n","protected":false},"excerpt":{"rendered":"<p>Esta quinta edi\u00e7\u00e3o, revisada e atualizada, mant\u00e9m o objetivo primordial de estimular a habilidade, a investiga\u00e7\u00e3o meticulosa, o racioc\u00ednio cl\u00ednico com base em evid\u00eancias e o diagn\u00f3stico preciso em animais<\/p>\n","protected":false},"featured_media":7575,"template":"","meta":{"neve_meta_sidebar":"","neve_meta_container":"","neve_meta_enable_content_width":"off","neve_meta_content_width":100,"neve_meta_title_alignment":"","neve_meta_author_avatar":"","neve_post_elements_order":"","neve_meta_disable_header":"","neve_meta_disable_footer":"","neve_meta_disable_title":"","_joinchat":[]},"product_brand":[],"product_cat":[253],"product_tag":[],"class_list":{"0":"post-7574","1":"product","2":"type-product","3":"status-publish","4":"has-post-thumbnail","6":"product_cat-veterinaria-e-zootecnia","8":"first","9":"instock","10":"sold-individually","11":"shipping-taxable","12":"purchasable","13":"product-type-simple"},"jetpack_sharing_enabled":true,"_links":{"self":[{"href":"https:\/\/livrariadocampus.com.br\/loja\/wp-json\/wp\/v2\/product\/7574","targetHints":{"allow":["GET"]}}],"collection":[{"href":"https:\/\/livrariadocampus.com.br\/loja\/wp-json\/wp\/v2\/product"}],"about":[{"href":"https:\/\/livrariadocampus.com.br\/loja\/wp-json\/wp\/v2\/types\/product"}],"wp:featuredmedia":[{"embeddable":true,"href":"https:\/\/livrariadocampus.com.br\/loja\/wp-json\/wp\/v2\/media\/7575"}],"wp:attachment":[{"href":"https:\/\/livrariadocampus.com.br\/loja\/wp-json\/wp\/v2\/media?parent=7574"}],"wp:term":[{"taxonomy":"product_brand","embeddable":true,"href":"https:\/\/livrariadocampus.com.br\/loja\/wp-json\/wp\/v2\/product_brand?post=7574"},{"taxonomy":"product_cat","embeddable":true,"href":"https:\/\/livrariadocampus.com.br\/loja\/wp-json\/wp\/v2\/product_cat?post=7574"},{"taxonomy":"product_tag","embeddable":true,"href":"https:\/\/livrariadocampus.com.br\/loja\/wp-json\/wp\/v2\/product_tag?post=7574"}],"curies":[{"name":"wp","href":"https:\/\/api.w.org\/{rel}","templated":true}]}}