{"id":7569,"date":"2025-02-07T14:39:28","date_gmt":"2025-02-07T17:39:28","guid":{"rendered":"https:\/\/livrariadocampus.com.br\/loja\/?post_type=product&#038;p=7569"},"modified":"2025-02-07T14:39:28","modified_gmt":"2025-02-07T17:39:28","slug":"guia-pratico-de-interconsulta-em-psiquiatria-edicao-12025","status":"publish","type":"product","link":"https:\/\/livrariadocampus.com.br\/loja\/produto\/guia-pratico-de-interconsulta-em-psiquiatria-edicao-12025\/","title":{"rendered":"Guia Pr\u00e1tico de Interconsulta Em Psiquiatria  Edi\u00e7\u00e3o: 1|2025"},"content":{"rendered":"<p>Guia abrangente e essencial para profissionais de diversas \u00e1reas aprimorarem suas pr\u00e1ticas de aten\u00e7\u00e3o integral a pacientes com comorbidades psiqui\u00e1tricas.<\/p>\n","protected":false},"excerpt":{"rendered":"<p>Guia abrangente e essencial para profissionais de diversas \u00e1reas aprimorarem suas pr\u00e1ticas de aten\u00e7\u00e3o integral a pacientes com comorbidades psiqui\u00e1tricas.<\/p>\n","protected":false},"featured_media":7570,"template":"","meta":{"neve_meta_sidebar":"","neve_meta_container":"","neve_meta_enable_content_width":"off","neve_meta_content_width":100,"neve_meta_title_alignment":"","neve_meta_author_avatar":"","neve_post_elements_order":"","neve_meta_disable_header":"","neve_meta_disable_footer":"","neve_meta_disable_title":"","_joinchat":[]},"product_brand":[],"product_cat":[73],"product_tag":[370],"class_list":{"0":"post-7569","1":"product","2":"type-product","3":"status-publish","4":"has-post-thumbnail","6":"product_cat-psiquiatria","7":"product_tag-370","9":"first","10":"instock","11":"shipping-taxable","12":"purchasable","13":"product-type-simple"},"jetpack_sharing_enabled":true,"_links":{"self":[{"href":"https:\/\/livrariadocampus.com.br\/loja\/wp-json\/wp\/v2\/product\/7569","targetHints":{"allow":["GET"]}}],"collection":[{"href":"https:\/\/livrariadocampus.com.br\/loja\/wp-json\/wp\/v2\/product"}],"about":[{"href":"https:\/\/livrariadocampus.com.br\/loja\/wp-json\/wp\/v2\/types\/product"}],"wp:featuredmedia":[{"embeddable":true,"href":"https:\/\/livrariadocampus.com.br\/loja\/wp-json\/wp\/v2\/media\/7570"}],"wp:attachment":[{"href":"https:\/\/livrariadocampus.com.br\/loja\/wp-json\/wp\/v2\/media?parent=7569"}],"wp:term":[{"taxonomy":"product_brand","embeddable":true,"href":"https:\/\/livrariadocampus.com.br\/loja\/wp-json\/wp\/v2\/product_brand?post=7569"},{"taxonomy":"product_cat","embeddable":true,"href":"https:\/\/livrariadocampus.com.br\/loja\/wp-json\/wp\/v2\/product_cat?post=7569"},{"taxonomy":"product_tag","embeddable":true,"href":"https:\/\/livrariadocampus.com.br\/loja\/wp-json\/wp\/v2\/product_tag?post=7569"}],"curies":[{"name":"wp","href":"https:\/\/api.w.org\/{rel}","templated":true}]}}