{"id":7567,"date":"2025-02-07T14:33:29","date_gmt":"2025-02-07T17:33:29","guid":{"rendered":"https:\/\/livrariadocampus.com.br\/loja\/?post_type=product&#038;p=7567"},"modified":"2025-02-07T14:33:29","modified_gmt":"2025-02-07T17:33:29","slug":"atlas-de-histeroscopia-edicao-12025","status":"publish","type":"product","link":"https:\/\/livrariadocampus.com.br\/loja\/produto\/atlas-de-histeroscopia-edicao-12025\/","title":{"rendered":"Atlas de Histeroscopia   Edi\u00e7\u00e3o: 1|2025"},"content":{"rendered":"<p>A obra re\u00fane o acervo coletado pela Dra. Licia Gomes ao longo de 30 anos de experi\u00eancia. S\u00e3o mais de 600 imagens e de 100 v\u00eddeos que contribuir\u00e3o para a boa forma\u00e7\u00e3o de estudantes e para a atualiza\u00e7\u00e3o de profissionais dessa especialidade<\/p>\n","protected":false},"excerpt":{"rendered":"<p>A obra re\u00fane o acervo coletado pela Dra. Licia Gomes ao longo de 30 anos de experi\u00eancia. S\u00e3o mais de 600 imagens e de 100 v\u00eddeos que contribuir\u00e3o para a boa forma\u00e7\u00e3o de estudantes e para a atualiza\u00e7\u00e3o de profissionais dessa especialidade<\/p>\n","protected":false},"featured_media":7568,"template":"","meta":{"neve_meta_sidebar":"","neve_meta_container":"","neve_meta_enable_content_width":"off","neve_meta_content_width":100,"neve_meta_title_alignment":"","neve_meta_author_avatar":"","neve_post_elements_order":"","neve_meta_disable_header":"","neve_meta_disable_footer":"","neve_meta_disable_title":"","_joinchat":[]},"product_brand":[],"product_cat":[145],"product_tag":[369],"class_list":{"0":"post-7567","1":"product","2":"type-product","3":"status-publish","4":"has-post-thumbnail","6":"product_cat-ginecologia-obstetricia-mastol","7":"product_tag-369","9":"first","10":"instock","11":"sold-individually","12":"shipping-taxable","13":"purchasable","14":"product-type-simple"},"jetpack_sharing_enabled":true,"_links":{"self":[{"href":"https:\/\/livrariadocampus.com.br\/loja\/wp-json\/wp\/v2\/product\/7567","targetHints":{"allow":["GET"]}}],"collection":[{"href":"https:\/\/livrariadocampus.com.br\/loja\/wp-json\/wp\/v2\/product"}],"about":[{"href":"https:\/\/livrariadocampus.com.br\/loja\/wp-json\/wp\/v2\/types\/product"}],"wp:featuredmedia":[{"embeddable":true,"href":"https:\/\/livrariadocampus.com.br\/loja\/wp-json\/wp\/v2\/media\/7568"}],"wp:attachment":[{"href":"https:\/\/livrariadocampus.com.br\/loja\/wp-json\/wp\/v2\/media?parent=7567"}],"wp:term":[{"taxonomy":"product_brand","embeddable":true,"href":"https:\/\/livrariadocampus.com.br\/loja\/wp-json\/wp\/v2\/product_brand?post=7567"},{"taxonomy":"product_cat","embeddable":true,"href":"https:\/\/livrariadocampus.com.br\/loja\/wp-json\/wp\/v2\/product_cat?post=7567"},{"taxonomy":"product_tag","embeddable":true,"href":"https:\/\/livrariadocampus.com.br\/loja\/wp-json\/wp\/v2\/product_tag?post=7567"}],"curies":[{"name":"wp","href":"https:\/\/api.w.org\/{rel}","templated":true}]}}