{"id":7547,"date":"2024-11-28T15:46:16","date_gmt":"2024-11-28T18:46:16","guid":{"rendered":"https:\/\/livrariadocampus.com.br\/loja\/?post_type=product&#038;p=7547"},"modified":"2025-02-04T15:39:34","modified_gmt":"2025-02-04T18:39:34","slug":"neurologia-smmr-hcfmusp-2021-portugues-por-jose-otavio-costa-auler-junior","status":"publish","type":"product","link":"https:\/\/livrariadocampus.com.br\/loja\/produto\/neurologia-smmr-hcfmusp-2021-portugues-por-jose-otavio-costa-auler-junior\/","title":{"rendered":"Neurologia SMMR HCFMUSP  2021  Portugu\u00eas  por Jos\u00e9 Ot\u00e1vio Costa Auler Junior"},"content":{"rendered":"<p>A S\u00e9rie Manual do M\u00e9dico-Residente do Hospital das Cl\u00ednicas da Faculdade de Medicina da Universidade de S\u00e3o Paulo \u2013 HCFMUSP tem por objetivo difundir os conhecimentos da pr\u00e1tica e assist\u00eancia m\u00e9dica, altamente qualificadas, ora desenvolvidas no complexo HCFMUSP, por sinal, o maior da Am\u00e9rica Latina. O complexo HCFMUSP disp\u00f5e de um centro m\u00e9dico hospitalar amplo, bem estruturado e moderno, com os melhores recursos diagn\u00f3sticos e terap\u00eauticos para o treinamento adequado dos residentes.<\/p>\n<p>Assinala-se os residentes contarem permanentemente com m\u00e9dicos preceptores exclusivos, m\u00e9dicos-assistentes e docentes altamente capacitados para o ensino da Medicina em seu vi\u00e9s pr\u00e1tico \u2013 a base da resid\u00eancia m\u00e9dica.<\/p>\n<p>A S\u00e9rie Manual do M\u00e9dico-Residente do Hospital das Cl\u00ednicas da Faculdade de Medicina da Universidade de S\u00e3o Paulo \u2013 HCFMUSP ser\u00e1 \u00fatil n\u00e3o apenas para os residentes do pr\u00f3prio HC, como ser\u00e1 tamb\u00e9m validada e seguida por outros centros acad\u00eamicos e de forma\u00e7\u00e3o profissional de Medicina nas diversas regi\u00f5es do Brasil.<\/p>\n<p>Atualmente, os programas de resid\u00eancia m\u00e9dica dessa institui\u00e7\u00e3o abrangem quase todas as especialidades e \u00e1reas de atua\u00e7\u00e3o m\u00e9dica. Totalizam cerca de 1.600 m\u00e9dicos em treinamento.<\/p>\n<p>O presente volume \u2013 Neurologia \u2013 repercute integralmente o conte\u00fado do programa de Resid\u00eancia M\u00e9dica aprovado pela Academia Brasileira de Neurologia \u2013 ABN. Incorpora o quarto ano (R4). Esse programa \u00e9 agora implementado no HCFMUSP.<\/p>\n<p>O Volume apresenta a seguinte sistematiza\u00e7\u00e3o:<\/p>\n<p>1 &#8211; Semiologia Neurol\u00f3gica e Diagn\u00f3sticos Sindr\u00f4mico e Topogr\u00e1fico.<br \/>\n2 &#8211; Exames Complementares em Neurologia.<br \/>\n3 &#8211; Neurologia de Emerg\u00eancia.<br \/>\n4 &#8211; Neurologia Vascular.<br \/>\n5-  Cefaleia.<br \/>\n6 &#8211; Epilepsia.<br \/>\n7 &#8211; Neuroimunologia.<br \/>\n8 &#8211; Dist\u00farbios do Movimento.<br \/>\n9 &#8211; Neurologia Cognitiva e do Comportamento.<br \/>\n10 &#8211; Neuroinfectologia.<br \/>\n11 &#8211; Doen\u00e7as Neuromusculares.<br \/>\n12 &#8211; Neurogen\u00e9tica.<br \/>\n13 &#8211; Sono.<br \/>\n14 &#8211; Neuro-Oncologia.<br \/>\n15 &#8211; Dor.<br \/>\n16 &#8211; Miscel\u00e2nea.<\/p>\n<p>Destina-se a Residentes em Neurologia, Neurologistas e Neurocirurgi\u00f5es graduados.<\/p>\n","protected":false},"excerpt":{"rendered":"<p>A S\u00e9rie Manual do M\u00e9dico-Residente do Hospital das Cl\u00ednicas da Faculdade de Medicina da Universidade de S\u00e3o Paulo \u2013 HCFMUSP tem por objetivo difundir os conhecimentos da pr\u00e1tica e assist\u00eancia m\u00e9dica, altamente qualificadas, ora desenvolvidas no complexo HCFMUSP, por sinal, o maior da Am\u00e9rica Latina. O complexo HCFMUSP disp\u00f5e de um centro m\u00e9dico hospitalar amplo,&hellip;&nbsp;<a href=\"https:\/\/livrariadocampus.com.br\/loja\/produto\/neurologia-smmr-hcfmusp-2021-portugues-por-jose-otavio-costa-auler-junior\/\" class=\"\" rel=\"bookmark\">Continue a ler &raquo;<span class=\"screen-reader-text\">Neurologia SMMR HCFMUSP  2021  Portugu\u00eas  por Jos\u00e9 Ot\u00e1vio Costa Auler Junior<\/span><\/a><\/p>\n","protected":false},"featured_media":7548,"template":"","meta":{"neve_meta_sidebar":"","neve_meta_container":"","neve_meta_enable_content_width":"off","neve_meta_content_width":100,"neve_meta_title_alignment":"","neve_meta_author_avatar":"","neve_post_elements_order":"","neve_meta_disable_header":"","neve_meta_disable_footer":"","neve_meta_disable_title":"","_joinchat":[]},"product_brand":[],"product_cat":[111],"product_tag":[],"class_list":{"0":"post-7547","1":"product","2":"type-product","3":"status-publish","4":"has-post-thumbnail","6":"product_cat-neurologia","8":"first","9":"instock","10":"shipping-taxable","11":"purchasable","12":"product-type-simple"},"jetpack_sharing_enabled":true,"_links":{"self":[{"href":"https:\/\/livrariadocampus.com.br\/loja\/wp-json\/wp\/v2\/product\/7547","targetHints":{"allow":["GET"]}}],"collection":[{"href":"https:\/\/livrariadocampus.com.br\/loja\/wp-json\/wp\/v2\/product"}],"about":[{"href":"https:\/\/livrariadocampus.com.br\/loja\/wp-json\/wp\/v2\/types\/product"}],"wp:featuredmedia":[{"embeddable":true,"href":"https:\/\/livrariadocampus.com.br\/loja\/wp-json\/wp\/v2\/media\/7548"}],"wp:attachment":[{"href":"https:\/\/livrariadocampus.com.br\/loja\/wp-json\/wp\/v2\/media?parent=7547"}],"wp:term":[{"taxonomy":"product_brand","embeddable":true,"href":"https:\/\/livrariadocampus.com.br\/loja\/wp-json\/wp\/v2\/product_brand?post=7547"},{"taxonomy":"product_cat","embeddable":true,"href":"https:\/\/livrariadocampus.com.br\/loja\/wp-json\/wp\/v2\/product_cat?post=7547"},{"taxonomy":"product_tag","embeddable":true,"href":"https:\/\/livrariadocampus.com.br\/loja\/wp-json\/wp\/v2\/product_tag?post=7547"}],"curies":[{"name":"wp","href":"https:\/\/api.w.org\/{rel}","templated":true}]}}