{"id":7541,"date":"2024-11-28T12:44:22","date_gmt":"2024-11-28T15:44:22","guid":{"rendered":"https:\/\/livrariadocampus.com.br\/loja\/?post_type=product&#038;p=7541"},"modified":"2025-01-02T11:05:28","modified_gmt":"2025-01-02T14:05:28","slug":"tratado-de-obesidade-prof-dr-mancini-4-edicao-2025","status":"publish","type":"product","link":"https:\/\/livrariadocampus.com.br\/loja\/produto\/tratado-de-obesidade-prof-dr-mancini-4-edicao-2025\/","title":{"rendered":"Tratado de Obesidade   PROF .DR .Mancini 4 EDI\u00c7\u00c3O 2025"},"content":{"rendered":"<p>Nos \u00faltimos 30 anos, o conhecimento sobre a obesidade evoluiu exponencialmente, desde a compreens\u00e3o de seus fundamentos at\u00e9 as abordagens terap\u00eauticas mais modernas. O Tratado de Obesidade, agora em sua quarta edi\u00e7\u00e3o, reflete esses avan\u00e7os. Neste livro, estruturado de modo objetivo e totalmente atualizado, o leitor encontrar\u00e1: \u2022 Abordagem aprofundada sobre a biologia e a fisiopatologia da obesidade, revelando os mediadores do equil\u00edbrio energ\u00e9tico e os fatores gen\u00e9ticos e ambientais que influenciam sua manifesta\u00e7\u00e3o \u2022 Avalia\u00e7\u00e3o cl\u00ednica abrangente, englobando desde o comportamento alimentar at\u00e9 os efeitos da obesidade nos \u00f3rg\u00e3os e sistemas do corpo \u2022 An\u00e1lise minuciosa dos tratamentos farmacol\u00f3gicos e n\u00e3o farmacol\u00f3gicos, bem como dos procedimentos endosc\u00f3picos e cir\u00fargicos mais recentes para o manejo da obesidade e de suas comorbidades \u2022 Vis\u00e3o de futuro, com \u00eanfase nos avan\u00e7os em medicina de precis\u00e3o e nas \u00faltimas descobertas sobre nutri\u00e7\u00e3o, atividade f\u00edsica e microbioma Assim, esta obra mant\u00e9m seu protagonismo na \u00e1rea, sendo uma fonte segura de informa\u00e7\u00f5es para profissionais da sa\u00fade, especialmente endocrinologistas, cirurgi\u00f5es bari\u00e1tricos e nutricionistas. Al\u00e9m disso, consolida-se como leitura indispens\u00e1vel a todos que desejam se atualizar sobre a complexidade da obesidade. ?<\/p>\n","protected":false},"excerpt":{"rendered":"<p>Nos \u00faltimos 30 anos, o conhecimento sobre a obesidade evoluiu exponencialmente, desde a compreens\u00e3o de seus fundamentos at\u00e9 as abordagens terap\u00eauticas mais modernas. O Tratado de Obesidade, agora em sua quarta edi\u00e7\u00e3o, reflete esses avan\u00e7os. Neste livro, estruturado de modo objetivo e totalmente atualizado, o leitor encontrar\u00e1: \u2022 Abordagem aprofundada sobre a biologia e a&hellip;&nbsp;<a href=\"https:\/\/livrariadocampus.com.br\/loja\/produto\/tratado-de-obesidade-prof-dr-mancini-4-edicao-2025\/\" class=\"\" rel=\"bookmark\">Continue a ler &raquo;<span class=\"screen-reader-text\">Tratado de Obesidade   PROF .DR .Mancini 4 EDI\u00c7\u00c3O 2025<\/span><\/a><\/p>\n","protected":false},"featured_media":7542,"template":"","meta":{"neve_meta_sidebar":"","neve_meta_container":"","neve_meta_enable_content_width":"off","neve_meta_content_width":100,"neve_meta_title_alignment":"","neve_meta_author_avatar":"","neve_post_elements_order":"","neve_meta_disable_header":"","neve_meta_disable_footer":"","neve_meta_disable_title":"","_joinchat":[]},"product_brand":[],"product_cat":[195,25],"product_tag":[],"class_list":{"0":"post-7541","1":"product","2":"type-product","3":"status-publish","4":"has-post-thumbnail","6":"product_cat-endocrinologia","7":"product_cat-lancamentos","9":"first","10":"instock","11":"sold-individually","12":"shipping-taxable","13":"purchasable","14":"product-type-simple"},"jetpack_sharing_enabled":true,"_links":{"self":[{"href":"https:\/\/livrariadocampus.com.br\/loja\/wp-json\/wp\/v2\/product\/7541","targetHints":{"allow":["GET"]}}],"collection":[{"href":"https:\/\/livrariadocampus.com.br\/loja\/wp-json\/wp\/v2\/product"}],"about":[{"href":"https:\/\/livrariadocampus.com.br\/loja\/wp-json\/wp\/v2\/types\/product"}],"wp:featuredmedia":[{"embeddable":true,"href":"https:\/\/livrariadocampus.com.br\/loja\/wp-json\/wp\/v2\/media\/7542"}],"wp:attachment":[{"href":"https:\/\/livrariadocampus.com.br\/loja\/wp-json\/wp\/v2\/media?parent=7541"}],"wp:term":[{"taxonomy":"product_brand","embeddable":true,"href":"https:\/\/livrariadocampus.com.br\/loja\/wp-json\/wp\/v2\/product_brand?post=7541"},{"taxonomy":"product_cat","embeddable":true,"href":"https:\/\/livrariadocampus.com.br\/loja\/wp-json\/wp\/v2\/product_cat?post=7541"},{"taxonomy":"product_tag","embeddable":true,"href":"https:\/\/livrariadocampus.com.br\/loja\/wp-json\/wp\/v2\/product_tag?post=7541"}],"curies":[{"name":"wp","href":"https:\/\/api.w.org\/{rel}","templated":true}]}}