{"id":7539,"date":"2024-11-28T12:39:26","date_gmt":"2024-11-28T15:39:26","guid":{"rendered":"https:\/\/livrariadocampus.com.br\/loja\/?post_type=product&#038;p=7539"},"modified":"2025-01-02T11:05:56","modified_gmt":"2025-01-02T14:05:56","slug":"endocrinologia-clinica-edicao-82025","status":"publish","type":"product","link":"https:\/\/livrariadocampus.com.br\/loja\/produto\/endocrinologia-clinica-edicao-82025\/","title":{"rendered":"Endocrinologia Cl\u00ednica   Edi\u00e7\u00e3o: 8|2025"},"content":{"rendered":"<p>A nova edi\u00e7\u00e3o do cl\u00e1ssico da Endocrinologia Cl\u00ednica est\u00e1 ainda melhor! Al\u00e9m de cap\u00edtulos in\u00e9ditos, novos temas e ilustra\u00e7\u00f5es enriquecem o conte\u00fado sobre a abordagem diagn\u00f3stico-terap\u00eautica dos dist\u00farbios end\u00f3crinos mais importantes.<\/p>\n","protected":false},"excerpt":{"rendered":"<p>A nova edi\u00e7\u00e3o do cl\u00e1ssico da Endocrinologia Cl\u00ednica est\u00e1 ainda melhor! Al\u00e9m de cap\u00edtulos in\u00e9ditos, novos temas e ilustra\u00e7\u00f5es enriquecem o conte\u00fado sobre a abordagem diagn\u00f3stico-terap\u00eautica dos dist\u00farbios end\u00f3crinos mais importantes.<\/p>\n","protected":false},"featured_media":7540,"template":"","meta":{"neve_meta_sidebar":"","neve_meta_container":"","neve_meta_enable_content_width":"off","neve_meta_content_width":100,"neve_meta_title_alignment":"","neve_meta_author_avatar":"","neve_post_elements_order":"","neve_meta_disable_header":"","neve_meta_disable_footer":"","neve_meta_disable_title":"","_joinchat":[]},"product_brand":[],"product_cat":[195,25],"product_tag":[],"class_list":{"0":"post-7539","1":"product","2":"type-product","3":"status-publish","4":"has-post-thumbnail","6":"product_cat-endocrinologia","7":"product_cat-lancamentos","9":"first","10":"instock","11":"sold-individually","12":"shipping-taxable","13":"purchasable","14":"product-type-simple"},"jetpack_sharing_enabled":true,"_links":{"self":[{"href":"https:\/\/livrariadocampus.com.br\/loja\/wp-json\/wp\/v2\/product\/7539","targetHints":{"allow":["GET"]}}],"collection":[{"href":"https:\/\/livrariadocampus.com.br\/loja\/wp-json\/wp\/v2\/product"}],"about":[{"href":"https:\/\/livrariadocampus.com.br\/loja\/wp-json\/wp\/v2\/types\/product"}],"wp:featuredmedia":[{"embeddable":true,"href":"https:\/\/livrariadocampus.com.br\/loja\/wp-json\/wp\/v2\/media\/7540"}],"wp:attachment":[{"href":"https:\/\/livrariadocampus.com.br\/loja\/wp-json\/wp\/v2\/media?parent=7539"}],"wp:term":[{"taxonomy":"product_brand","embeddable":true,"href":"https:\/\/livrariadocampus.com.br\/loja\/wp-json\/wp\/v2\/product_brand?post=7539"},{"taxonomy":"product_cat","embeddable":true,"href":"https:\/\/livrariadocampus.com.br\/loja\/wp-json\/wp\/v2\/product_cat?post=7539"},{"taxonomy":"product_tag","embeddable":true,"href":"https:\/\/livrariadocampus.com.br\/loja\/wp-json\/wp\/v2\/product_tag?post=7539"}],"curies":[{"name":"wp","href":"https:\/\/api.w.org\/{rel}","templated":true}]}}