{"id":7537,"date":"2024-11-28T12:19:21","date_gmt":"2024-11-28T15:19:21","guid":{"rendered":"https:\/\/livrariadocampus.com.br\/loja\/?post_type=product&#038;p=7537"},"modified":"2025-02-04T15:39:56","modified_gmt":"2025-02-04T18:39:56","slug":"gastroenterologia-para-pediatras-fluxograma-para-diagnostico-efetivo-2023","status":"publish","type":"product","link":"https:\/\/livrariadocampus.com.br\/loja\/produto\/gastroenterologia-para-pediatras-fluxograma-para-diagnostico-efetivo-2023\/","title":{"rendered":"Gastroenterologia Para Pediatras: Fluxograma Para Diagn\u00f3stico Efetivo &#8211; 2023"},"content":{"rendered":"<p>Gastroenterologia para Pediatras \u2013 Fluxograma para Diagn\u00f3stico Efetivo tem a sua origem no Departamento de Pediatria da Faculdade de Medicina de Botucatu da Universidade Estadual Paulista \u201cJ\u00falio de Mesquita Filho\u201d \u2013 FMB-Unesp. Sua did\u00e1tica \u00e9 criativa e inovadora. H\u00e1 uma sele\u00e7\u00e3o dos mais frequentes t\u00f3picos de gastroenterologia e hepatologia pedi\u00e1tricas, apresentados no formato de fluxogramas, quadros, figuras e esquemas. Constitui recurso destinado a estimular os conhecimentos te\u00f3ricos conceituais, verdadeiras bases da intelig\u00eancia e do racioc\u00ednio cl\u00ednico. A\u00ed, se encontra, a sua excel\u00eancia did\u00e1tica. O livro cont\u00e9m as seguintes Partes: Introdu\u00e7\u00e3o ao Atendimento Abordagem Baseada em Informa\u00e7\u00f5es da Hist\u00f3ria Cl\u00ednica e do Exame F\u00edsico Abordagem Baseada em S\u00edndromes Cl\u00ednicas Espec\u00edficas Dist\u00farbios da Intera\u00e7\u00e3o C\u00e9rebro-Intestino \u2013 Lactentes e Pr\u00e9-Escolares \u2013 Escolares e Adolescentes Avalia\u00e7\u00e3o e Investiga\u00e7\u00e3o Terap\u00eautica T\u00f3picos Especiais Gastroenterologia para Pediatras \u2013 Fluxograma para Diagn\u00f3stico Efetivo apresenta 2 Editores, 13 Colaboradores, 7 Partes, 92 Cap\u00edtulos, em um total de 580 p\u00e1ginas. Seu p\u00fablico-leitor \u00e9 formado por gastroenterologistas e hepatologistas pedi\u00e1tricos, pediatras cl\u00ednicos e, eventualmente, gastroenterologistas e hepatologistas de adultos, e nutricionistas.<\/p>\n","protected":false},"excerpt":{"rendered":"<p>Gastroenterologia para Pediatras \u2013 Fluxograma para Diagn\u00f3stico Efetivo tem a sua origem no Departamento de Pediatria da Faculdade de Medicina de Botucatu da Universidade Estadual Paulista \u201cJ\u00falio de Mesquita Filho\u201d \u2013 FMB-Unesp. Sua did\u00e1tica \u00e9 criativa e inovadora. H\u00e1 uma sele\u00e7\u00e3o dos mais frequentes t\u00f3picos de gastroenterologia e hepatologia pedi\u00e1tricas, apresentados no formato de fluxogramas,&hellip;&nbsp;<a href=\"https:\/\/livrariadocampus.com.br\/loja\/produto\/gastroenterologia-para-pediatras-fluxograma-para-diagnostico-efetivo-2023\/\" class=\"\" rel=\"bookmark\">Continue a ler &raquo;<span class=\"screen-reader-text\">Gastroenterologia Para Pediatras: Fluxograma Para Diagn\u00f3stico Efetivo &#8211; 2023<\/span><\/a><\/p>\n","protected":false},"featured_media":7538,"template":"","meta":{"neve_meta_sidebar":"","neve_meta_container":"","neve_meta_enable_content_width":"off","neve_meta_content_width":100,"neve_meta_title_alignment":"","neve_meta_author_avatar":"","neve_post_elements_order":"","neve_meta_disable_header":"","neve_meta_disable_footer":"","neve_meta_disable_title":"","_joinchat":[]},"product_brand":[],"product_cat":[76],"product_tag":[],"class_list":{"0":"post-7537","1":"product","2":"type-product","3":"status-publish","4":"has-post-thumbnail","6":"product_cat-pediatria-neonatologia-pediatria-neonatologia","8":"first","9":"instock","10":"sold-individually","11":"shipping-taxable","12":"purchasable","13":"product-type-simple"},"jetpack_sharing_enabled":true,"_links":{"self":[{"href":"https:\/\/livrariadocampus.com.br\/loja\/wp-json\/wp\/v2\/product\/7537","targetHints":{"allow":["GET"]}}],"collection":[{"href":"https:\/\/livrariadocampus.com.br\/loja\/wp-json\/wp\/v2\/product"}],"about":[{"href":"https:\/\/livrariadocampus.com.br\/loja\/wp-json\/wp\/v2\/types\/product"}],"wp:featuredmedia":[{"embeddable":true,"href":"https:\/\/livrariadocampus.com.br\/loja\/wp-json\/wp\/v2\/media\/7538"}],"wp:attachment":[{"href":"https:\/\/livrariadocampus.com.br\/loja\/wp-json\/wp\/v2\/media?parent=7537"}],"wp:term":[{"taxonomy":"product_brand","embeddable":true,"href":"https:\/\/livrariadocampus.com.br\/loja\/wp-json\/wp\/v2\/product_brand?post=7537"},{"taxonomy":"product_cat","embeddable":true,"href":"https:\/\/livrariadocampus.com.br\/loja\/wp-json\/wp\/v2\/product_cat?post=7537"},{"taxonomy":"product_tag","embeddable":true,"href":"https:\/\/livrariadocampus.com.br\/loja\/wp-json\/wp\/v2\/product_tag?post=7537"}],"curies":[{"name":"wp","href":"https:\/\/api.w.org\/{rel}","templated":true}]}}