{"id":7517,"date":"2024-10-31T16:37:14","date_gmt":"2024-10-31T19:37:14","guid":{"rendered":"https:\/\/livrariadocampus.com.br\/loja\/?post_type=product&#038;p=7517"},"modified":"2025-01-02T11:06:17","modified_gmt":"2025-01-02T14:06:17","slug":"a-neurologia-que-todo-medico-deve-saber-2024-por-ricardo-nitrini-autor","status":"publish","type":"product","link":"https:\/\/livrariadocampus.com.br\/loja\/produto\/a-neurologia-que-todo-medico-deve-saber-2024-por-ricardo-nitrini-autor\/","title":{"rendered":"A NEUROLOGIA QUE TODO MEDICO DEVE SABER 2024 por RICARDO NITRINI (Autor)"},"content":{"rendered":"<p>A Neurologia que Todo M\u00e9dico Deve Saber \u00e9 livro que alcan\u00e7a sua 4\u00aa Edi\u00e7\u00e3o, integralmente revisto, ampliado e atualizado. Reflete os not\u00e1veis conhecimentos e a grande experi\u00eancia e casu\u00edstica do Corpo Cl\u00ednico e dos Docentes do Departamento de Neurologia da Faculdade de Medicina da Universidade de S\u00e3o Paulo (FMUSP) sob a lideran\u00e7a do Professor S\u00eanior Dr. Ricardo Nitrini. Estudos epidemiol\u00f3gicos evidenciam 48% da popula\u00e7\u00e3o mundial (3.4 bilh\u00f5es de pessoas) apresentarem algum tipo de condi\u00e7\u00e3o neurol\u00f3gica: doen\u00e7as cerebrovasculares, encefalopatias neonatais, cefaleia, dem\u00eancias e outras. Boa parte expressa-se ao cl\u00ednico por sintomas e sinais neurol\u00f3gicos. Outra parte denota comorbidades \u2013 a\u00ed est\u00e1 um dos principais prop\u00f3sitos dessa obra: atender ao cl\u00ednico e demais especialistas com os conhecimentos b\u00e1sicos e aplicados de Neurologia. A NEUROLOGIA QUE TODO M\u00c9DICO DEVE SABER, 4\u00aa Edi\u00e7\u00e3o, apresenta 6 Editores, 79 Colaboradores, 3 Partes, 33 Cap\u00edtulos, 700 P\u00e1ginas. Suas Partes s\u00e3o: Parte 1 \u2013 Proped\u00eautica Neurol\u00f3gica &#8211; revis\u00e3o de conhecimentos de Neuroanatomia e Neurofisiologia aplicados \u00e0 Cl\u00ednica. Os procedimentos pr\u00e1ticos, cap\u00edtulo de Semiologia Neurol\u00f3gica, s\u00e3o passados em v\u00eddeos com QRCode. Oferece suas visibilidades. Parte 2 \u2013 Cl\u00ednica Neurol\u00f3gica \u2013 muito ampliada. Incluiu-se os cap\u00edtulos: \u201cVertigens e Tonturas\u201d, \u201cNeoplasias do Sistema Nervoso\u201d, \u201cEncefalites Autoimunes\u201d, \u201cS\u00edndromes Paraneopl\u00e1sicas\u201d, \u201cPrinc\u00edpios de Neurogen\u00e9tica\u201d. Parte 3 \u2013 Neurologia Infantil \u2013 principais afec\u00e7\u00f5es, transtornos do neurodesenvolvimento, TDHA e TEA, epilepsias, cefaleias e emerg\u00eancias em Neurologia Infantil. Seu p\u00fablico-alvo est\u00e1 formado por Cl\u00ednicos, Geriatras, Neurologistas e outras Especialidades em Geral, al\u00e9m de Residentes em Cl\u00ednica M\u00e9dica, Neurologia e Geriatria.<\/p>\n","protected":false},"excerpt":{"rendered":"<p>A Neurologia que Todo M\u00e9dico Deve Saber \u00e9 livro que alcan\u00e7a sua 4\u00aa Edi\u00e7\u00e3o, integralmente revisto, ampliado e atualizado. Reflete os not\u00e1veis conhecimentos e a grande experi\u00eancia e casu\u00edstica do Corpo Cl\u00ednico e dos Docentes do Departamento de Neurologia da Faculdade de Medicina da Universidade de S\u00e3o Paulo (FMUSP) sob a lideran\u00e7a do Professor S\u00eanior&hellip;&nbsp;<a href=\"https:\/\/livrariadocampus.com.br\/loja\/produto\/a-neurologia-que-todo-medico-deve-saber-2024-por-ricardo-nitrini-autor\/\" class=\"\" rel=\"bookmark\">Continue a ler &raquo;<span class=\"screen-reader-text\">A NEUROLOGIA QUE TODO MEDICO DEVE SABER 2024 por RICARDO NITRINI (Autor)<\/span><\/a><\/p>\n","protected":false},"featured_media":7518,"template":"","meta":{"neve_meta_sidebar":"","neve_meta_container":"","neve_meta_enable_content_width":"off","neve_meta_content_width":100,"neve_meta_title_alignment":"","neve_meta_author_avatar":"","neve_post_elements_order":"","neve_meta_disable_header":"","neve_meta_disable_footer":"","neve_meta_disable_title":"","_joinchat":[]},"product_brand":[],"product_cat":[64],"product_tag":[],"class_list":{"0":"post-7517","1":"product","2":"type-product","3":"status-publish","4":"has-post-thumbnail","6":"product_cat-neuroogia-e-neurocirurgia","8":"first","9":"instock","10":"shipping-taxable","11":"purchasable","12":"product-type-simple"},"jetpack_sharing_enabled":true,"_links":{"self":[{"href":"https:\/\/livrariadocampus.com.br\/loja\/wp-json\/wp\/v2\/product\/7517","targetHints":{"allow":["GET"]}}],"collection":[{"href":"https:\/\/livrariadocampus.com.br\/loja\/wp-json\/wp\/v2\/product"}],"about":[{"href":"https:\/\/livrariadocampus.com.br\/loja\/wp-json\/wp\/v2\/types\/product"}],"wp:featuredmedia":[{"embeddable":true,"href":"https:\/\/livrariadocampus.com.br\/loja\/wp-json\/wp\/v2\/media\/7518"}],"wp:attachment":[{"href":"https:\/\/livrariadocampus.com.br\/loja\/wp-json\/wp\/v2\/media?parent=7517"}],"wp:term":[{"taxonomy":"product_brand","embeddable":true,"href":"https:\/\/livrariadocampus.com.br\/loja\/wp-json\/wp\/v2\/product_brand?post=7517"},{"taxonomy":"product_cat","embeddable":true,"href":"https:\/\/livrariadocampus.com.br\/loja\/wp-json\/wp\/v2\/product_cat?post=7517"},{"taxonomy":"product_tag","embeddable":true,"href":"https:\/\/livrariadocampus.com.br\/loja\/wp-json\/wp\/v2\/product_tag?post=7517"}],"curies":[{"name":"wp","href":"https:\/\/api.w.org\/{rel}","templated":true}]}}