{"id":7514,"date":"2024-10-31T16:33:44","date_gmt":"2024-10-31T19:33:44","guid":{"rendered":"https:\/\/livrariadocampus.com.br\/loja\/?post_type=product&#038;p=7514"},"modified":"2025-02-04T15:40:16","modified_gmt":"2025-02-04T18:40:16","slug":"neuroinflamacao-da-biologia-a-terapia-2024-por-wilson-savino-autor","status":"publish","type":"product","link":"https:\/\/livrariadocampus.com.br\/loja\/produto\/neuroinflamacao-da-biologia-a-terapia-2024-por-wilson-savino-autor\/","title":{"rendered":"Neuroinflama\u00e7\u00e3o da Biologia \u00c0 Terapia  2024 por Wilson Savino (Autor)"},"content":{"rendered":"<p>NEUROINFLAMA\u00c7\u00c3O DA BIOLOGIA \u00c0 TERAPIA tem o apoio de redes de pesquisas dedicadas ao tema Neuroinflama\u00e7\u00e3o e Neuromodula\u00e7\u00e3o: Instituto Nacional de Ci\u00eancia e Tecnologia em Neuroimunomodula\u00e7\u00e3o (INCT-NIM), Rede FAPERJ de Pesquisa em Neuroinflama\u00e7\u00e3o, e Rede INOVA IOC em Neuroimunomodula\u00e7\u00e3o, FIOCRUZ. O livro estuda a intera\u00e7\u00e3o entre os sistemas nervoso, end\u00f3crino e imune. O processo neuroinflamat\u00f3rio e seus efeitos ocorrem tanto no sistema nervoso central, quanto no perif\u00e9rico. Sabe-se que tais intera\u00e7\u00f5es celulares e moleculares afetam os tr\u00eas sistemas e, ainda, a neuroinflama\u00e7\u00e3o, que, por sua vez, se constitui em regulador da neuroplasticidade, durante o desenvolvimento do c\u00e9rebro. O livro considera em paralelo a intera\u00e7\u00e3o desses tr\u00eas sistemas com o meio-ambiente. Novas influ\u00eancias surgem. NEUROINFLAMA\u00c7\u00c3O DA BIOLOGIA \u00c0 TERAPIA apresenta 4 Autores, 76 Colaboradores, 5 Se\u00e7\u00f5es, 26 Cap\u00edtulos, 400 P\u00e1ginas. Seu p\u00fablico-alvo est\u00e1 formado por Bi\u00f3logos, Biom\u00e9dicos, Farmac\u00eauticos\/Bioqu\u00edmicos, Neurologistas, Neurocientistas e Imunologistas.<\/p>\n","protected":false},"excerpt":{"rendered":"<p>NEUROINFLAMA\u00c7\u00c3O DA BIOLOGIA \u00c0 TERAPIA tem o apoio de redes de pesquisas dedicadas ao tema Neuroinflama\u00e7\u00e3o e Neuromodula\u00e7\u00e3o: Instituto Nacional de Ci\u00eancia e Tecnologia em Neuroimunomodula\u00e7\u00e3o (INCT-NIM), Rede FAPERJ de Pesquisa em Neuroinflama\u00e7\u00e3o, e Rede INOVA IOC em Neuroimunomodula\u00e7\u00e3o, FIOCRUZ. O livro estuda a intera\u00e7\u00e3o entre os sistemas nervoso, end\u00f3crino e imune. O processo neuroinflamat\u00f3rio&hellip;&nbsp;<a href=\"https:\/\/livrariadocampus.com.br\/loja\/produto\/neuroinflamacao-da-biologia-a-terapia-2024-por-wilson-savino-autor\/\" class=\"\" rel=\"bookmark\">Continue a ler &raquo;<span class=\"screen-reader-text\">Neuroinflama\u00e7\u00e3o da Biologia \u00c0 Terapia  2024 por Wilson Savino (Autor)<\/span><\/a><\/p>\n","protected":false},"featured_media":7515,"template":"","meta":{"neve_meta_sidebar":"","neve_meta_container":"","neve_meta_enable_content_width":"off","neve_meta_content_width":100,"neve_meta_title_alignment":"","neve_meta_author_avatar":"","neve_post_elements_order":"","neve_meta_disable_header":"","neve_meta_disable_footer":"","neve_meta_disable_title":"","_joinchat":[]},"product_brand":[],"product_cat":[64],"product_tag":[],"class_list":{"0":"post-7514","1":"product","2":"type-product","3":"status-publish","4":"has-post-thumbnail","6":"product_cat-neuroogia-e-neurocirurgia","8":"first","9":"instock","10":"shipping-taxable","11":"purchasable","12":"product-type-simple"},"jetpack_sharing_enabled":true,"_links":{"self":[{"href":"https:\/\/livrariadocampus.com.br\/loja\/wp-json\/wp\/v2\/product\/7514","targetHints":{"allow":["GET"]}}],"collection":[{"href":"https:\/\/livrariadocampus.com.br\/loja\/wp-json\/wp\/v2\/product"}],"about":[{"href":"https:\/\/livrariadocampus.com.br\/loja\/wp-json\/wp\/v2\/types\/product"}],"wp:featuredmedia":[{"embeddable":true,"href":"https:\/\/livrariadocampus.com.br\/loja\/wp-json\/wp\/v2\/media\/7515"}],"wp:attachment":[{"href":"https:\/\/livrariadocampus.com.br\/loja\/wp-json\/wp\/v2\/media?parent=7514"}],"wp:term":[{"taxonomy":"product_brand","embeddable":true,"href":"https:\/\/livrariadocampus.com.br\/loja\/wp-json\/wp\/v2\/product_brand?post=7514"},{"taxonomy":"product_cat","embeddable":true,"href":"https:\/\/livrariadocampus.com.br\/loja\/wp-json\/wp\/v2\/product_cat?post=7514"},{"taxonomy":"product_tag","embeddable":true,"href":"https:\/\/livrariadocampus.com.br\/loja\/wp-json\/wp\/v2\/product_tag?post=7514"}],"curies":[{"name":"wp","href":"https:\/\/api.w.org\/{rel}","templated":true}]}}