{"id":7508,"date":"2024-10-21T14:31:03","date_gmt":"2024-10-21T17:31:03","guid":{"rendered":"https:\/\/livrariadocampus.com.br\/loja\/?post_type=product&#038;p=7508"},"modified":"2025-02-04T15:40:38","modified_gmt":"2025-02-04T18:40:38","slug":"manual-de-condutas-em-neonatologia-faculdade-de-medicina-de-botucatu-unesp-pod","status":"publish","type":"product","link":"https:\/\/livrariadocampus.com.br\/loja\/produto\/manual-de-condutas-em-neonatologia-faculdade-de-medicina-de-botucatu-unesp-pod\/","title":{"rendered":"MANUAL DE CONDUTAS EM NEONATOLOGIA &#8211; FACULDADE DE MEDICINA DE BOTUCATU &#8211; UNESP (POD)"},"content":{"rendered":"<p>OD: Para as compras de obras POD realizadas no site, cabe esclarecer que os prazos de entrega s\u00e3o maiores, tendo em vista que o processo de impress\u00e3o sob encomenda s\u00f3 \u00e9 iniciado ap\u00f3s a confirma\u00e7\u00e3o do pedido, e que o processo gr\u00e1fico e produ\u00e7\u00e3o de capas duras pode se estender por at\u00e9 20 dias \u00fateis al\u00e9m do prazo normal v\u00e1lido para uma outra obra impressa j\u00e1 dispon\u00edvel em nosso estoque<\/p>\n","protected":false},"excerpt":{"rendered":"<p>OD: Para as compras de obras POD realizadas no site, cabe esclarecer que os prazos de entrega s\u00e3o maiores, tendo em vista que o processo de impress\u00e3o sob encomenda s\u00f3 \u00e9 iniciado ap\u00f3s a confirma\u00e7\u00e3o do pedido, e que o processo gr\u00e1fico e produ\u00e7\u00e3o de capas duras pode se estender por at\u00e9 20 dias \u00fateis&hellip;&nbsp;<a href=\"https:\/\/livrariadocampus.com.br\/loja\/produto\/manual-de-condutas-em-neonatologia-faculdade-de-medicina-de-botucatu-unesp-pod\/\" class=\"\" rel=\"bookmark\">Continue a ler &raquo;<span class=\"screen-reader-text\">MANUAL DE CONDUTAS EM NEONATOLOGIA &#8211; FACULDADE DE MEDICINA DE BOTUCATU &#8211; UNESP (POD)<\/span><\/a><\/p>\n","protected":false},"featured_media":7509,"template":"","meta":{"neve_meta_sidebar":"","neve_meta_container":"","neve_meta_enable_content_width":"off","neve_meta_content_width":100,"neve_meta_title_alignment":"","neve_meta_author_avatar":"","neve_post_elements_order":"","neve_meta_disable_header":"","neve_meta_disable_footer":"","neve_meta_disable_title":"","_joinchat":[]},"product_brand":[],"product_cat":[76],"product_tag":[],"class_list":{"0":"post-7508","1":"product","2":"type-product","3":"status-publish","4":"has-post-thumbnail","6":"product_cat-pediatria-neonatologia-pediatria-neonatologia","8":"first","9":"instock","10":"shipping-taxable","11":"purchasable","12":"product-type-simple"},"jetpack_sharing_enabled":true,"_links":{"self":[{"href":"https:\/\/livrariadocampus.com.br\/loja\/wp-json\/wp\/v2\/product\/7508","targetHints":{"allow":["GET"]}}],"collection":[{"href":"https:\/\/livrariadocampus.com.br\/loja\/wp-json\/wp\/v2\/product"}],"about":[{"href":"https:\/\/livrariadocampus.com.br\/loja\/wp-json\/wp\/v2\/types\/product"}],"wp:featuredmedia":[{"embeddable":true,"href":"https:\/\/livrariadocampus.com.br\/loja\/wp-json\/wp\/v2\/media\/7509"}],"wp:attachment":[{"href":"https:\/\/livrariadocampus.com.br\/loja\/wp-json\/wp\/v2\/media?parent=7508"}],"wp:term":[{"taxonomy":"product_brand","embeddable":true,"href":"https:\/\/livrariadocampus.com.br\/loja\/wp-json\/wp\/v2\/product_brand?post=7508"},{"taxonomy":"product_cat","embeddable":true,"href":"https:\/\/livrariadocampus.com.br\/loja\/wp-json\/wp\/v2\/product_cat?post=7508"},{"taxonomy":"product_tag","embeddable":true,"href":"https:\/\/livrariadocampus.com.br\/loja\/wp-json\/wp\/v2\/product_tag?post=7508"}],"curies":[{"name":"wp","href":"https:\/\/api.w.org\/{rel}","templated":true}]}}