{"id":7485,"date":"2024-10-14T16:03:08","date_gmt":"2024-10-14T19:03:08","guid":{"rendered":"https:\/\/livrariadocampus.com.br\/loja\/?post_type=product&#038;p=7485"},"modified":"2024-10-14T16:03:08","modified_gmt":"2024-10-14T19:03:08","slug":"goodman-and-gilmans-the-pharmacological-basis-of-therapeutics-14th-edition-capa-dura-2023-edicao-ingles-por-laurence-brunton","status":"publish","type":"product","link":"https:\/\/livrariadocampus.com.br\/loja\/produto\/goodman-and-gilmans-the-pharmacological-basis-of-therapeutics-14th-edition-capa-dura-2023-edicao-ingles-por-laurence-brunton\/","title":{"rendered":"Goodman and Gilman&#8217;s the Pharmacological Basis of Therapeutics, 14th Edition Capa dura \u2013 2023 Edi\u00e7\u00e3o Ingl\u00eas  por Laurence Brunton"},"content":{"rendered":"<p>For more than 50 years, Goodman &amp; Gilman&#8217;s: The Pharmacological Basis of Therapeutics has represented the pinnacle of authority and accuracy in describing the actions and uses of therapeutic agents in relation to physiology and pathophysiology. The text&#8217;s careful balance of basic science and clinical applications has guided thousands of health care practitioners and students to a clear understanding of the drugs essential to preventing, diagnosing and treating disease.<\/p>\n<p>This Fourteenth Edition includes five new chapters, 600+ illustrations, and important content from 53 new contributors. More than a textbook, Goodman &amp; Gilman&#8217;s is a working template for the effective and rational prescribing of drugs in daily practice.<\/p>\n<p>Goodman &amp; Gilman&#8217;s: The Pharmacological Basis of Therapeutics, Fourteenth Edition features:<\/p>\n","protected":false},"excerpt":{"rendered":"<p>For more than 50 years, Goodman &amp; Gilman&#8217;s: The Pharmacological Basis of Therapeutics has represented the pinnacle of authority and accuracy in describing the actions and uses of therapeutic agents in relation to physiology and pathophysiology. The text&#8217;s careful balance of basic science and clinical applications has guided thousands of health care practitioners and students&hellip;&nbsp;<a href=\"https:\/\/livrariadocampus.com.br\/loja\/produto\/goodman-and-gilmans-the-pharmacological-basis-of-therapeutics-14th-edition-capa-dura-2023-edicao-ingles-por-laurence-brunton\/\" class=\"\" rel=\"bookmark\">Continue a ler &raquo;<span class=\"screen-reader-text\">Goodman and Gilman&#8217;s the Pharmacological Basis of Therapeutics, 14th Edition Capa dura \u2013 2023 Edi\u00e7\u00e3o Ingl\u00eas  por Laurence Brunton<\/span><\/a><\/p>\n","protected":false},"featured_media":7486,"template":"","meta":{"neve_meta_sidebar":"","neve_meta_container":"","neve_meta_enable_content_width":"off","neve_meta_content_width":100,"neve_meta_title_alignment":"","neve_meta_author_avatar":"","neve_post_elements_order":"","neve_meta_disable_header":"","neve_meta_disable_footer":"","neve_meta_disable_title":"","_joinchat":[]},"product_brand":[],"product_cat":[70,149,89],"product_tag":[],"class_list":{"0":"post-7485","1":"product","2":"type-product","3":"status-publish","4":"has-post-thumbnail","6":"product_cat-anestesiologia","7":"product_cat-farmacia","8":"product_cat-farmacologia","10":"first","11":"instock","12":"sale","13":"sold-individually","14":"shipping-taxable","15":"purchasable","16":"product-type-simple"},"jetpack_sharing_enabled":true,"_links":{"self":[{"href":"https:\/\/livrariadocampus.com.br\/loja\/wp-json\/wp\/v2\/product\/7485","targetHints":{"allow":["GET"]}}],"collection":[{"href":"https:\/\/livrariadocampus.com.br\/loja\/wp-json\/wp\/v2\/product"}],"about":[{"href":"https:\/\/livrariadocampus.com.br\/loja\/wp-json\/wp\/v2\/types\/product"}],"wp:featuredmedia":[{"embeddable":true,"href":"https:\/\/livrariadocampus.com.br\/loja\/wp-json\/wp\/v2\/media\/7486"}],"wp:attachment":[{"href":"https:\/\/livrariadocampus.com.br\/loja\/wp-json\/wp\/v2\/media?parent=7485"}],"wp:term":[{"taxonomy":"product_brand","embeddable":true,"href":"https:\/\/livrariadocampus.com.br\/loja\/wp-json\/wp\/v2\/product_brand?post=7485"},{"taxonomy":"product_cat","embeddable":true,"href":"https:\/\/livrariadocampus.com.br\/loja\/wp-json\/wp\/v2\/product_cat?post=7485"},{"taxonomy":"product_tag","embeddable":true,"href":"https:\/\/livrariadocampus.com.br\/loja\/wp-json\/wp\/v2\/product_tag?post=7485"}],"curies":[{"name":"wp","href":"https:\/\/api.w.org\/{rel}","templated":true}]}}