{"id":7482,"date":"2024-10-14T15:54:15","date_gmt":"2024-10-14T18:54:15","guid":{"rendered":"https:\/\/livrariadocampus.com.br\/loja\/?post_type=product&#038;p=7482"},"modified":"2025-05-19T15:11:53","modified_gmt":"2025-05-19T18:11:53","slug":"neurologia-infantil-fundamentos-e-pratica-clinica-2-volumes-capa-dura-2023","status":"publish","type":"product","link":"https:\/\/livrariadocampus.com.br\/loja\/produto\/neurologia-infantil-fundamentos-e-pratica-clinica-2-volumes-capa-dura-2023\/","title":{"rendered":"Neurologia Infantil: Fundamentos e Pr\u00e1tica Cl\u00ednica 2 volumes Capa dura \u2013  2023"},"content":{"rendered":"<p>Nas \u00faltimas d\u00e9cadas houve uma verdadeira revolu\u00e7\u00e3o na Medicina e, talvez com ainda maior intensidade, na Neurologia Infantil. Centenas de novas doen\u00e7as neurol\u00f3gicas com impacto na popula\u00e7\u00e3o pedi\u00e1trica foram descritas, gra\u00e7as, sobretudo, aos avan\u00e7os das t\u00e9cnicas de Neuroimagem e da Gen\u00e9tica Molecular. Exames complementares que at\u00e9 vinte anos atr\u00e1s eram impens\u00e1veis, passaram a fazer parte da pr\u00e1tica cl\u00ednica, como o sequenciamento completo do exoma. Novos tratamentos t\u00eam surgido rapidamente, como as reposi\u00e7\u00f5es enzim\u00e1ticas e as terapias g\u00eanicas. \u00c9 neste cen\u00e1rio de mudan\u00e7as, que ocorrem em ritmo vertiginoso, que idealizamos o livro \u201cNeurologia Infantil \u2013 Fundamentos e Pr\u00e1tica Cl\u00ednica\u201d. Nossa inten\u00e7\u00e3o foi reunir, em um \u00fanico livro, os fundamentos para a pr\u00e1tica da Neurologia Infantil, com \u00eanfase no diagn\u00f3stico preciso e tratamento adequado das enfermidades neurol\u00f3gicas que acometem crian\u00e7as e adolescentes. Obviamente que uma tarefa t\u00e3o ambiciosa como essa n\u00e3o poderia ser realizada por apenas dois autores. Logo, foi fundamental a participa\u00e7\u00e3o de colegas dotados de profundo conhecimento em suas \u00e1reas e que, generosamente, dedicaram boa parte de seu tempo livre para possibilitar esse intento. A eles, nossos mais sinceros e profundos agradecimentos. Infelizmente, durante a elabora\u00e7\u00e3o desta obra, dois queridos colegas vieram a falecer. O Dr. Jos\u00e9 Albino da Paz, neurologista infantil do Instituto da Crian\u00e7a da Universidade de S\u00e3o Paulo, e o Dr. Lu\u00eds Garcia Alonso, m\u00e9dico geneticista e professor da Universidade Federal de S\u00e3o Paulo. Registre-se nossa homenagem e gratid\u00e3o eterna a ambos. O livro foi dividido em quatorze se\u00e7\u00f5es, abrangendo as grandes \u00e1reas do conhecimento em Neurologia Infantil. H\u00e1 cap\u00edtulos espec\u00edficos sobre o exame neurol\u00f3gico que n\u00e3o pretendem abordar o assunto em profundidade, mas fornecer os fundamentos da proped\u00eautica do sistema nervoso em crian\u00e7as, incluindo os rec\u00e9m-nascidos. Provavelmente os n\u00e3o especialistas em Neurologia Infantil achar\u00e3o esses cap\u00edtulos ainda mais proveitosos. Realisticamente, temos que aceitar que erros n\u00e3o intencionais ocorreram e nos desculpamos por tais situa\u00e7\u00f5es. Seria muito bem-vindo que esses sejam trazidos \u00e0 nossa aten\u00e7\u00e3o, junto com coment\u00e1rios e sugest\u00f5es para a melhora de futuras edi\u00e7\u00f5es e reimpress\u00f5es. Agradecemos o empenho e compet\u00eancia da equipe da Editora dos Editores, sobretudo ao seu Presidente, Alexandre Massa Rzezinski, e \u00e0 equipe da Triall Editorial, em especial a Andrea Del Arco Esposito. Finalmente, um livro com esta qualidade gr\u00e1fica n\u00e3o seria poss\u00edvel sem o apoio financeiro da empresa PTC Therapeutics, a quem externamos nossa gratid\u00e3o. Esperamos, sinceramente, que esta contribui\u00e7\u00e3o se mostre \u00e0 altura da Neurologia Infantil brasileira. Uma \u00f3tima leitura!<\/p>\n","protected":false},"excerpt":{"rendered":"<p>Nas \u00faltimas d\u00e9cadas houve uma verdadeira revolu\u00e7\u00e3o na Medicina e, talvez com ainda maior intensidade, na Neurologia Infantil. Centenas de novas doen\u00e7as neurol\u00f3gicas com impacto na popula\u00e7\u00e3o pedi\u00e1trica foram descritas, gra\u00e7as, sobretudo, aos avan\u00e7os das t\u00e9cnicas de Neuroimagem e da Gen\u00e9tica Molecular. Exames complementares que at\u00e9 vinte anos atr\u00e1s eram impens\u00e1veis, passaram a fazer parte&hellip;&nbsp;<a href=\"https:\/\/livrariadocampus.com.br\/loja\/produto\/neurologia-infantil-fundamentos-e-pratica-clinica-2-volumes-capa-dura-2023\/\" class=\"\" rel=\"bookmark\">Continue a ler &raquo;<span class=\"screen-reader-text\">Neurologia Infantil: Fundamentos e Pr\u00e1tica Cl\u00ednica 2 volumes Capa dura \u2013  2023<\/span><\/a><\/p>\n","protected":false},"featured_media":7484,"template":"","meta":{"neve_meta_sidebar":"","neve_meta_container":"","neve_meta_enable_content_width":"off","neve_meta_content_width":100,"neve_meta_title_alignment":"","neve_meta_author_avatar":"","neve_post_elements_order":"","neve_meta_disable_header":"","neve_meta_disable_footer":"","neve_meta_disable_title":"","_joinchat":[]},"product_brand":[],"product_cat":[257],"product_tag":[],"class_list":{"0":"post-7482","1":"product","2":"type-product","3":"status-publish","4":"has-post-thumbnail","6":"product_cat-neurologia-infantil","8":"first","9":"instock","10":"shipping-taxable","11":"purchasable","12":"product-type-simple"},"jetpack_sharing_enabled":true,"_links":{"self":[{"href":"https:\/\/livrariadocampus.com.br\/loja\/wp-json\/wp\/v2\/product\/7482","targetHints":{"allow":["GET"]}}],"collection":[{"href":"https:\/\/livrariadocampus.com.br\/loja\/wp-json\/wp\/v2\/product"}],"about":[{"href":"https:\/\/livrariadocampus.com.br\/loja\/wp-json\/wp\/v2\/types\/product"}],"wp:featuredmedia":[{"embeddable":true,"href":"https:\/\/livrariadocampus.com.br\/loja\/wp-json\/wp\/v2\/media\/7484"}],"wp:attachment":[{"href":"https:\/\/livrariadocampus.com.br\/loja\/wp-json\/wp\/v2\/media?parent=7482"}],"wp:term":[{"taxonomy":"product_brand","embeddable":true,"href":"https:\/\/livrariadocampus.com.br\/loja\/wp-json\/wp\/v2\/product_brand?post=7482"},{"taxonomy":"product_cat","embeddable":true,"href":"https:\/\/livrariadocampus.com.br\/loja\/wp-json\/wp\/v2\/product_cat?post=7482"},{"taxonomy":"product_tag","embeddable":true,"href":"https:\/\/livrariadocampus.com.br\/loja\/wp-json\/wp\/v2\/product_tag?post=7482"}],"curies":[{"name":"wp","href":"https:\/\/api.w.org\/{rel}","templated":true}]}}