{"id":7479,"date":"2024-10-14T15:48:24","date_gmt":"2024-10-14T18:48:24","guid":{"rendered":"https:\/\/livrariadocampus.com.br\/loja\/?post_type=product&#038;p=7479"},"modified":"2025-02-04T15:41:04","modified_gmt":"2025-02-04T18:41:04","slug":"endocrinologia-pediatrica-diagnostico-e-conduta-apresentados-na-forma-de-casos-clinicos-capa-dura-2024-por-carlos-alberto-longui","status":"publish","type":"product","link":"https:\/\/livrariadocampus.com.br\/loja\/produto\/endocrinologia-pediatrica-diagnostico-e-conduta-apresentados-na-forma-de-casos-clinicos-capa-dura-2024-por-carlos-alberto-longui\/","title":{"rendered":"Endocrinologia pedi\u00e1trica: Diagn\u00f3stico e conduta apresentados na forma de casos cl\u00ednicos Capa dura \u2013  2024 por Carlos Alberto Longui"},"content":{"rendered":"<p>Em cada caso desta obra, o leitor \u00e9 convidado a formular suas pr\u00f3prias hip\u00f3teses e interpretar os exames diagn\u00f3sticos propostos. Cada caso cl\u00ednico tem um coment\u00e1rio final, em que a experi\u00eancia pr\u00e1tica do autor \u00e9 adicionada, permitindo enriquecer e ampliar a vis\u00e3o do leitor no tema abordado.<br \/>\nPara estimular a reflex\u00e3o, o diagn\u00f3stico da condi\u00e7\u00e3o cl\u00ednica n\u00e3o \u00e9 apresentado no t\u00edtulo de cada caso ou no sum\u00e1rio inicial, mas apenas em um \u00edndice ao final do livro, caso o leitor queira se dirigir ao caso com o diagn\u00f3stico espec\u00edfico.<br \/>\nAl\u00e9m dos casos cl\u00ednicos, tamb\u00e9m foi inclu\u00eddo um Ap\u00eandice completo contendo gr\u00e1ficos populacionais, tabelas de normalidade, valores hormonais de refer\u00eancia, testes hormonais,e as principais medica\u00e7\u00f5es utilizadas.<\/p>\n<p>   Relatar um problema com este produto<\/p>\n","protected":false},"excerpt":{"rendered":"<p>Em cada caso desta obra, o leitor \u00e9 convidado a formular suas pr\u00f3prias hip\u00f3teses e interpretar os exames diagn\u00f3sticos propostos. Cada caso cl\u00ednico tem um coment\u00e1rio final, em que a experi\u00eancia pr\u00e1tica do autor \u00e9 adicionada, permitindo enriquecer e ampliar a vis\u00e3o do leitor no tema abordado. Para estimular a reflex\u00e3o, o diagn\u00f3stico da condi\u00e7\u00e3o&hellip;&nbsp;<a href=\"https:\/\/livrariadocampus.com.br\/loja\/produto\/endocrinologia-pediatrica-diagnostico-e-conduta-apresentados-na-forma-de-casos-clinicos-capa-dura-2024-por-carlos-alberto-longui\/\" class=\"\" rel=\"bookmark\">Continue a ler &raquo;<span class=\"screen-reader-text\">Endocrinologia pedi\u00e1trica: Diagn\u00f3stico e conduta apresentados na forma de casos cl\u00ednicos Capa dura \u2013  2024 por Carlos Alberto Longui<\/span><\/a><\/p>\n","protected":false},"featured_media":7481,"template":"","meta":{"neve_meta_sidebar":"","neve_meta_container":"","neve_meta_enable_content_width":"off","neve_meta_content_width":100,"neve_meta_title_alignment":"","neve_meta_author_avatar":"","neve_post_elements_order":"","neve_meta_disable_header":"","neve_meta_disable_footer":"","neve_meta_disable_title":"","_joinchat":[]},"product_brand":[],"product_cat":[56],"product_tag":[],"class_list":{"0":"post-7479","1":"product","2":"type-product","3":"status-publish","4":"has-post-thumbnail","6":"product_cat-pediatria","8":"first","9":"instock","10":"sold-individually","11":"shipping-taxable","12":"purchasable","13":"product-type-simple"},"jetpack_sharing_enabled":true,"_links":{"self":[{"href":"https:\/\/livrariadocampus.com.br\/loja\/wp-json\/wp\/v2\/product\/7479","targetHints":{"allow":["GET"]}}],"collection":[{"href":"https:\/\/livrariadocampus.com.br\/loja\/wp-json\/wp\/v2\/product"}],"about":[{"href":"https:\/\/livrariadocampus.com.br\/loja\/wp-json\/wp\/v2\/types\/product"}],"wp:featuredmedia":[{"embeddable":true,"href":"https:\/\/livrariadocampus.com.br\/loja\/wp-json\/wp\/v2\/media\/7481"}],"wp:attachment":[{"href":"https:\/\/livrariadocampus.com.br\/loja\/wp-json\/wp\/v2\/media?parent=7479"}],"wp:term":[{"taxonomy":"product_brand","embeddable":true,"href":"https:\/\/livrariadocampus.com.br\/loja\/wp-json\/wp\/v2\/product_brand?post=7479"},{"taxonomy":"product_cat","embeddable":true,"href":"https:\/\/livrariadocampus.com.br\/loja\/wp-json\/wp\/v2\/product_cat?post=7479"},{"taxonomy":"product_tag","embeddable":true,"href":"https:\/\/livrariadocampus.com.br\/loja\/wp-json\/wp\/v2\/product_tag?post=7479"}],"curies":[{"name":"wp","href":"https:\/\/api.w.org\/{rel}","templated":true}]}}