{"id":7470,"date":"2024-09-27T15:54:45","date_gmt":"2024-09-27T18:54:45","guid":{"rendered":"https:\/\/livrariadocampus.com.br\/loja\/?post_type=product&#038;p=7470"},"modified":"2025-01-02T11:07:43","modified_gmt":"2025-01-02T14:07:43","slug":"us-point-of-care-em-pediatria-do-pronto-socorro-1-ed-2024-frete-gratis","status":"publish","type":"product","link":"https:\/\/livrariadocampus.com.br\/loja\/produto\/us-point-of-care-em-pediatria-do-pronto-socorro-1-ed-2024-frete-gratis\/","title":{"rendered":"Us Point-of-care Em Pediatria &#8211; Do Pronto-socorro  1 ED . 2024 FRETE GRATIS"},"content":{"rendered":"<p>US Point-of-Care em Pediatria \u2013 Do Pronto Socorro \u00e0 UTI \u00e9 o primeiro volume da S\u00e9rie: TEMAS PONTUAIS DE ULTRASSOM EM EMERG\u00caNCIA \u2013 DA CRIAN\u00c7A AO ADULTO. A S\u00e9rie e seus respectivos volumes t\u00eam sua origem autoral no Departamento de Pediatria da Faculdade de Medicina de Botucatu da Universidade Estadual Paulista (FMB\/Unesp). O presente volume atende as principais condi\u00e7\u00f5es a seguir: Bases te\u00f3rico-conceituais. Aplica\u00e7\u00f5es cl\u00ednicas \u2013 ultrassom pulmonar, card\u00edaco, transcraniano, abdominal. Condi\u00e7\u00f5es especiais \u2013 parada cardiorrespirat\u00f3ria. Procedimentos guiados por ultrassom \u2013 acesso venoso central e perif\u00e9rico, toracocentese, paracentese, pericardiocentese. Os cap\u00edtulos apresentam QR-Code, que \u00e9 um recurso did\u00e1tico extraordin\u00e1rio que permite ao leitor a visualiza\u00e7\u00e3o das imagens em seus m\u00ednimos detalhes. US Point-of-Care em Pediatria \u2013 Do Pronto Socorro \u00e0 UTI tem seu corpo editorial formado por 4 Editores do Volume, 19 Colaboradores, apresenta 14 Cap\u00edtulos, em 144 p\u00e1ginas. Seu p\u00fablico-alvo est\u00e1 formado por Pediatras, Pediatras-Socorristas, Pediatras-Intensivistas e Especialistas em Ultrassom.<\/p>\n","protected":false},"excerpt":{"rendered":"<p>US Point-of-Care em Pediatria \u2013 Do Pronto Socorro \u00e0 UTI \u00e9 o primeiro volume da S\u00e9rie: TEMAS PONTUAIS DE ULTRASSOM EM EMERG\u00caNCIA \u2013 DA CRIAN\u00c7A AO ADULTO. A S\u00e9rie e seus respectivos volumes t\u00eam sua origem autoral no Departamento de Pediatria da Faculdade de Medicina de Botucatu da Universidade Estadual Paulista (FMB\/Unesp). O presente volume&hellip;&nbsp;<a href=\"https:\/\/livrariadocampus.com.br\/loja\/produto\/us-point-of-care-em-pediatria-do-pronto-socorro-1-ed-2024-frete-gratis\/\" class=\"\" rel=\"bookmark\">Continue a ler &raquo;<span class=\"screen-reader-text\">Us Point-of-care Em Pediatria &#8211; Do Pronto-socorro  1 ED . 2024 FRETE GRATIS<\/span><\/a><\/p>\n","protected":false},"featured_media":7471,"template":"","meta":{"neve_meta_sidebar":"","neve_meta_container":"","neve_meta_enable_content_width":"off","neve_meta_content_width":100,"neve_meta_title_alignment":"","neve_meta_author_avatar":"","neve_post_elements_order":"","neve_meta_disable_header":"","neve_meta_disable_footer":"","neve_meta_disable_title":"","_joinchat":{"telephone":"+5514981469902"}},"product_brand":[],"product_cat":[25,56],"product_tag":[],"class_list":{"0":"post-7470","1":"product","2":"type-product","3":"status-publish","4":"has-post-thumbnail","6":"product_cat-lancamentos","7":"product_cat-pediatria","9":"first","10":"instock","11":"sold-individually","12":"shipping-taxable","13":"purchasable","14":"product-type-simple"},"jetpack_sharing_enabled":true,"_links":{"self":[{"href":"https:\/\/livrariadocampus.com.br\/loja\/wp-json\/wp\/v2\/product\/7470","targetHints":{"allow":["GET"]}}],"collection":[{"href":"https:\/\/livrariadocampus.com.br\/loja\/wp-json\/wp\/v2\/product"}],"about":[{"href":"https:\/\/livrariadocampus.com.br\/loja\/wp-json\/wp\/v2\/types\/product"}],"wp:featuredmedia":[{"embeddable":true,"href":"https:\/\/livrariadocampus.com.br\/loja\/wp-json\/wp\/v2\/media\/7471"}],"wp:attachment":[{"href":"https:\/\/livrariadocampus.com.br\/loja\/wp-json\/wp\/v2\/media?parent=7470"}],"wp:term":[{"taxonomy":"product_brand","embeddable":true,"href":"https:\/\/livrariadocampus.com.br\/loja\/wp-json\/wp\/v2\/product_brand?post=7470"},{"taxonomy":"product_cat","embeddable":true,"href":"https:\/\/livrariadocampus.com.br\/loja\/wp-json\/wp\/v2\/product_cat?post=7470"},{"taxonomy":"product_tag","embeddable":true,"href":"https:\/\/livrariadocampus.com.br\/loja\/wp-json\/wp\/v2\/product_tag?post=7470"}],"curies":[{"name":"wp","href":"https:\/\/api.w.org\/{rel}","templated":true}]}}