{"id":7457,"date":"2024-08-06T16:40:41","date_gmt":"2024-08-06T19:40:41","guid":{"rendered":"https:\/\/livrariadocampus.com.br\/loja\/?post_type=product&#038;p=7457"},"modified":"2025-01-02T11:07:55","modified_gmt":"2025-01-02T14:07:55","slug":"hematologia-citologia-e-bioquimica-clinica-veterinaria-edicao-32024-frete-gratis","status":"publish","type":"product","link":"https:\/\/livrariadocampus.com.br\/loja\/produto\/hematologia-citologia-e-bioquimica-clinica-veterinaria-edicao-32024-frete-gratis\/","title":{"rendered":"Hematologia, Citologia e Bioqu\u00edmica Cl\u00ednica Veterin\u00e1ria   Edi\u00e7\u00e3o: 3|2024 FRETE GRATIS"},"content":{"rendered":"<p>Excelente fonte de consulta e atualiza\u00e7\u00e3o \u00e0queles que desejam conhecer os avan\u00e7os tecnol\u00f3gicos e aprimorar seus locais de atendimentos veterin\u00e1r<\/p>\n","protected":false},"excerpt":{"rendered":"<p>Excelente fonte de consulta e atualiza\u00e7\u00e3o \u00e0queles que desejam conhecer os avan\u00e7os tecnol\u00f3gicos e aprimorar seus locais de atendimentos veterin\u00e1r<\/p>\n","protected":false},"featured_media":7458,"template":"","meta":{"neve_meta_sidebar":"","neve_meta_container":"","neve_meta_enable_content_width":"off","neve_meta_content_width":100,"neve_meta_title_alignment":"","neve_meta_author_avatar":"","neve_post_elements_order":"","neve_meta_disable_header":"","neve_meta_disable_footer":"","neve_meta_disable_title":"","_joinchat":[]},"product_brand":[],"product_cat":[253],"product_tag":[],"class_list":{"0":"post-7457","1":"product","2":"type-product","3":"status-publish","4":"has-post-thumbnail","6":"product_cat-veterinaria-e-zootecnia","8":"first","9":"instock","10":"sold-individually","11":"shipping-taxable","12":"purchasable","13":"product-type-simple"},"jetpack_sharing_enabled":true,"_links":{"self":[{"href":"https:\/\/livrariadocampus.com.br\/loja\/wp-json\/wp\/v2\/product\/7457","targetHints":{"allow":["GET"]}}],"collection":[{"href":"https:\/\/livrariadocampus.com.br\/loja\/wp-json\/wp\/v2\/product"}],"about":[{"href":"https:\/\/livrariadocampus.com.br\/loja\/wp-json\/wp\/v2\/types\/product"}],"wp:featuredmedia":[{"embeddable":true,"href":"https:\/\/livrariadocampus.com.br\/loja\/wp-json\/wp\/v2\/media\/7458"}],"wp:attachment":[{"href":"https:\/\/livrariadocampus.com.br\/loja\/wp-json\/wp\/v2\/media?parent=7457"}],"wp:term":[{"taxonomy":"product_brand","embeddable":true,"href":"https:\/\/livrariadocampus.com.br\/loja\/wp-json\/wp\/v2\/product_brand?post=7457"},{"taxonomy":"product_cat","embeddable":true,"href":"https:\/\/livrariadocampus.com.br\/loja\/wp-json\/wp\/v2\/product_cat?post=7457"},{"taxonomy":"product_tag","embeddable":true,"href":"https:\/\/livrariadocampus.com.br\/loja\/wp-json\/wp\/v2\/product_tag?post=7457"}],"curies":[{"name":"wp","href":"https:\/\/api.w.org\/{rel}","templated":true}]}}