{"id":7455,"date":"2024-08-06T16:37:40","date_gmt":"2024-08-06T19:37:40","guid":{"rendered":"https:\/\/livrariadocampus.com.br\/loja\/?post_type=product&#038;p=7455"},"modified":"2025-01-02T11:08:07","modified_gmt":"2025-01-02T14:08:07","slug":"netter-anatomia-para-colorir-edicao-32024","status":"publish","type":"product","link":"https:\/\/livrariadocampus.com.br\/loja\/produto\/netter-anatomia-para-colorir-edicao-32024\/","title":{"rendered":"Netter Anatomia Para Colorir   Edi\u00e7\u00e3o: 3|2024 FRETE GRATIS"},"content":{"rendered":"<p>Organizado por sistemas do corpo, este livro promove aprendizado ativo com base nas famosas ilustra\u00e7\u00f5es do Netter e em recursos did\u00e1ticos que levam o leitor a compreender a import\u00e2ncia das estruturas destacadas, em termos anat\u00f4micos e funcionais.<\/p>\n","protected":false},"excerpt":{"rendered":"<p>Organizado por sistemas do corpo, este livro promove aprendizado ativo com base nas famosas ilustra\u00e7\u00f5es do Netter e em recursos did\u00e1ticos que levam o leitor a compreender a import\u00e2ncia das estruturas destacadas, em termos anat\u00f4micos e funcionais.<\/p>\n","protected":false},"featured_media":7456,"template":"","meta":{"neve_meta_sidebar":"","neve_meta_container":"","neve_meta_enable_content_width":"off","neve_meta_content_width":100,"neve_meta_title_alignment":"","neve_meta_author_avatar":"","neve_post_elements_order":"","neve_meta_disable_header":"","neve_meta_disable_footer":"","neve_meta_disable_title":"","_joinchat":[]},"product_brand":[],"product_cat":[126],"product_tag":[],"class_list":{"0":"post-7455","1":"product","2":"type-product","3":"status-publish","4":"has-post-thumbnail","6":"product_cat-anatomia-embriologia-histologi","8":"first","9":"instock","10":"sold-individually","11":"shipping-taxable","12":"purchasable","13":"product-type-simple"},"jetpack_sharing_enabled":true,"_links":{"self":[{"href":"https:\/\/livrariadocampus.com.br\/loja\/wp-json\/wp\/v2\/product\/7455","targetHints":{"allow":["GET"]}}],"collection":[{"href":"https:\/\/livrariadocampus.com.br\/loja\/wp-json\/wp\/v2\/product"}],"about":[{"href":"https:\/\/livrariadocampus.com.br\/loja\/wp-json\/wp\/v2\/types\/product"}],"wp:featuredmedia":[{"embeddable":true,"href":"https:\/\/livrariadocampus.com.br\/loja\/wp-json\/wp\/v2\/media\/7456"}],"wp:attachment":[{"href":"https:\/\/livrariadocampus.com.br\/loja\/wp-json\/wp\/v2\/media?parent=7455"}],"wp:term":[{"taxonomy":"product_brand","embeddable":true,"href":"https:\/\/livrariadocampus.com.br\/loja\/wp-json\/wp\/v2\/product_brand?post=7455"},{"taxonomy":"product_cat","embeddable":true,"href":"https:\/\/livrariadocampus.com.br\/loja\/wp-json\/wp\/v2\/product_cat?post=7455"},{"taxonomy":"product_tag","embeddable":true,"href":"https:\/\/livrariadocampus.com.br\/loja\/wp-json\/wp\/v2\/product_tag?post=7455"}],"curies":[{"name":"wp","href":"https:\/\/api.w.org\/{rel}","templated":true}]}}