{"id":7453,"date":"2024-08-06T16:33:50","date_gmt":"2024-08-06T19:33:50","guid":{"rendered":"https:\/\/livrariadocampus.com.br\/loja\/?post_type=product&#038;p=7453"},"modified":"2025-03-31T17:41:46","modified_gmt":"2025-03-31T20:41:46","slug":"principios-de-nefrologia-e-disturbios-hidreletroliticos-edicao-7-2024","status":"publish","type":"product","link":"https:\/\/livrariadocampus.com.br\/loja\/produto\/principios-de-nefrologia-e-disturbios-hidreletroliticos-edicao-7-2024\/","title":{"rendered":"Principios de Nefrologia e Disturbios Hid.   Edi\u00e7\u00e3o: 7|  2024 FRETE GRATIS"},"content":{"rendered":"<p>H\u00e1 mais de quatro d\u00e9cadas, esta obra tem sido adotada pela maioria das escolas brasileiras de Medicina e \u00e9 indispens\u00e1vel a todos os profissionais envolvidos no cuidado de pacientes portadores de doen\u00e7as renais. A s\u00e9tima edi\u00e7\u00e3o de Princ\u00edpios de Nefrologia e Dist\u00farbios Hidreletrol\u00edticos foi revisada e atualizada pelos mais renomados representantes da Nefrologia nacional e internacional. Com s\u00f3lida fundamenta\u00e7\u00e3o cient\u00edfica, clareza e objetividade, seu conte\u00fado \u00e9 permeado de quadros, imagens e pontos-chave em destaque, que o tornam ainda mais did\u00e1tico.<\/p>\n<p>Os temas abordam, detalhadamente, desde estrutura e fun\u00e7\u00e3o dos rins at\u00e9 patogenia e fisiopatologia das doen\u00e7as renais, considerando o manejo do paciente, a realiza\u00e7\u00e3o de di\u00e1lise e at\u00e9 mesmo a necessidade de transplante renal. Al\u00e9m disso, s\u00e3o apresentadas novas perspectivas em Nefrologia, refletindo o grande avan\u00e7o da gen\u00e9tica nesse campo, com a realiza\u00e7\u00e3o de pesquisas cl\u00ednicas e o uso de c\u00e9lulas-tronco, bem como um cap\u00edtulo com t\u00edtulo provocativo \u2013 Um futuro para a Nefrologia? \u2013 de autoria de Richard J. Glassock, professor em\u00e9rito da David Geffen School of Medicine da Universidade da Calif\u00f3rnia em Los Angeles (UCLA).<\/p>\n","protected":false},"excerpt":{"rendered":"<p>H\u00e1 mais de quatro d\u00e9cadas, esta obra tem sido adotada pela maioria das escolas brasileiras de Medicina e \u00e9 indispens\u00e1vel a todos os profissionais envolvidos no cuidado de pacientes portadores de doen\u00e7as renais. A s\u00e9tima edi\u00e7\u00e3o de Princ\u00edpios de Nefrologia e Dist\u00farbios Hidreletrol\u00edticos foi revisada e atualizada pelos mais renomados representantes da Nefrologia nacional e&hellip;&nbsp;<a href=\"https:\/\/livrariadocampus.com.br\/loja\/produto\/principios-de-nefrologia-e-disturbios-hidreletroliticos-edicao-7-2024\/\" class=\"\" rel=\"bookmark\">Continue a ler &raquo;<span class=\"screen-reader-text\">Principios de Nefrologia e Disturbios Hid.   Edi\u00e7\u00e3o: 7|  2024 FRETE GRATIS<\/span><\/a><\/p>\n","protected":false},"featured_media":7454,"template":"","meta":{"neve_meta_sidebar":"","neve_meta_container":"","neve_meta_enable_content_width":"off","neve_meta_content_width":100,"neve_meta_title_alignment":"","neve_meta_author_avatar":"","neve_post_elements_order":"","neve_meta_disable_header":"","neve_meta_disable_footer":"","neve_meta_disable_title":"","_joinchat":[]},"product_brand":[],"product_cat":[111],"product_tag":[],"class_list":{"0":"post-7453","1":"product","2":"type-product","3":"status-publish","4":"has-post-thumbnail","6":"product_cat-neurologia","8":"first","9":"instock","10":"sale","11":"sold-individually","12":"shipping-taxable","13":"purchasable","14":"product-type-simple"},"jetpack_sharing_enabled":true,"_links":{"self":[{"href":"https:\/\/livrariadocampus.com.br\/loja\/wp-json\/wp\/v2\/product\/7453","targetHints":{"allow":["GET"]}}],"collection":[{"href":"https:\/\/livrariadocampus.com.br\/loja\/wp-json\/wp\/v2\/product"}],"about":[{"href":"https:\/\/livrariadocampus.com.br\/loja\/wp-json\/wp\/v2\/types\/product"}],"wp:featuredmedia":[{"embeddable":true,"href":"https:\/\/livrariadocampus.com.br\/loja\/wp-json\/wp\/v2\/media\/7454"}],"wp:attachment":[{"href":"https:\/\/livrariadocampus.com.br\/loja\/wp-json\/wp\/v2\/media?parent=7453"}],"wp:term":[{"taxonomy":"product_brand","embeddable":true,"href":"https:\/\/livrariadocampus.com.br\/loja\/wp-json\/wp\/v2\/product_brand?post=7453"},{"taxonomy":"product_cat","embeddable":true,"href":"https:\/\/livrariadocampus.com.br\/loja\/wp-json\/wp\/v2\/product_cat?post=7453"},{"taxonomy":"product_tag","embeddable":true,"href":"https:\/\/livrariadocampus.com.br\/loja\/wp-json\/wp\/v2\/product_tag?post=7453"}],"curies":[{"name":"wp","href":"https:\/\/api.w.org\/{rel}","templated":true}]}}