{"id":7451,"date":"2024-08-05T17:17:21","date_gmt":"2024-08-05T20:17:21","guid":{"rendered":"https:\/\/livrariadocampus.com.br\/loja\/?post_type=product&#038;p=7451"},"modified":"2025-01-17T15:02:22","modified_gmt":"2025-01-17T18:02:22","slug":"u-t-i-em-pediatria-3-edicao-2024-lancamento","status":"publish","type":"product","link":"https:\/\/livrariadocampus.com.br\/loja\/produto\/u-t-i-em-pediatria-3-edicao-2024-lancamento\/","title":{"rendered":"U T I EM PEDIATRIA  3 EDI\u00c7\u00c3O  2024 LAN\u00c7AMENTO FRETE GRATIS"},"content":{"rendered":"<p>Indispens\u00e1vel aos profissionais de Sa\u00fade que atuam nas \u00e1reas de Medicina Intensiva e Emerg\u00eancias Pedi\u00e1tricas, UTI Pedi\u00e1trica, em sua terceira edi\u00e7\u00e3o, traz atualiza\u00e7\u00f5es com base nos mais recentes consensos e diretrizes e novos cap\u00edtulos relevantes ao tema.<\/p>\n","protected":false},"excerpt":{"rendered":"<p>Indispens\u00e1vel aos profissionais de Sa\u00fade que atuam nas \u00e1reas de Medicina Intensiva e Emerg\u00eancias Pedi\u00e1tricas, UTI Pedi\u00e1trica, em sua terceira edi\u00e7\u00e3o, traz atualiza\u00e7\u00f5es com base nos mais recentes consensos e diretrizes e novos cap\u00edtulos relevantes ao tema.<\/p>\n","protected":false},"featured_media":7452,"template":"","meta":{"neve_meta_sidebar":"","neve_meta_container":"","neve_meta_enable_content_width":"off","neve_meta_content_width":100,"neve_meta_title_alignment":"","neve_meta_author_avatar":"","neve_post_elements_order":"","neve_meta_disable_header":"","neve_meta_disable_footer":"","neve_meta_disable_title":"","_joinchat":[]},"product_brand":[],"product_cat":[182,55],"product_tag":[],"class_list":{"0":"post-7451","1":"product","2":"type-product","3":"status-publish","4":"has-post-thumbnail","6":"product_cat-pediatria-neonatologia","7":"product_cat-terapia-intensiva-adulto-e-pediatrico","9":"first","10":"instock","11":"shipping-taxable","12":"purchasable","13":"product-type-simple"},"jetpack_sharing_enabled":true,"_links":{"self":[{"href":"https:\/\/livrariadocampus.com.br\/loja\/wp-json\/wp\/v2\/product\/7451","targetHints":{"allow":["GET"]}}],"collection":[{"href":"https:\/\/livrariadocampus.com.br\/loja\/wp-json\/wp\/v2\/product"}],"about":[{"href":"https:\/\/livrariadocampus.com.br\/loja\/wp-json\/wp\/v2\/types\/product"}],"wp:featuredmedia":[{"embeddable":true,"href":"https:\/\/livrariadocampus.com.br\/loja\/wp-json\/wp\/v2\/media\/7452"}],"wp:attachment":[{"href":"https:\/\/livrariadocampus.com.br\/loja\/wp-json\/wp\/v2\/media?parent=7451"}],"wp:term":[{"taxonomy":"product_brand","embeddable":true,"href":"https:\/\/livrariadocampus.com.br\/loja\/wp-json\/wp\/v2\/product_brand?post=7451"},{"taxonomy":"product_cat","embeddable":true,"href":"https:\/\/livrariadocampus.com.br\/loja\/wp-json\/wp\/v2\/product_cat?post=7451"},{"taxonomy":"product_tag","embeddable":true,"href":"https:\/\/livrariadocampus.com.br\/loja\/wp-json\/wp\/v2\/product_tag?post=7451"}],"curies":[{"name":"wp","href":"https:\/\/api.w.org\/{rel}","templated":true}]}}