{"id":7438,"date":"2024-06-11T15:25:55","date_gmt":"2024-06-11T18:25:55","guid":{"rendered":"https:\/\/livrariadocampus.com.br\/loja\/?post_type=product&#038;p=7438"},"modified":"2025-02-04T15:41:37","modified_gmt":"2025-02-04T18:41:37","slug":"metodos-graficos-em-cardiologia-guia-essencial-na-pratica-clinica-capa-dura-2024-por-william-azem-chalela-editor-roberto-kalil-filho","status":"publish","type":"product","link":"https:\/\/livrariadocampus.com.br\/loja\/produto\/metodos-graficos-em-cardiologia-guia-essencial-na-pratica-clinica-capa-dura-2024-por-william-azem-chalela-editor-roberto-kalil-filho\/","title":{"rendered":"M\u00e9todos Gr\u00e1ficos em Cardiologia &#8211; Guia Essencial na Pr\u00e1tica Cl\u00ednica Capa dura \u20132024 por William Azem Chalela (Editor), Roberto Kalil Filho FRETE GRATIS"},"content":{"rendered":"<p>M\u00e9todos Gr\u00e1ficos em Cardiologia \u2013 Guia Essencial na Pr\u00e1tica Cl\u00ednica \u00e9 mais uma das not\u00e1veis publica\u00e7\u00f5es da S\u00e9rie Incor de Cardiologia.<br \/>\n\u00c9 uma obra abrangente, atualizada, que associa os principais m\u00e9todos gr\u00e1ficos \u00e0s doen\u00e7as cardiovasculares. Tudo leva, assim, \u00e0 excel\u00eancia diagn\u00f3stica.<br \/>\nO livro apresenta os seguintes principais m\u00e9todos, enriquecidos por ap\u00eandices em QR Code. Com isso, o leitor consegue relacionar a descri\u00e7\u00e3o do m\u00e9todo e sua interpreta\u00e7\u00e3o \u00e0 doen\u00e7a cardiovascular propriamente dita.<br \/>\nOs principais m\u00e9todos utilizados s\u00e3o:<\/p>\n<p>Eletrocardiograma (ECG)<br \/>\nTeste ergom\u00e9trico<br \/>\nTeste cardiopulmonar de exerc\u00edcio<br \/>\nMonitoriza\u00e7\u00e3o prolongada do ECG \u2013 Holter<br \/>\nMonitoriza\u00e7\u00e3o ambulatorial da press\u00e3o arterial (MAPA)<\/p>\n","protected":false},"excerpt":{"rendered":"<p>M\u00e9todos Gr\u00e1ficos em Cardiologia \u2013 Guia Essencial na Pr\u00e1tica Cl\u00ednica \u00e9 mais uma das not\u00e1veis publica\u00e7\u00f5es da S\u00e9rie Incor de Cardiologia. \u00c9 uma obra abrangente, atualizada, que associa os principais m\u00e9todos gr\u00e1ficos \u00e0s doen\u00e7as cardiovasculares. Tudo leva, assim, \u00e0 excel\u00eancia diagn\u00f3stica. O livro apresenta os seguintes principais m\u00e9todos, enriquecidos por ap\u00eandices em QR Code. Com&hellip;&nbsp;<a href=\"https:\/\/livrariadocampus.com.br\/loja\/produto\/metodos-graficos-em-cardiologia-guia-essencial-na-pratica-clinica-capa-dura-2024-por-william-azem-chalela-editor-roberto-kalil-filho\/\" class=\"\" rel=\"bookmark\">Continue a ler &raquo;<span class=\"screen-reader-text\">M\u00e9todos Gr\u00e1ficos em Cardiologia &#8211; Guia Essencial na Pr\u00e1tica Cl\u00ednica Capa dura \u20132024 por William Azem Chalela (Editor), Roberto Kalil Filho FRETE GRATIS<\/span><\/a><\/p>\n","protected":false},"featured_media":7439,"template":"","meta":{"neve_meta_sidebar":"","neve_meta_container":"","neve_meta_enable_content_width":"off","neve_meta_content_width":100,"neve_meta_title_alignment":"","neve_meta_author_avatar":"","neve_post_elements_order":"","neve_meta_disable_header":"","neve_meta_disable_footer":"","neve_meta_disable_title":"","_joinchat":[]},"product_brand":[],"product_cat":[65],"product_tag":[],"class_list":{"0":"post-7438","1":"product","2":"type-product","3":"status-publish","4":"has-post-thumbnail","6":"product_cat-cardiologia","8":"first","9":"instock","10":"sold-individually","11":"shipping-taxable","12":"purchasable","13":"product-type-simple"},"jetpack_sharing_enabled":true,"_links":{"self":[{"href":"https:\/\/livrariadocampus.com.br\/loja\/wp-json\/wp\/v2\/product\/7438","targetHints":{"allow":["GET"]}}],"collection":[{"href":"https:\/\/livrariadocampus.com.br\/loja\/wp-json\/wp\/v2\/product"}],"about":[{"href":"https:\/\/livrariadocampus.com.br\/loja\/wp-json\/wp\/v2\/types\/product"}],"wp:featuredmedia":[{"embeddable":true,"href":"https:\/\/livrariadocampus.com.br\/loja\/wp-json\/wp\/v2\/media\/7439"}],"wp:attachment":[{"href":"https:\/\/livrariadocampus.com.br\/loja\/wp-json\/wp\/v2\/media?parent=7438"}],"wp:term":[{"taxonomy":"product_brand","embeddable":true,"href":"https:\/\/livrariadocampus.com.br\/loja\/wp-json\/wp\/v2\/product_brand?post=7438"},{"taxonomy":"product_cat","embeddable":true,"href":"https:\/\/livrariadocampus.com.br\/loja\/wp-json\/wp\/v2\/product_cat?post=7438"},{"taxonomy":"product_tag","embeddable":true,"href":"https:\/\/livrariadocampus.com.br\/loja\/wp-json\/wp\/v2\/product_tag?post=7438"}],"curies":[{"name":"wp","href":"https:\/\/api.w.org\/{rel}","templated":true}]}}