{"id":7434,"date":"2024-06-11T15:16:41","date_gmt":"2024-06-11T18:16:41","guid":{"rendered":"https:\/\/livrariadocampus.com.br\/loja\/?post_type=product&#038;p=7434"},"modified":"2024-11-26T18:05:36","modified_gmt":"2024-11-26T21:05:36","slug":"o-paciente-cirurgico-de-alto-risco-condutas-no-perioperatorio-capa-dura-2-edicao-2024","status":"publish","type":"product","link":"https:\/\/livrariadocampus.com.br\/loja\/produto\/o-paciente-cirurgico-de-alto-risco-condutas-no-perioperatorio-capa-dura-2-edicao-2024\/","title":{"rendered":"O Paciente Cir\u00fargico De Alto Risco &#8211; Condutas No Perioperat\u00f3rio Capa dura \u20132 EDI\u00c7\u00c3O 2024 FRETE GRATIS"},"content":{"rendered":"<p>O Paciente Cir\u00fargico de Alto Risco &#8211; Condutas no Perioperat\u00f3rio \u00e9 indispens\u00e1vel para profissionais que enfrentam os desafios dos pacientes cir\u00fargicos de alto risco. Integrando teoria e pr\u00e1tica, o livro \u00e9 fruto da colabora\u00e7\u00e3o de renomados especialistas do Complexo Hospitalar das Cl\u00ednicas da Faculdade de Medicina da Universidade de S\u00e3o Paulo. Destaques da obra: Abordagem Pr\u00e1tica e Direta: Orienta\u00e7\u00f5es claras e aplic\u00e1veis, fundamentais para a tomada de decis\u00e3o r\u00e1pida e eficaz no ambiente intensivo. Baseada em Evid\u00eancias: Atualiza\u00e7\u00f5es recentes e confi\u00e1veis, refletindo as melhores pr\u00e1ticas e avan\u00e7os na medicina baseada em evid\u00eancias. Cobertura Integral: Discuss\u00e3o detalhada que atravessa todas as fases perioperat\u00f3rias \u2013 pr\u00e9-operat\u00f3rio, intraoperat\u00f3rio e p\u00f3s-operat\u00f3rio. Enfoque Multidisciplinar: Informa\u00e7\u00f5es valiosas para cirurgi\u00f5es, intensivistas, cardiologistas, anestesiologistas, cl\u00ednicos gerais, enfermeiros e fisioterapeutas especializados em cuidados intensivos. Com 73 cap\u00edtulos e 880 p\u00e1ginas, organizados em 6 se\u00e7\u00f5es essenciais, o livro foi elaborado por 1 editor e 5 coeditores, contando com a experi\u00eancia de 68 colaboradores. Uma fonte essencial para profissionais que buscam excel\u00eancia no cuidado ao paciente cir\u00fargico de alto risco.<\/p>\n","protected":false},"excerpt":{"rendered":"<p>O Paciente Cir\u00fargico de Alto Risco &#8211; Condutas no Perioperat\u00f3rio \u00e9 indispens\u00e1vel para profissionais que enfrentam os desafios dos pacientes cir\u00fargicos de alto risco. Integrando teoria e pr\u00e1tica, o livro \u00e9 fruto da colabora\u00e7\u00e3o de renomados especialistas do Complexo Hospitalar das Cl\u00ednicas da Faculdade de Medicina da Universidade de S\u00e3o Paulo. Destaques da obra: Abordagem&hellip;&nbsp;<a href=\"https:\/\/livrariadocampus.com.br\/loja\/produto\/o-paciente-cirurgico-de-alto-risco-condutas-no-perioperatorio-capa-dura-2-edicao-2024\/\" class=\"\" rel=\"bookmark\">Continue a ler &raquo;<span class=\"screen-reader-text\">O Paciente Cir\u00fargico De Alto Risco &#8211; Condutas No Perioperat\u00f3rio Capa dura \u20132 EDI\u00c7\u00c3O 2024 FRETE GRATIS<\/span><\/a><\/p>\n","protected":false},"featured_media":7435,"template":"","meta":{"neve_meta_sidebar":"","neve_meta_container":"","neve_meta_enable_content_width":"off","neve_meta_content_width":100,"neve_meta_title_alignment":"","neve_meta_author_avatar":"","neve_post_elements_order":"","neve_meta_disable_header":"","neve_meta_disable_footer":"","neve_meta_disable_title":"","_joinchat":[]},"product_brand":[],"product_cat":[176,55],"product_tag":[],"class_list":{"0":"post-7434","1":"product","2":"type-product","3":"status-publish","4":"has-post-thumbnail","6":"product_cat-cirurgia","7":"product_cat-terapia-intensiva-adulto-e-pediatrico","9":"first","10":"instock","11":"sale","12":"shipping-taxable","13":"purchasable","14":"product-type-simple"},"jetpack_sharing_enabled":true,"_links":{"self":[{"href":"https:\/\/livrariadocampus.com.br\/loja\/wp-json\/wp\/v2\/product\/7434","targetHints":{"allow":["GET"]}}],"collection":[{"href":"https:\/\/livrariadocampus.com.br\/loja\/wp-json\/wp\/v2\/product"}],"about":[{"href":"https:\/\/livrariadocampus.com.br\/loja\/wp-json\/wp\/v2\/types\/product"}],"wp:featuredmedia":[{"embeddable":true,"href":"https:\/\/livrariadocampus.com.br\/loja\/wp-json\/wp\/v2\/media\/7435"}],"wp:attachment":[{"href":"https:\/\/livrariadocampus.com.br\/loja\/wp-json\/wp\/v2\/media?parent=7434"}],"wp:term":[{"taxonomy":"product_brand","embeddable":true,"href":"https:\/\/livrariadocampus.com.br\/loja\/wp-json\/wp\/v2\/product_brand?post=7434"},{"taxonomy":"product_cat","embeddable":true,"href":"https:\/\/livrariadocampus.com.br\/loja\/wp-json\/wp\/v2\/product_cat?post=7434"},{"taxonomy":"product_tag","embeddable":true,"href":"https:\/\/livrariadocampus.com.br\/loja\/wp-json\/wp\/v2\/product_tag?post=7434"}],"curies":[{"name":"wp","href":"https:\/\/api.w.org\/{rel}","templated":true}]}}