{"id":7427,"date":"2024-06-07T16:29:12","date_gmt":"2024-06-07T19:29:12","guid":{"rendered":"https:\/\/livrariadocampus.com.br\/loja\/?post_type=product&#038;p=7427"},"modified":"2025-02-20T15:16:01","modified_gmt":"2025-02-20T18:16:01","slug":"no-pix-frete-gratis","status":"publish","type":"product","link":"https:\/\/livrariadocampus.com.br\/loja\/produto\/no-pix-frete-gratis\/","title":{"rendered":"Fundamentos de Enfermagem 11 EDI\u00c7\u00c3O 2024 por Patricia A. Potter (Autor) FRETE GRATIS"},"content":{"rendered":"<p>O campo da Enfermagem est\u00e1 em constante movimento, sempre reagindo a novidades e atualiza\u00e7\u00f5es. Isso exige dos profissionais da \u00e1rea uma base de conhecimento s\u00f3lida e a aplica\u00e7\u00e3o de pensamento cr\u00edtico para garantir os melhores desfechos para seus pacientes. Muito mais do que executar tarefas, os enfermeiros t\u00eam assumido cada vez mais lideran\u00e7a na preserva\u00e7\u00e3o e nos cuidados de sa\u00fade da popula\u00e7\u00e3o. Para formar profissionais preparados para esses desafios, a 11\u00aa edi\u00e7\u00e3o de Fundamentos de Enfermagem apresenta os conceitos e as t\u00e9cnicas essenciais para a pr\u00e1tica de Enfermagem segura e eficiente. Com foco em assist\u00eancia centrada no paciente, aborda os cuidados b\u00e1sicos, agudos e restaurativos; a promo\u00e7\u00e3o do bem-estar; o respeito \u00e0 cultura e \u00e0 diversidade; os procedimentos de Enfermagem; as pr\u00e1ticas baseadas em evid\u00eancias; e muito mais. Tudo isso de maneira clara, bem ilustrada, exemplificada por meio de relatos de casos reais e refor\u00e7ada por quest\u00f5es de revis\u00e3o. Especialmente indicada para estudantes de Enfermagem, esta obra \u00e9 perfeita para aqueles que exprimem seu amor pela profiss\u00e3o adquirindo conhecimento e elevando a qualidade da sua pr\u00e1tica. ?<br \/>\n   Relatar um problema com este produto<\/p>\n","protected":false},"excerpt":{"rendered":"<p>O campo da Enfermagem est\u00e1 em constante movimento, sempre reagindo a novidades e atualiza\u00e7\u00f5es. Isso exige dos profissionais da \u00e1rea uma base de conhecimento s\u00f3lida e a aplica\u00e7\u00e3o de pensamento cr\u00edtico para garantir os melhores desfechos para seus pacientes. Muito mais do que executar tarefas, os enfermeiros t\u00eam assumido cada vez mais lideran\u00e7a na preserva\u00e7\u00e3o&hellip;&nbsp;<a href=\"https:\/\/livrariadocampus.com.br\/loja\/produto\/no-pix-frete-gratis\/\" class=\"\" rel=\"bookmark\">Continue a ler &raquo;<span class=\"screen-reader-text\">Fundamentos de Enfermagem 11 EDI\u00c7\u00c3O 2024 por Patricia A. Potter (Autor) FRETE GRATIS<\/span><\/a><\/p>\n","protected":false},"featured_media":7428,"template":"","meta":{"neve_meta_sidebar":"","neve_meta_container":"","neve_meta_enable_content_width":"off","neve_meta_content_width":100,"neve_meta_title_alignment":"","neve_meta_author_avatar":"","neve_post_elements_order":"","neve_meta_disable_header":"","neve_meta_disable_footer":"","neve_meta_disable_title":"","_joinchat":[]},"product_brand":[],"product_cat":[68,25],"product_tag":[],"class_list":{"0":"post-7427","1":"product","2":"type-product","3":"status-publish","4":"has-post-thumbnail","6":"product_cat-enfermagem","7":"product_cat-lancamentos","9":"first","10":"instock","11":"sale","12":"sold-individually","13":"shipping-taxable","14":"purchasable","15":"product-type-simple"},"jetpack_sharing_enabled":true,"_links":{"self":[{"href":"https:\/\/livrariadocampus.com.br\/loja\/wp-json\/wp\/v2\/product\/7427","targetHints":{"allow":["GET"]}}],"collection":[{"href":"https:\/\/livrariadocampus.com.br\/loja\/wp-json\/wp\/v2\/product"}],"about":[{"href":"https:\/\/livrariadocampus.com.br\/loja\/wp-json\/wp\/v2\/types\/product"}],"wp:featuredmedia":[{"embeddable":true,"href":"https:\/\/livrariadocampus.com.br\/loja\/wp-json\/wp\/v2\/media\/7428"}],"wp:attachment":[{"href":"https:\/\/livrariadocampus.com.br\/loja\/wp-json\/wp\/v2\/media?parent=7427"}],"wp:term":[{"taxonomy":"product_brand","embeddable":true,"href":"https:\/\/livrariadocampus.com.br\/loja\/wp-json\/wp\/v2\/product_brand?post=7427"},{"taxonomy":"product_cat","embeddable":true,"href":"https:\/\/livrariadocampus.com.br\/loja\/wp-json\/wp\/v2\/product_cat?post=7427"},{"taxonomy":"product_tag","embeddable":true,"href":"https:\/\/livrariadocampus.com.br\/loja\/wp-json\/wp\/v2\/product_tag?post=7427"}],"curies":[{"name":"wp","href":"https:\/\/api.w.org\/{rel}","templated":true}]}}